{"id":5831,"date":"2020-11-02T16:24:31","date_gmt":"2020-11-02T15:24:31","guid":{"rendered":"https:\/\/www.salumisorrentino.com\/?post_type=product&#038;p=5831"},"modified":"2022-01-05T08:05:04","modified_gmt":"2022-01-05T07:05:04","slug":"confezione-con-affetto-dallabruzzo-large","status":"publish","type":"product","link":"https:\/\/www.salumisorrentino.com\/fr\/shop\/shop\/confezione-con-affetto-dallabruzzo-large","title":{"rendered":"Salame Corallina 110 cm avec planche \u00e0 d\u00e9couper en bois (Copia)"},"content":{"rendered":"<span id=\"result_box\" class=\"\" lang=\"fr\"><span class=\"\">Un pack sp\u00e9cial pour notre Corallina, dans cette version de 110 cm avec planche \u00e0 d\u00e9couper en bois et une magnifique bo\u00eete!<\/span><\/span><\/p>\n<style type=\"text\/css\">\r\n\t\t\t\t#gallery-1 {\r\n\t\t\t\t\tmargin: auto;\r\n\t\t\t\t}\r\n\t\t\t\t#gallery-1 .gallery-item {\r\n\t\t\t\t\tfloat: left;\r\n\t\t\t\t\tmargin-top: 10px;\r\n\t\t\t\t\ttext-align: center;\r\n\t\t\t\t\twidth: 25%;\r\n\t\t\t\t}\r\n\t\t\t\t#gallery-1 .gallery-caption {\r\n\t\t\t\t\tmargin-left: 0;\r\n\t\t\t\t}\r\n\t\t\t<\/style><!-- see gallery_shortcode() in wp-includes\/media.php -->\r\n\t\t\t\n\t\t<div id=\"gallery-1\" class=\"gallery galleryid-5831 mfp-gallery mfp-gallery--images gallery-columns-4 gallery-size-thumbnail\"><div class=\"row zn_image_gallery \"><div class=\"col-sm-6 col-md-4 col-lg-3\"><a href=\"https:\/\/www.salumisorrentino.com\/wp-content\/uploads\/2017\/11\/1230ST-SALAME-CORALLINA-LUNGA-110-CM.TAGLIERE.jpg\" title=\"\" class=\"hoverBorder\"><img loading=\"lazy\" decoding=\"async\" width=\"180\" height=\"180\" src=\"https:\/\/www.salumisorrentino.com\/wp-content\/uploads\/2017\/11\/1230ST-SALAME-CORALLINA-LUNGA-110-CM.TAGLIERE-180x180.jpg\" class=\"attachment-thumbnail size-thumbnail\" alt=\"Acquista anche tu la nostra Corallina lunga, un regalo speciale!\" columns=\"4\" ids=\"4610,4609,4608,4607\" orderby=\"post__in\" include=\"4610,4609,4608,4607\" srcset=\"https:\/\/www.salumisorrentino.com\/wp-content\/uploads\/2017\/11\/1230ST-SALAME-CORALLINA-LUNGA-110-CM.TAGLIERE-180x180.jpg 180w, https:\/\/www.salumisorrentino.com\/wp-content\/uploads\/2017\/11\/1230ST-SALAME-CORALLINA-LUNGA-110-CM.TAGLIERE-300x300.jpg 300w, https:\/\/www.salumisorrentino.com\/wp-content\/uploads\/2017\/11\/1230ST-SALAME-CORALLINA-LUNGA-110-CM.TAGLIERE-100x100.jpg 100w\" sizes=\"auto, (max-width: 180px) 100vw, 180px\" \/><span class=\"gallery_caption\"><\/span><\/a><\/div><div class=\"col-sm-6 col-md-4 col-lg-3\"><a href=\"https:\/\/www.salumisorrentino.com\/wp-content\/uploads\/2017\/11\/1230ST-SALAME-CORALLINA-LUNGA-110-CM.TAGLIERE-5.jpg\" title=\"\" class=\"hoverBorder\"><img loading=\"lazy\" decoding=\"async\" width=\"180\" height=\"180\" src=\"https:\/\/www.salumisorrentino.com\/wp-content\/uploads\/2017\/11\/1230ST-SALAME-CORALLINA-LUNGA-110-CM.TAGLIERE-5-180x180.jpg\" class=\"attachment-thumbnail size-thumbnail\" alt=\"Acquista anche tu la nostra Corallina lunga, un regalo speciale!\" columns=\"4\" ids=\"4610,4609,4608,4607\" orderby=\"post__in\" include=\"4610,4609,4608,4607\" srcset=\"https:\/\/www.salumisorrentino.com\/wp-content\/uploads\/2017\/11\/1230ST-SALAME-CORALLINA-LUNGA-110-CM.TAGLIERE-5-180x180.jpg 180w, https:\/\/www.salumisorrentino.com\/wp-content\/uploads\/2017\/11\/1230ST-SALAME-CORALLINA-LUNGA-110-CM.TAGLIERE-5-300x300.jpg 300w, https:\/\/www.salumisorrentino.com\/wp-content\/uploads\/2017\/11\/1230ST-SALAME-CORALLINA-LUNGA-110-CM.TAGLIERE-5-100x100.jpg 100w\" sizes=\"auto, (max-width: 180px) 100vw, 180px\" \/><span class=\"gallery_caption\"><\/span><\/a><\/div><div class=\"col-sm-6 col-md-4 col-lg-3\"><a href=\"https:\/\/www.salumisorrentino.com\/wp-content\/uploads\/2017\/11\/1230ST-SALAME-CORALLINA-LUNGA-110-CM.TAGLIERE-4.jpg\" title=\"\" class=\"hoverBorder\"><img loading=\"lazy\" decoding=\"async\" width=\"180\" height=\"180\" src=\"https:\/\/www.salumisorrentino.com\/wp-content\/uploads\/2017\/11\/1230ST-SALAME-CORALLINA-LUNGA-110-CM.TAGLIERE-4-180x180.jpg\" class=\"attachment-thumbnail size-thumbnail\" alt=\"Acquista anche tu la nostra Corallina lunga, un regalo speciale!\" columns=\"4\" ids=\"4610,4609,4608,4607\" orderby=\"post__in\" include=\"4610,4609,4608,4607\" srcset=\"https:\/\/www.salumisorrentino.com\/wp-content\/uploads\/2017\/11\/1230ST-SALAME-CORALLINA-LUNGA-110-CM.TAGLIERE-4-180x180.jpg 180w, https:\/\/www.salumisorrentino.com\/wp-content\/uploads\/2017\/11\/1230ST-SALAME-CORALLINA-LUNGA-110-CM.TAGLIERE-4-300x300.jpg 300w, https:\/\/www.salumisorrentino.com\/wp-content\/uploads\/2017\/11\/1230ST-SALAME-CORALLINA-LUNGA-110-CM.TAGLIERE-4-100x100.jpg 100w\" sizes=\"auto, (max-width: 180px) 100vw, 180px\" \/><span class=\"gallery_caption\"><\/span><\/a><\/div><div class=\"col-sm-6 col-md-4 col-lg-3\"><a href=\"https:\/\/www.salumisorrentino.com\/wp-content\/uploads\/2017\/11\/1230ST-SALAME-CORALLINA-LUNGA-110-CM.TAGLIERE-2.jpg\" title=\"\" class=\"hoverBorder\"><img loading=\"lazy\" decoding=\"async\" width=\"180\" height=\"180\" src=\"https:\/\/www.salumisorrentino.com\/wp-content\/uploads\/2017\/11\/1230ST-SALAME-CORALLINA-LUNGA-110-CM.TAGLIERE-2-180x180.jpg\" class=\"attachment-thumbnail size-thumbnail\" alt=\"Acquista anche tu la nostra Corallina lunga, un regalo speciale!\" columns=\"4\" ids=\"4610,4609,4608,4607\" orderby=\"post__in\" include=\"4610,4609,4608,4607\" srcset=\"https:\/\/www.salumisorrentino.com\/wp-content\/uploads\/2017\/11\/1230ST-SALAME-CORALLINA-LUNGA-110-CM.TAGLIERE-2-180x180.jpg 180w, https:\/\/www.salumisorrentino.com\/wp-content\/uploads\/2017\/11\/1230ST-SALAME-CORALLINA-LUNGA-110-CM.TAGLIERE-2-300x300.jpg 300w, https:\/\/www.salumisorrentino.com\/wp-content\/uploads\/2017\/11\/1230ST-SALAME-CORALLINA-LUNGA-110-CM.TAGLIERE-2-100x100.jpg 100w\" sizes=\"auto, (max-width: 180px) 100vw, 180px\" \/><span class=\"gallery_caption\"><\/span><\/a><\/div><\/div><\/div>\n<p>Corallina est un salami d&rsquo;origine Umbria, <strong>bien connu \u00e0 Rome<\/strong>, et depuis l&rsquo;antiquit\u00e9 est un produit li\u00e9 aux <strong>traditions de P\u00e2ques<\/strong>: le matin de la f\u00eate, en fait, les Romains, comme tradition, mangent avec la pizza au fromage typique, oeufs durs et vin rouge!<\/p>\n<p id=\"tw-target-text\" class=\"tw-data-text tw-text-large tw-ta\" dir=\"ltr\" data-placeholder=\"Traduzione\"><span lang=\"fr\">Le Corallina Sorrentino est produit \u00e0 partir de viandes de porc maigres (\u00e9paules et ventres) et \u00e0 la mouture finement est ajout\u00e9 des garde-manger cubiques de graisse: le go\u00fbt final est doux et charnu et il est durci pendant 30 jours.<\/span><\/p>\n<p>Le grand succ\u00e8s de ce produit, initialement li\u00e9 uniquement aux vacances de P\u00e2ques, a \u00e9t\u00e9 \u00e9tendu tout au long de l&rsquo;ann\u00e9e, ce qui en fait <strong>un \u00abclassique\u00bb de notre catalogue<\/strong>.","protected":false},"excerpt":{"rendered":"<p class=\"qtranxs-available-languages-message qtranxs-available-languages-message-fr\">D\u00e9sol\u00e9, cet article est seulement disponible en <a href=\"https:\/\/www.salumisorrentino.com\/it\/wp-json\/wp\/v2\/product\/5831\" class=\"qtranxs-available-language-link qtranxs-available-language-link-it\" title=\"Italiano\">Italiano<\/a>.<\/p>\n","protected":false},"featured_media":5833,"comment_status":"open","ping_status":"closed","template":"","meta":[],"product_brand":[],"product_cat":[374],"product_tag":[239,241,242,243,294],"class_list":{"0":"post-5831","1":"product","2":"type-product","3":"status-publish","4":"has-post-thumbnail","6":"product_cat-shop","7":"product_tag-prodotto-artigianale","8":"product_tag-salame-corallina","9":"product_tag-salame-di-pasqua","10":"product_tag-salame-di-roma","11":"product_tag-salame-corallina-110","13":"first","14":"outofstock","15":"taxable","16":"shipping-taxable","17":"purchasable","18":"product-type-simple","19":"prodpage-style3"},"yoast_head":"<!-- This site is optimized with the Yoast SEO plugin v27.6 - https:\/\/yoast.com\/product\/yoast-seo-wordpress\/ -->\n<title>(Italiano) Salame Corallina 110 cm avec planche \u00e0 d\u00e9couper en bois (Copia) - Salumi Sorrentino<\/title>\n<meta name=\"description\" content=\"(Italiano) Il Salame Corallina 110cm (con tagliere) \u00e8 una confezione speciale del nostro Salame Corallina, in versione lunga da 110 cm con tagliere in legno incluso!\" \/>\n<meta name=\"robots\" content=\"index, follow, max-snippet:-1, max-image-preview:large, max-video-preview:-1\" \/>\n<link rel=\"canonical\" href=\"https:\/\/www.salumisorrentino.com\/shop\/shop\/confezione-con-affetto-dallabruzzo-large\" \/>\n<meta property=\"og:locale\" content=\"fr_FR\" \/>\n<meta property=\"og:type\" content=\"article\" \/>\n<meta property=\"og:title\" content=\"Salame Corallina 110cm (con tagliere)\" \/>\n<meta property=\"og:description\" content=\"Confezione speciale per il nostro Salame Corallina, in questa versione da 110 cm con tagliere in legno incluso e una splendida scatola!\" \/>\n<meta property=\"og:url\" content=\"https:\/\/www.salumisorrentino.com\/shop\/shop\/confezione-con-affetto-dallabruzzo-large\" \/>\n<meta property=\"og:site_name\" content=\"SalumiSorrentino.com\" \/>\n<meta property=\"article:publisher\" content=\"https:\/\/www.facebook.com\/SalumiSorrentino\" \/>\n<meta property=\"article:modified_time\" content=\"2022-01-05T07:05:04+00:00\" \/>\n<meta property=\"og:image\" content=\"https:\/\/www.salumisorrentino.com\/wp-content\/uploads\/2017\/11\/1230ST-SALAME-CORALLINA-LUNGA-110-CM.TAGLIERE-4.jpg\" \/>\n\t<meta property=\"og:image:width\" content=\"1280\" \/>\n\t<meta property=\"og:image:height\" content=\"853\" \/>\n\t<meta property=\"og:image:type\" content=\"image\/jpeg\" \/>\n<meta name=\"twitter:card\" content=\"summary_large_image\" \/>\n<meta name=\"twitter:title\" content=\"Salame Corallina 110cm (con tagliere)\" \/>\n<meta name=\"twitter:description\" content=\"Confezione speciale per il nostro Salame Corallina, in questa versione da 110 cm con tagliere in legno incluso e una splendida scatola!\" \/>\n<meta name=\"twitter:image\" content=\"https:\/\/www.salumisorrentino.com\/wp-content\/uploads\/2017\/11\/1230ST-SALAME-CORALLINA-LUNGA-110-CM.TAGLIERE-4.jpg\" \/>\n<meta name=\"twitter:label1\" content=\"Dur\u00e9e de lecture estim\u00e9e\" \/>\n\t<meta name=\"twitter:data1\" content=\"3 minutes\" \/>\n<script type=\"application\/ld+json\" class=\"yoast-schema-graph\">{\"@context\":\"https:\\\/\\\/schema.org\",\"@graph\":[{\"@type\":\"WebPage\",\"@id\":\"https:\\\/\\\/www.salumisorrentino.com\\\/shop\\\/shop\\\/confezione-con-affetto-dallabruzzo-large\",\"url\":\"https:\\\/\\\/www.salumisorrentino.com\\\/shop\\\/shop\\\/confezione-con-affetto-dallabruzzo-large\",\"name\":\"[:it]Salame Corallina 110 cm avec planche \u00e0 d\u00e9couper en bois (Copia) - Salumi Sorrentino[:]\",\"isPartOf\":{\"@id\":\"https:\\\/\\\/www.salumisorrentino.com\\\/de\\\/#website\"},\"primaryImageOfPage\":{\"@id\":\"https:\\\/\\\/www.salumisorrentino.com\\\/shop\\\/shop\\\/confezione-con-affetto-dallabruzzo-large#primaryimage\"},\"image\":{\"@id\":\"https:\\\/\\\/www.salumisorrentino.com\\\/shop\\\/shop\\\/confezione-con-affetto-dallabruzzo-large#primaryimage\"},\"thumbnailUrl\":\"https:\\\/\\\/www.salumisorrentino.com\\\/wp-content\\\/uploads\\\/2020\\\/11\\\/Con-Affetto-Large-ecommerce.jpg\",\"datePublished\":\"2020-11-02T15:24:31+00:00\",\"dateModified\":\"2022-01-05T07:05:04+00:00\",\"description\":\"{:it}Il Salame Corallina 110cm (con tagliere) \u00e8 una confezione speciale del nostro Salame Corallina, in versione lunga da 110 cm con tagliere in legno incluso!{:}\",\"breadcrumb\":{\"@id\":\"https:\\\/\\\/www.salumisorrentino.com\\\/shop\\\/shop\\\/confezione-con-affetto-dallabruzzo-large#breadcrumb\"},\"inLanguage\":\"fr-FR\",\"potentialAction\":[{\"@type\":\"ReadAction\",\"target\":[\"https:\\\/\\\/www.salumisorrentino.com\\\/shop\\\/shop\\\/confezione-con-affetto-dallabruzzo-large\"]}]},{\"@type\":\"ImageObject\",\"inLanguage\":\"fr-FR\",\"@id\":\"https:\\\/\\\/www.salumisorrentino.com\\\/shop\\\/shop\\\/confezione-con-affetto-dallabruzzo-large#primaryimage\",\"url\":\"https:\\\/\\\/www.salumisorrentino.com\\\/wp-content\\\/uploads\\\/2020\\\/11\\\/Con-Affetto-Large-ecommerce.jpg\",\"contentUrl\":\"https:\\\/\\\/www.salumisorrentino.com\\\/wp-content\\\/uploads\\\/2020\\\/11\\\/Con-Affetto-Large-ecommerce.jpg\",\"width\":1472,\"height\":1008,\"caption\":\"Confezione regalo \\\"Con Affetto dall'Abruzzo\\\"\"},{\"@type\":\"BreadcrumbList\",\"@id\":\"https:\\\/\\\/www.salumisorrentino.com\\\/shop\\\/shop\\\/confezione-con-affetto-dallabruzzo-large#breadcrumb\",\"itemListElement\":[{\"@type\":\"ListItem\",\"position\":1,\"name\":\"Home\",\"item\":\"https:\\\/\\\/www.salumisorrentino.com\\\/\"},{\"@type\":\"ListItem\",\"position\":2,\"name\":\"SHOP\",\"item\":\"https:\\\/\\\/www.salumisorrentino.com\\\/shop\"},{\"@type\":\"ListItem\",\"position\":3,\"name\":\"[:it]Confezione &#8220;Con Affetto dall&#8217;Abruzzo&#8221; Large[:fr]Salame Corallina 110 cm avec planche \u00e0 d\u00e9couper en bois (Copia)[:en]Salame Corallina 110 cm with wooden chopping board (Copia)[:de]Salame Corallina 110 cm mit Holzschneidebrett (Copia)[:]\"}]},{\"@type\":\"WebSite\",\"@id\":\"https:\\\/\\\/www.salumisorrentino.com\\\/de\\\/#website\",\"url\":\"https:\\\/\\\/www.salumisorrentino.com\\\/de\\\/\",\"name\":\"SalumiSorrentino.com\",\"description\":\"Salumificio Sorrentino | Bont\u00e9 \u00e0 mordre!\",\"publisher\":{\"@id\":\"https:\\\/\\\/www.salumisorrentino.com\\\/de\\\/#organization\"},\"potentialAction\":[{\"@type\":\"SearchAction\",\"target\":{\"@type\":\"EntryPoint\",\"urlTemplate\":\"https:\\\/\\\/www.salumisorrentino.com\\\/de\\\/?s={search_term_string}\"},\"query-input\":{\"@type\":\"PropertyValueSpecification\",\"valueRequired\":true,\"valueName\":\"search_term_string\"}}],\"inLanguage\":\"fr-FR\"},{\"@type\":\"Organization\",\"@id\":\"https:\\\/\\\/www.salumisorrentino.com\\\/de\\\/#organization\",\"name\":\"Salumificio Sorrentino SRL\",\"url\":\"https:\\\/\\\/www.salumisorrentino.com\\\/de\\\/\",\"logo\":{\"@type\":\"ImageObject\",\"inLanguage\":\"fr-FR\",\"@id\":\"https:\\\/\\\/www.salumisorrentino.com\\\/de\\\/#\\\/schema\\\/logo\\\/image\\\/\",\"url\":\"https:\\\/\\\/www.salumisorrentino.com\\\/wp-content\\\/uploads\\\/2017\\\/03\\\/salumisorrentino_logo4.png\",\"contentUrl\":\"https:\\\/\\\/www.salumisorrentino.com\\\/wp-content\\\/uploads\\\/2017\\\/03\\\/salumisorrentino_logo4.png\",\"width\":237,\"height\":150,\"caption\":\"Salumificio Sorrentino SRL\"},\"image\":{\"@id\":\"https:\\\/\\\/www.salumisorrentino.com\\\/de\\\/#\\\/schema\\\/logo\\\/image\\\/\"},\"sameAs\":[\"https:\\\/\\\/www.facebook.com\\\/SalumiSorrentino\",\"https:\\\/\\\/www.instagram.com\\\/salumificiosorrentino\\\/\",\"https:\\\/\\\/www.youtube.com\\\/channel\\\/UC_gMQgCayZuMysAxrDx4lNA\"]}]}<\/script>\n<!-- \/ Yoast SEO plugin. -->","yoast_head_json":{"title":"(Italiano) Salame Corallina 110 cm avec planche \u00e0 d\u00e9couper en bois (Copia) - Salumi Sorrentino","description":"(Italiano) Il Salame Corallina 110cm (con tagliere) \u00e8 una confezione speciale del nostro Salame Corallina, in versione lunga da 110 cm con tagliere in legno incluso!","robots":{"index":"index","follow":"follow","max-snippet":"max-snippet:-1","max-image-preview":"max-image-preview:large","max-video-preview":"max-video-preview:-1"},"canonical":"https:\/\/www.salumisorrentino.com\/shop\/shop\/confezione-con-affetto-dallabruzzo-large","og_locale":"fr_FR","og_type":"article","og_title":"Salame Corallina 110cm (con tagliere)","og_description":"Confezione speciale per il nostro Salame Corallina, in questa versione da 110 cm con tagliere in legno incluso e una splendida scatola!","og_url":"https:\/\/www.salumisorrentino.com\/shop\/shop\/confezione-con-affetto-dallabruzzo-large","og_site_name":"SalumiSorrentino.com","article_publisher":"https:\/\/www.facebook.com\/SalumiSorrentino","article_modified_time":"2022-01-05T07:05:04+00:00","og_image":[{"width":1280,"height":853,"url":"https:\/\/www.salumisorrentino.com\/wp-content\/uploads\/2017\/11\/1230ST-SALAME-CORALLINA-LUNGA-110-CM.TAGLIERE-4.jpg","type":"image\/jpeg"}],"twitter_card":"summary_large_image","twitter_title":"Salame Corallina 110cm (con tagliere)","twitter_description":"Confezione speciale per il nostro Salame Corallina, in questa versione da 110 cm con tagliere in legno incluso e una splendida scatola!","twitter_image":"https:\/\/www.salumisorrentino.com\/wp-content\/uploads\/2017\/11\/1230ST-SALAME-CORALLINA-LUNGA-110-CM.TAGLIERE-4.jpg","twitter_misc":{"Dur\u00e9e de lecture estim\u00e9e":"3 minutes"},"schema":{"@context":"https:\/\/schema.org","@graph":[{"@type":"WebPage","@id":"https:\/\/www.salumisorrentino.com\/shop\/shop\/confezione-con-affetto-dallabruzzo-large","url":"https:\/\/www.salumisorrentino.com\/shop\/shop\/confezione-con-affetto-dallabruzzo-large","name":"[:it]Salame Corallina 110 cm avec planche \u00e0 d\u00e9couper en bois (Copia) - Salumi Sorrentino[:]","isPartOf":{"@id":"https:\/\/www.salumisorrentino.com\/de\/#website"},"primaryImageOfPage":{"@id":"https:\/\/www.salumisorrentino.com\/shop\/shop\/confezione-con-affetto-dallabruzzo-large#primaryimage"},"image":{"@id":"https:\/\/www.salumisorrentino.com\/shop\/shop\/confezione-con-affetto-dallabruzzo-large#primaryimage"},"thumbnailUrl":"https:\/\/www.salumisorrentino.com\/wp-content\/uploads\/2020\/11\/Con-Affetto-Large-ecommerce.jpg","datePublished":"2020-11-02T15:24:31+00:00","dateModified":"2022-01-05T07:05:04+00:00","description":"{:it}Il Salame Corallina 110cm (con tagliere) \u00e8 una confezione speciale del nostro Salame Corallina, in versione lunga da 110 cm con tagliere in legno incluso!{:}","breadcrumb":{"@id":"https:\/\/www.salumisorrentino.com\/shop\/shop\/confezione-con-affetto-dallabruzzo-large#breadcrumb"},"inLanguage":"fr-FR","potentialAction":[{"@type":"ReadAction","target":["https:\/\/www.salumisorrentino.com\/shop\/shop\/confezione-con-affetto-dallabruzzo-large"]}]},{"@type":"ImageObject","inLanguage":"fr-FR","@id":"https:\/\/www.salumisorrentino.com\/shop\/shop\/confezione-con-affetto-dallabruzzo-large#primaryimage","url":"https:\/\/www.salumisorrentino.com\/wp-content\/uploads\/2020\/11\/Con-Affetto-Large-ecommerce.jpg","contentUrl":"https:\/\/www.salumisorrentino.com\/wp-content\/uploads\/2020\/11\/Con-Affetto-Large-ecommerce.jpg","width":1472,"height":1008,"caption":"Confezione regalo \"Con Affetto dall'Abruzzo\""},{"@type":"BreadcrumbList","@id":"https:\/\/www.salumisorrentino.com\/shop\/shop\/confezione-con-affetto-dallabruzzo-large#breadcrumb","itemListElement":[{"@type":"ListItem","position":1,"name":"Home","item":"https:\/\/www.salumisorrentino.com\/"},{"@type":"ListItem","position":2,"name":"SHOP","item":"https:\/\/www.salumisorrentino.com\/shop"},{"@type":"ListItem","position":3,"name":"[:it]Confezione &#8220;Con Affetto dall&#8217;Abruzzo&#8221; Large[:fr]Salame Corallina 110 cm avec planche \u00e0 d\u00e9couper en bois (Copia)[:en]Salame Corallina 110 cm with wooden chopping board (Copia)[:de]Salame Corallina 110 cm mit Holzschneidebrett (Copia)[:]"}]},{"@type":"WebSite","@id":"https:\/\/www.salumisorrentino.com\/de\/#website","url":"https:\/\/www.salumisorrentino.com\/de\/","name":"SalumiSorrentino.com","description":"Salumificio Sorrentino | Bont\u00e9 \u00e0 mordre!","publisher":{"@id":"https:\/\/www.salumisorrentino.com\/de\/#organization"},"potentialAction":[{"@type":"SearchAction","target":{"@type":"EntryPoint","urlTemplate":"https:\/\/www.salumisorrentino.com\/de\/?s={search_term_string}"},"query-input":{"@type":"PropertyValueSpecification","valueRequired":true,"valueName":"search_term_string"}}],"inLanguage":"fr-FR"},{"@type":"Organization","@id":"https:\/\/www.salumisorrentino.com\/de\/#organization","name":"Salumificio Sorrentino SRL","url":"https:\/\/www.salumisorrentino.com\/de\/","logo":{"@type":"ImageObject","inLanguage":"fr-FR","@id":"https:\/\/www.salumisorrentino.com\/de\/#\/schema\/logo\/image\/","url":"https:\/\/www.salumisorrentino.com\/wp-content\/uploads\/2017\/03\/salumisorrentino_logo4.png","contentUrl":"https:\/\/www.salumisorrentino.com\/wp-content\/uploads\/2017\/03\/salumisorrentino_logo4.png","width":237,"height":150,"caption":"Salumificio Sorrentino SRL"},"image":{"@id":"https:\/\/www.salumisorrentino.com\/de\/#\/schema\/logo\/image\/"},"sameAs":["https:\/\/www.facebook.com\/SalumiSorrentino","https:\/\/www.instagram.com\/salumificiosorrentino\/","https:\/\/www.youtube.com\/channel\/UC_gMQgCayZuMysAxrDx4lNA"]}]}},"_links":{"self":[{"href":"https:\/\/www.salumisorrentino.com\/fr\/wp-json\/wp\/v2\/product\/5831","targetHints":{"allow":["GET"]}}],"collection":[{"href":"https:\/\/www.salumisorrentino.com\/fr\/wp-json\/wp\/v2\/product"}],"about":[{"href":"https:\/\/www.salumisorrentino.com\/fr\/wp-json\/wp\/v2\/types\/product"}],"replies":[{"embeddable":true,"href":"https:\/\/www.salumisorrentino.com\/fr\/wp-json\/wp\/v2\/comments?post=5831"}],"wp:featuredmedia":[{"embeddable":true,"href":"https:\/\/www.salumisorrentino.com\/fr\/wp-json\/wp\/v2\/media\/5833"}],"wp:attachment":[{"href":"https:\/\/www.salumisorrentino.com\/fr\/wp-json\/wp\/v2\/media?parent=5831"}],"wp:term":[{"taxonomy":"product_brand","embeddable":true,"href":"https:\/\/www.salumisorrentino.com\/fr\/wp-json\/wp\/v2\/product_brand?post=5831"},{"taxonomy":"product_cat","embeddable":true,"href":"https:\/\/www.salumisorrentino.com\/fr\/wp-json\/wp\/v2\/product_cat?post=5831"},{"taxonomy":"product_tag","embeddable":true,"href":"https:\/\/www.salumisorrentino.com\/fr\/wp-json\/wp\/v2\/product_tag?post=5831"}],"curies":[{"name":"wp","href":"https:\/\/api.w.org\/{rel}","templated":true}]}}