{"id":5396,"date":"2020-04-08T18:12:42","date_gmt":"2020-04-08T16:12:42","guid":{"rendered":"https:\/\/www.salumisorrentino.com\/?post_type=product&#038;p=5396"},"modified":"2022-01-31T15:30:34","modified_gmt":"2022-01-31T14:30:34","slug":"spianata-piccante-1200kg","status":"publish","type":"product","link":"https:\/\/www.salumisorrentino.com\/fr\/shop\/shop\/spianata-piccante-1200kg","title":{"rendered":"Spianata Piquant"},"content":{"rendered":"<p id=\"tw-target-text\" class=\"tw-data-text tw-text-large tw-ta\" dir=\"ltr\" data-placeholder=\"Traduzione\"><span lang=\"fr\">La spianata \u00e9pic\u00e9e chaude a une forme plate typique, emball\u00e9e dans une enveloppe synth\u00e9tique et faite avec de la viande maigre s\u00e9lectionn\u00e9e.<br \/>\nGo\u00fbt \u00e9pic\u00e9, saveur forte pour les vrais connaisseurs.<\/span><\/p>\n<p class=\"tw-data-text tw-text-large tw-ta\" dir=\"ltr\" data-placeholder=\"Traduzione\"><span lang=\"fr\"><strong>Emball\u00e9 sous vide, 1,2 Kg.<\/strong><\/span><\/p>\n<p dir=\"ltr\" data-placeholder=\"Traduzione\"><img loading=\"lazy\" decoding=\"async\" class=\"wp-image-5398 aligncenter\" src=\"https:\/\/www.salumisorrentino.com\/wp-content\/uploads\/2017\/02\/1261-Spianata-Piccante-low-res-scaled.jpg\" alt=\"\" width=\"563\" height=\"375\" srcset=\"https:\/\/www.salumisorrentino.com\/wp-content\/uploads\/2017\/02\/1261-Spianata-Piccante-low-res-scaled.jpg 2560w, https:\/\/www.salumisorrentino.com\/wp-content\/uploads\/2017\/02\/1261-Spianata-Piccante-low-res-300x200.jpg 300w, https:\/\/www.salumisorrentino.com\/wp-content\/uploads\/2017\/02\/1261-Spianata-Piccante-low-res-1024x683.jpg 1024w, https:\/\/www.salumisorrentino.com\/wp-content\/uploads\/2017\/02\/1261-Spianata-Piccante-low-res-768x512.jpg 768w, https:\/\/www.salumisorrentino.com\/wp-content\/uploads\/2017\/02\/1261-Spianata-Piccante-low-res-1536x1024.jpg 1536w, https:\/\/www.salumisorrentino.com\/wp-content\/uploads\/2017\/02\/1261-Spianata-Piccante-low-res-2048x1365.jpg 2048w, https:\/\/www.salumisorrentino.com\/wp-content\/uploads\/2017\/02\/1261-Spianata-Piccante-low-res-280x187.jpg 280w, https:\/\/www.salumisorrentino.com\/wp-content\/uploads\/2017\/02\/1261-Spianata-Piccante-low-res-1170x780.jpg 1170w, https:\/\/www.salumisorrentino.com\/wp-content\/uploads\/2017\/02\/1261-Spianata-Piccante-low-res-980x653.jpg 980w\" sizes=\"auto, (max-width: 563px) 100vw, 563px\" \/><\/p>","protected":false},"excerpt":{"rendered":"<p class=\"qtranxs-available-languages-message qtranxs-available-languages-message-fr\">D\u00e9sol\u00e9, cet article est seulement disponible en <a href=\"https:\/\/www.salumisorrentino.com\/it\/wp-json\/wp\/v2\/product\/5396\" class=\"qtranxs-available-language-link qtranxs-available-language-link-it\" title=\"Italiano\">Italiano<\/a>.<\/p>\n","protected":false},"featured_media":5397,"comment_status":"open","ping_status":"closed","template":"","meta":[],"product_brand":[],"product_cat":[374],"product_tag":[304,305],"class_list":{"0":"post-5396","1":"product","2":"type-product","3":"status-publish","4":"has-post-thumbnail","6":"product_cat-shop","7":"product_tag-spianata-piccante","8":"product_tag-hot-spicy-spianata","10":"first","11":"outofstock","12":"taxable","13":"shipping-taxable","14":"purchasable","15":"product-type-simple","16":"prodpage-style3"},"yoast_head":"<!-- This site is optimized with the Yoast SEO plugin v27.6 - https:\/\/yoast.com\/product\/yoast-seo-wordpress\/ -->\n<title>(Italiano) Spianata Piquant - SalumiSorrentino.com | Acquistala online!<\/title>\n<meta name=\"description\" content=\"(Italiano) La nostra Spianata Piccante \u00e8 un tipico prodotto da taglio di forma piatta. Insaccata in budello sintetico \u00e8 realizzato con carni magre di prima scelta.\" \/>\n<meta name=\"robots\" content=\"index, follow, max-snippet:-1, max-image-preview:large, max-video-preview:-1\" \/>\n<link rel=\"canonical\" href=\"https:\/\/www.salumisorrentino.com\/shop\/shop\/spianata-piccante-1200kg\" \/>\n<meta property=\"og:locale\" content=\"fr_FR\" \/>\n<meta property=\"og:type\" content=\"article\" \/>\n<meta property=\"og:title\" content=\"Spianata Piccante\" \/>\n<meta property=\"og:description\" content=\"La nostra Spianata Piccante \u00e8 un tipico prodotto da taglio di forma piatta. Insaccata in budello sintetico \u00e8 realizzato con carni magre di prima scelta.\" \/>\n<meta property=\"og:url\" content=\"https:\/\/www.salumisorrentino.com\/shop\/shop\/spianata-piccante-1200kg\" \/>\n<meta property=\"og:site_name\" content=\"SalumiSorrentino.com\" \/>\n<meta property=\"article:publisher\" content=\"https:\/\/www.facebook.com\/SalumiSorrentino\" \/>\n<meta property=\"article:modified_time\" content=\"2022-01-31T14:30:34+00:00\" \/>\n<meta property=\"og:image\" content=\"https:\/\/www.salumisorrentino.com\/wp-content\/uploads\/2020\/04\/1261SV-Spianata-Piccante-met\u00e0-sv-scaled.jpg\" \/>\n\t<meta property=\"og:image:width\" content=\"2560\" \/>\n\t<meta property=\"og:image:height\" content=\"2109\" \/>\n\t<meta property=\"og:image:type\" content=\"image\/jpeg\" \/>\n<meta name=\"twitter:card\" content=\"summary_large_image\" \/>\n<meta name=\"twitter:title\" content=\"Spianata Piccante\" \/>\n<meta name=\"twitter:description\" content=\"La nostra Spianata Piccante \u00e8 un tipico prodotto da taglio di forma piatta. Insaccata in budello sintetico \u00e8 realizzato con carni magre di prima scelta.\" \/>\n<meta name=\"twitter:image\" content=\"https:\/\/www.salumisorrentino.com\/wp-content\/uploads\/2020\/04\/1261SV-Spianata-Piccante-met\u00e0-sv-scaled.jpg\" \/>\n<meta name=\"twitter:label1\" content=\"Dur\u00e9e de lecture estim\u00e9e\" \/>\n\t<meta name=\"twitter:data1\" content=\"1 minute\" \/>\n<script type=\"application\/ld+json\" class=\"yoast-schema-graph\">{\"@context\":\"https:\\\/\\\/schema.org\",\"@graph\":[{\"@type\":\"WebPage\",\"@id\":\"https:\\\/\\\/www.salumisorrentino.com\\\/shop\\\/shop\\\/spianata-piccante-1200kg\",\"url\":\"https:\\\/\\\/www.salumisorrentino.com\\\/shop\\\/shop\\\/spianata-piccante-1200kg\",\"name\":\"[:it]Spianata Piquant - SalumiSorrentino.com | Acquistala online![:]\",\"isPartOf\":{\"@id\":\"https:\\\/\\\/www.salumisorrentino.com\\\/de\\\/#website\"},\"primaryImageOfPage\":{\"@id\":\"https:\\\/\\\/www.salumisorrentino.com\\\/shop\\\/shop\\\/spianata-piccante-1200kg#primaryimage\"},\"image\":{\"@id\":\"https:\\\/\\\/www.salumisorrentino.com\\\/shop\\\/shop\\\/spianata-piccante-1200kg#primaryimage\"},\"thumbnailUrl\":\"https:\\\/\\\/www.salumisorrentino.com\\\/wp-content\\\/uploads\\\/2020\\\/04\\\/1261SV-Spianata-Piccante-met\u00e0-sv-scaled.jpg\",\"datePublished\":\"2020-04-08T16:12:42+00:00\",\"dateModified\":\"2022-01-31T14:30:34+00:00\",\"description\":\"{:it}La nostra Spianata Piccante \u00e8 un tipico prodotto da taglio di forma piatta. Insaccata in budello sintetico \u00e8 realizzato con carni magre di prima scelta.{:}\",\"breadcrumb\":{\"@id\":\"https:\\\/\\\/www.salumisorrentino.com\\\/shop\\\/shop\\\/spianata-piccante-1200kg#breadcrumb\"},\"inLanguage\":\"fr-FR\",\"potentialAction\":[{\"@type\":\"ReadAction\",\"target\":[\"https:\\\/\\\/www.salumisorrentino.com\\\/shop\\\/shop\\\/spianata-piccante-1200kg\"]}]},{\"@type\":\"ImageObject\",\"inLanguage\":\"fr-FR\",\"@id\":\"https:\\\/\\\/www.salumisorrentino.com\\\/shop\\\/shop\\\/spianata-piccante-1200kg#primaryimage\",\"url\":\"https:\\\/\\\/www.salumisorrentino.com\\\/wp-content\\\/uploads\\\/2020\\\/04\\\/1261SV-Spianata-Piccante-met\u00e0-sv-scaled.jpg\",\"contentUrl\":\"https:\\\/\\\/www.salumisorrentino.com\\\/wp-content\\\/uploads\\\/2020\\\/04\\\/1261SV-Spianata-Piccante-met\u00e0-sv-scaled.jpg\",\"width\":2560,\"height\":2109,\"caption\":\"Acquista la nostra Spianata Piccante. Clicca e scopri il nostro shop online!\"},{\"@type\":\"BreadcrumbList\",\"@id\":\"https:\\\/\\\/www.salumisorrentino.com\\\/shop\\\/shop\\\/spianata-piccante-1200kg#breadcrumb\",\"itemListElement\":[{\"@type\":\"ListItem\",\"position\":1,\"name\":\"Home\",\"item\":\"https:\\\/\\\/www.salumisorrentino.com\\\/\"},{\"@type\":\"ListItem\",\"position\":2,\"name\":\"SHOP\",\"item\":\"https:\\\/\\\/www.salumisorrentino.com\\\/shop\"},{\"@type\":\"ListItem\",\"position\":3,\"name\":\"[:it]Spianata Piccante[:fr]Spianata Piquant[:en]Hot Spicy Spianata [:de]Spianata Piccante Wurzig [:]\"}]},{\"@type\":\"WebSite\",\"@id\":\"https:\\\/\\\/www.salumisorrentino.com\\\/de\\\/#website\",\"url\":\"https:\\\/\\\/www.salumisorrentino.com\\\/de\\\/\",\"name\":\"SalumiSorrentino.com\",\"description\":\"Salumificio Sorrentino | Bont\u00e9 \u00e0 mordre!\",\"publisher\":{\"@id\":\"https:\\\/\\\/www.salumisorrentino.com\\\/de\\\/#organization\"},\"potentialAction\":[{\"@type\":\"SearchAction\",\"target\":{\"@type\":\"EntryPoint\",\"urlTemplate\":\"https:\\\/\\\/www.salumisorrentino.com\\\/de\\\/?s={search_term_string}\"},\"query-input\":{\"@type\":\"PropertyValueSpecification\",\"valueRequired\":true,\"valueName\":\"search_term_string\"}}],\"inLanguage\":\"fr-FR\"},{\"@type\":\"Organization\",\"@id\":\"https:\\\/\\\/www.salumisorrentino.com\\\/de\\\/#organization\",\"name\":\"Salumificio Sorrentino SRL\",\"url\":\"https:\\\/\\\/www.salumisorrentino.com\\\/de\\\/\",\"logo\":{\"@type\":\"ImageObject\",\"inLanguage\":\"fr-FR\",\"@id\":\"https:\\\/\\\/www.salumisorrentino.com\\\/de\\\/#\\\/schema\\\/logo\\\/image\\\/\",\"url\":\"https:\\\/\\\/www.salumisorrentino.com\\\/wp-content\\\/uploads\\\/2017\\\/03\\\/salumisorrentino_logo4.png\",\"contentUrl\":\"https:\\\/\\\/www.salumisorrentino.com\\\/wp-content\\\/uploads\\\/2017\\\/03\\\/salumisorrentino_logo4.png\",\"width\":237,\"height\":150,\"caption\":\"Salumificio Sorrentino SRL\"},\"image\":{\"@id\":\"https:\\\/\\\/www.salumisorrentino.com\\\/de\\\/#\\\/schema\\\/logo\\\/image\\\/\"},\"sameAs\":[\"https:\\\/\\\/www.facebook.com\\\/SalumiSorrentino\",\"https:\\\/\\\/www.instagram.com\\\/salumificiosorrentino\\\/\",\"https:\\\/\\\/www.youtube.com\\\/channel\\\/UC_gMQgCayZuMysAxrDx4lNA\"]}]}<\/script>\n<!-- \/ Yoast SEO plugin. -->","yoast_head_json":{"title":"(Italiano) Spianata Piquant - SalumiSorrentino.com | Acquistala online!","description":"(Italiano) La nostra Spianata Piccante \u00e8 un tipico prodotto da taglio di forma piatta. Insaccata in budello sintetico \u00e8 realizzato con carni magre di prima scelta.","robots":{"index":"index","follow":"follow","max-snippet":"max-snippet:-1","max-image-preview":"max-image-preview:large","max-video-preview":"max-video-preview:-1"},"canonical":"https:\/\/www.salumisorrentino.com\/shop\/shop\/spianata-piccante-1200kg","og_locale":"fr_FR","og_type":"article","og_title":"Spianata Piccante","og_description":"La nostra Spianata Piccante \u00e8 un tipico prodotto da taglio di forma piatta. Insaccata in budello sintetico \u00e8 realizzato con carni magre di prima scelta.","og_url":"https:\/\/www.salumisorrentino.com\/shop\/shop\/spianata-piccante-1200kg","og_site_name":"SalumiSorrentino.com","article_publisher":"https:\/\/www.facebook.com\/SalumiSorrentino","article_modified_time":"2022-01-31T14:30:34+00:00","og_image":[{"width":2560,"height":2109,"url":"https:\/\/www.salumisorrentino.com\/wp-content\/uploads\/2020\/04\/1261SV-Spianata-Piccante-met\u00e0-sv-scaled.jpg","type":"image\/jpeg"}],"twitter_card":"summary_large_image","twitter_title":"Spianata Piccante","twitter_description":"La nostra Spianata Piccante \u00e8 un tipico prodotto da taglio di forma piatta. Insaccata in budello sintetico \u00e8 realizzato con carni magre di prima scelta.","twitter_image":"https:\/\/www.salumisorrentino.com\/wp-content\/uploads\/2020\/04\/1261SV-Spianata-Piccante-met\u00e0-sv-scaled.jpg","twitter_misc":{"Dur\u00e9e de lecture estim\u00e9e":"1 minute"},"schema":{"@context":"https:\/\/schema.org","@graph":[{"@type":"WebPage","@id":"https:\/\/www.salumisorrentino.com\/shop\/shop\/spianata-piccante-1200kg","url":"https:\/\/www.salumisorrentino.com\/shop\/shop\/spianata-piccante-1200kg","name":"[:it]Spianata Piquant - SalumiSorrentino.com | Acquistala online![:]","isPartOf":{"@id":"https:\/\/www.salumisorrentino.com\/de\/#website"},"primaryImageOfPage":{"@id":"https:\/\/www.salumisorrentino.com\/shop\/shop\/spianata-piccante-1200kg#primaryimage"},"image":{"@id":"https:\/\/www.salumisorrentino.com\/shop\/shop\/spianata-piccante-1200kg#primaryimage"},"thumbnailUrl":"https:\/\/www.salumisorrentino.com\/wp-content\/uploads\/2020\/04\/1261SV-Spianata-Piccante-met\u00e0-sv-scaled.jpg","datePublished":"2020-04-08T16:12:42+00:00","dateModified":"2022-01-31T14:30:34+00:00","description":"{:it}La nostra Spianata Piccante \u00e8 un tipico prodotto da taglio di forma piatta. Insaccata in budello sintetico \u00e8 realizzato con carni magre di prima scelta.{:}","breadcrumb":{"@id":"https:\/\/www.salumisorrentino.com\/shop\/shop\/spianata-piccante-1200kg#breadcrumb"},"inLanguage":"fr-FR","potentialAction":[{"@type":"ReadAction","target":["https:\/\/www.salumisorrentino.com\/shop\/shop\/spianata-piccante-1200kg"]}]},{"@type":"ImageObject","inLanguage":"fr-FR","@id":"https:\/\/www.salumisorrentino.com\/shop\/shop\/spianata-piccante-1200kg#primaryimage","url":"https:\/\/www.salumisorrentino.com\/wp-content\/uploads\/2020\/04\/1261SV-Spianata-Piccante-met\u00e0-sv-scaled.jpg","contentUrl":"https:\/\/www.salumisorrentino.com\/wp-content\/uploads\/2020\/04\/1261SV-Spianata-Piccante-met\u00e0-sv-scaled.jpg","width":2560,"height":2109,"caption":"Acquista la nostra Spianata Piccante. Clicca e scopri il nostro shop online!"},{"@type":"BreadcrumbList","@id":"https:\/\/www.salumisorrentino.com\/shop\/shop\/spianata-piccante-1200kg#breadcrumb","itemListElement":[{"@type":"ListItem","position":1,"name":"Home","item":"https:\/\/www.salumisorrentino.com\/"},{"@type":"ListItem","position":2,"name":"SHOP","item":"https:\/\/www.salumisorrentino.com\/shop"},{"@type":"ListItem","position":3,"name":"[:it]Spianata Piccante[:fr]Spianata Piquant[:en]Hot Spicy Spianata [:de]Spianata Piccante Wurzig [:]"}]},{"@type":"WebSite","@id":"https:\/\/www.salumisorrentino.com\/de\/#website","url":"https:\/\/www.salumisorrentino.com\/de\/","name":"SalumiSorrentino.com","description":"Salumificio Sorrentino | Bont\u00e9 \u00e0 mordre!","publisher":{"@id":"https:\/\/www.salumisorrentino.com\/de\/#organization"},"potentialAction":[{"@type":"SearchAction","target":{"@type":"EntryPoint","urlTemplate":"https:\/\/www.salumisorrentino.com\/de\/?s={search_term_string}"},"query-input":{"@type":"PropertyValueSpecification","valueRequired":true,"valueName":"search_term_string"}}],"inLanguage":"fr-FR"},{"@type":"Organization","@id":"https:\/\/www.salumisorrentino.com\/de\/#organization","name":"Salumificio Sorrentino SRL","url":"https:\/\/www.salumisorrentino.com\/de\/","logo":{"@type":"ImageObject","inLanguage":"fr-FR","@id":"https:\/\/www.salumisorrentino.com\/de\/#\/schema\/logo\/image\/","url":"https:\/\/www.salumisorrentino.com\/wp-content\/uploads\/2017\/03\/salumisorrentino_logo4.png","contentUrl":"https:\/\/www.salumisorrentino.com\/wp-content\/uploads\/2017\/03\/salumisorrentino_logo4.png","width":237,"height":150,"caption":"Salumificio Sorrentino SRL"},"image":{"@id":"https:\/\/www.salumisorrentino.com\/de\/#\/schema\/logo\/image\/"},"sameAs":["https:\/\/www.facebook.com\/SalumiSorrentino","https:\/\/www.instagram.com\/salumificiosorrentino\/","https:\/\/www.youtube.com\/channel\/UC_gMQgCayZuMysAxrDx4lNA"]}]}},"_links":{"self":[{"href":"https:\/\/www.salumisorrentino.com\/fr\/wp-json\/wp\/v2\/product\/5396","targetHints":{"allow":["GET"]}}],"collection":[{"href":"https:\/\/www.salumisorrentino.com\/fr\/wp-json\/wp\/v2\/product"}],"about":[{"href":"https:\/\/www.salumisorrentino.com\/fr\/wp-json\/wp\/v2\/types\/product"}],"replies":[{"embeddable":true,"href":"https:\/\/www.salumisorrentino.com\/fr\/wp-json\/wp\/v2\/comments?post=5396"}],"wp:featuredmedia":[{"embeddable":true,"href":"https:\/\/www.salumisorrentino.com\/fr\/wp-json\/wp\/v2\/media\/5397"}],"wp:attachment":[{"href":"https:\/\/www.salumisorrentino.com\/fr\/wp-json\/wp\/v2\/media?parent=5396"}],"wp:term":[{"taxonomy":"product_brand","embeddable":true,"href":"https:\/\/www.salumisorrentino.com\/fr\/wp-json\/wp\/v2\/product_brand?post=5396"},{"taxonomy":"product_cat","embeddable":true,"href":"https:\/\/www.salumisorrentino.com\/fr\/wp-json\/wp\/v2\/product_cat?post=5396"},{"taxonomy":"product_tag","embeddable":true,"href":"https:\/\/www.salumisorrentino.com\/fr\/wp-json\/wp\/v2\/product_tag?post=5396"}],"curies":[{"name":"wp","href":"https:\/\/api.w.org\/{rel}","templated":true}]}}