{"id":3540,"date":"2017-02-13T17:23:35","date_gmt":"2017-02-13T16:23:35","guid":{"rendered":"http:\/\/www.salumisorrentino.com\/?post_type=product&#038;p=3540"},"modified":"2023-01-30T15:16:00","modified_gmt":"2023-01-30T14:16:00","slug":"salame-fetta-dabruzzo","status":"publish","type":"product","link":"https:\/\/www.salumisorrentino.com\/fr\/shop\/salami-da-taglio\/salame-fetta-dabruzzo","title":{"rendered":"Salame Fetta d&rsquo;Abruzzo"},"content":{"rendered":"Produit maigre, pr\u00e9par\u00e9 avec choix de viande de prosciutto italien, le savouruex Fetta d&rsquo;Abruzzo<br \/>\nr\u00e9pond aux besoins nutritionnels du consommateur moderne.<br \/>\nDe la forme d&rsquo;un \u00ab\u00a0pain\u00a0\u00bb elle est pr\u00e9pare avec du tissu de coton, l\u00e9ger go\u00fbt, taille 4,5 kg.<br \/>","protected":false},"excerpt":{"rendered":"<p>Produit maigre, pr\u00e9par\u00e9 avec choix de viande de prosciutto italien, le savouruex Fetta d&rsquo;Abruzzo r\u00e9pond aux besoins nutritionnels du consommateur moderne. De la forme d&rsquo;un \u00ab\u00a0pain\u00a0\u00bb elle est pr\u00e9pare avec du tissu de coton, l\u00e9ger go\u00fbt, taille 4,5 kg.<\/p>\n","protected":false},"featured_media":7499,"comment_status":"closed","ping_status":"closed","template":"","meta":[],"product_brand":[],"product_cat":[174],"product_tag":[307],"class_list":{"0":"post-3540","1":"product","2":"type-product","3":"status-publish","4":"has-post-thumbnail","6":"product_cat-salami-da-taglio","7":"product_tag-salame-fetta-dabruzzo","9":"first","10":"instock","11":"taxable","12":"shipping-taxable","13":"product-type-simple","14":"prodpage-style3"},"yoast_head":"<!-- This site is optimized with the Yoast SEO plugin v27.4 - https:\/\/yoast.com\/product\/yoast-seo-wordpress\/ -->\n<title>Salame Fetta d&#039;Abruzzo - SalumiSorrentino.com<\/title>\n<meta name=\"robots\" content=\"index, follow, max-snippet:-1, max-image-preview:large, max-video-preview:-1\" \/>\n<link rel=\"canonical\" href=\"https:\/\/www.salumisorrentino.com\/shop\/salami-da-taglio\/salame-fetta-dabruzzo\" \/>\n<meta property=\"og:locale\" content=\"fr_FR\" \/>\n<meta property=\"og:type\" content=\"article\" \/>\n<meta property=\"og:title\" content=\"Salame Fetta d&#039;Abruzzo - SalumiSorrentino.com\" \/>\n<meta property=\"og:description\" content=\"Produit maigre, pr\u00e9par\u00e9 avec choix de viande de prosciutto italien, le savouruex Fetta d&rsquo;Abruzzo r\u00e9pond aux besoins nutritionnels du consommateur moderne. De la forme d&rsquo;un \u00ab\u00a0pain\u00a0\u00bb elle est pr\u00e9pare avec du tissu de coton, l\u00e9ger go\u00fbt, taille 4,5 kg.\" \/>\n<meta property=\"og:url\" content=\"https:\/\/www.salumisorrentino.com\/shop\/salami-da-taglio\/salame-fetta-dabruzzo\" \/>\n<meta property=\"og:site_name\" content=\"SalumiSorrentino.com\" \/>\n<meta property=\"article:publisher\" content=\"https:\/\/www.facebook.com\/SalumiSorrentino\" \/>\n<meta property=\"article:modified_time\" content=\"2023-01-30T14:16:00+00:00\" \/>\n<meta property=\"og:image\" content=\"https:\/\/www.salumisorrentino.com\/wp-content\/uploads\/2017\/02\/1260-SALAME-FETTA-DABRUZZO-Copia-FILEminimizer.jpg\" \/>\n\t<meta property=\"og:image:width\" content=\"719\" \/>\n\t<meta property=\"og:image:height\" content=\"480\" \/>\n\t<meta property=\"og:image:type\" content=\"image\/jpeg\" \/>\n<meta name=\"twitter:card\" content=\"summary_large_image\" \/>\n<meta name=\"twitter:label1\" content=\"Dur\u00e9e de lecture estim\u00e9e\" \/>\n\t<meta name=\"twitter:data1\" content=\"1 minute\" \/>\n<script type=\"application\/ld+json\" class=\"yoast-schema-graph\">{\"@context\":\"https:\\\/\\\/schema.org\",\"@graph\":[{\"@type\":\"WebPage\",\"@id\":\"https:\\\/\\\/www.salumisorrentino.com\\\/shop\\\/salami-da-taglio\\\/salame-fetta-dabruzzo\",\"url\":\"https:\\\/\\\/www.salumisorrentino.com\\\/shop\\\/salami-da-taglio\\\/salame-fetta-dabruzzo\",\"name\":\"Salame Fetta d'Abruzzo - SalumiSorrentino.com\",\"isPartOf\":{\"@id\":\"https:\\\/\\\/www.salumisorrentino.com\\\/de\\\/#website\"},\"primaryImageOfPage\":{\"@id\":\"https:\\\/\\\/www.salumisorrentino.com\\\/shop\\\/salami-da-taglio\\\/salame-fetta-dabruzzo#primaryimage\"},\"image\":{\"@id\":\"https:\\\/\\\/www.salumisorrentino.com\\\/shop\\\/salami-da-taglio\\\/salame-fetta-dabruzzo#primaryimage\"},\"thumbnailUrl\":\"https:\\\/\\\/www.salumisorrentino.com\\\/wp-content\\\/uploads\\\/2017\\\/02\\\/1260-SALAME-FETTA-DABRUZZO-Copia-FILEminimizer.jpg\",\"datePublished\":\"2017-02-13T16:23:35+00:00\",\"dateModified\":\"2023-01-30T14:16:00+00:00\",\"breadcrumb\":{\"@id\":\"https:\\\/\\\/www.salumisorrentino.com\\\/shop\\\/salami-da-taglio\\\/salame-fetta-dabruzzo#breadcrumb\"},\"inLanguage\":\"fr-FR\",\"potentialAction\":[{\"@type\":\"ReadAction\",\"target\":[\"https:\\\/\\\/www.salumisorrentino.com\\\/shop\\\/salami-da-taglio\\\/salame-fetta-dabruzzo\"]}]},{\"@type\":\"ImageObject\",\"inLanguage\":\"fr-FR\",\"@id\":\"https:\\\/\\\/www.salumisorrentino.com\\\/shop\\\/salami-da-taglio\\\/salame-fetta-dabruzzo#primaryimage\",\"url\":\"https:\\\/\\\/www.salumisorrentino.com\\\/wp-content\\\/uploads\\\/2017\\\/02\\\/1260-SALAME-FETTA-DABRUZZO-Copia-FILEminimizer.jpg\",\"contentUrl\":\"https:\\\/\\\/www.salumisorrentino.com\\\/wp-content\\\/uploads\\\/2017\\\/02\\\/1260-SALAME-FETTA-DABRUZZO-Copia-FILEminimizer.jpg\",\"width\":719,\"height\":480},{\"@type\":\"BreadcrumbList\",\"@id\":\"https:\\\/\\\/www.salumisorrentino.com\\\/shop\\\/salami-da-taglio\\\/salame-fetta-dabruzzo#breadcrumb\",\"itemListElement\":[{\"@type\":\"ListItem\",\"position\":1,\"name\":\"Home\",\"item\":\"https:\\\/\\\/www.salumisorrentino.com\\\/\"},{\"@type\":\"ListItem\",\"position\":2,\"name\":\"SHOP\",\"item\":\"https:\\\/\\\/www.salumisorrentino.com\\\/shop\"},{\"@type\":\"ListItem\",\"position\":3,\"name\":\"Salame Fetta d&#8217;Abruzzo\"}]},{\"@type\":\"WebSite\",\"@id\":\"https:\\\/\\\/www.salumisorrentino.com\\\/de\\\/#website\",\"url\":\"https:\\\/\\\/www.salumisorrentino.com\\\/de\\\/\",\"name\":\"SalumiSorrentino.com\",\"description\":\"Salumificio Sorrentino | Bont\u00e9 \u00e0 mordre!\",\"publisher\":{\"@id\":\"https:\\\/\\\/www.salumisorrentino.com\\\/de\\\/#organization\"},\"potentialAction\":[{\"@type\":\"SearchAction\",\"target\":{\"@type\":\"EntryPoint\",\"urlTemplate\":\"https:\\\/\\\/www.salumisorrentino.com\\\/de\\\/?s={search_term_string}\"},\"query-input\":{\"@type\":\"PropertyValueSpecification\",\"valueRequired\":true,\"valueName\":\"search_term_string\"}}],\"inLanguage\":\"fr-FR\"},{\"@type\":\"Organization\",\"@id\":\"https:\\\/\\\/www.salumisorrentino.com\\\/de\\\/#organization\",\"name\":\"Salumificio Sorrentino SRL\",\"url\":\"https:\\\/\\\/www.salumisorrentino.com\\\/de\\\/\",\"logo\":{\"@type\":\"ImageObject\",\"inLanguage\":\"fr-FR\",\"@id\":\"https:\\\/\\\/www.salumisorrentino.com\\\/de\\\/#\\\/schema\\\/logo\\\/image\\\/\",\"url\":\"https:\\\/\\\/www.salumisorrentino.com\\\/wp-content\\\/uploads\\\/2017\\\/03\\\/salumisorrentino_logo4.png\",\"contentUrl\":\"https:\\\/\\\/www.salumisorrentino.com\\\/wp-content\\\/uploads\\\/2017\\\/03\\\/salumisorrentino_logo4.png\",\"width\":237,\"height\":150,\"caption\":\"Salumificio Sorrentino SRL\"},\"image\":{\"@id\":\"https:\\\/\\\/www.salumisorrentino.com\\\/de\\\/#\\\/schema\\\/logo\\\/image\\\/\"},\"sameAs\":[\"https:\\\/\\\/www.facebook.com\\\/SalumiSorrentino\",\"https:\\\/\\\/www.instagram.com\\\/salumificiosorrentino\\\/\",\"https:\\\/\\\/www.youtube.com\\\/channel\\\/UC_gMQgCayZuMysAxrDx4lNA\"]}]}<\/script>\n<!-- \/ Yoast SEO plugin. -->","yoast_head_json":{"title":"Salame Fetta d'Abruzzo - SalumiSorrentino.com","robots":{"index":"index","follow":"follow","max-snippet":"max-snippet:-1","max-image-preview":"max-image-preview:large","max-video-preview":"max-video-preview:-1"},"canonical":"https:\/\/www.salumisorrentino.com\/shop\/salami-da-taglio\/salame-fetta-dabruzzo","og_locale":"fr_FR","og_type":"article","og_title":"Salame Fetta d'Abruzzo - SalumiSorrentino.com","og_description":"Produit maigre, pr\u00e9par\u00e9 avec choix de viande de prosciutto italien, le savouruex Fetta d&rsquo;Abruzzo r\u00e9pond aux besoins nutritionnels du consommateur moderne. De la forme d&rsquo;un \u00ab\u00a0pain\u00a0\u00bb elle est pr\u00e9pare avec du tissu de coton, l\u00e9ger go\u00fbt, taille 4,5 kg.","og_url":"https:\/\/www.salumisorrentino.com\/shop\/salami-da-taglio\/salame-fetta-dabruzzo","og_site_name":"SalumiSorrentino.com","article_publisher":"https:\/\/www.facebook.com\/SalumiSorrentino","article_modified_time":"2023-01-30T14:16:00+00:00","og_image":[{"width":719,"height":480,"url":"https:\/\/www.salumisorrentino.com\/wp-content\/uploads\/2017\/02\/1260-SALAME-FETTA-DABRUZZO-Copia-FILEminimizer.jpg","type":"image\/jpeg"}],"twitter_card":"summary_large_image","twitter_misc":{"Dur\u00e9e de lecture estim\u00e9e":"1 minute"},"schema":{"@context":"https:\/\/schema.org","@graph":[{"@type":"WebPage","@id":"https:\/\/www.salumisorrentino.com\/shop\/salami-da-taglio\/salame-fetta-dabruzzo","url":"https:\/\/www.salumisorrentino.com\/shop\/salami-da-taglio\/salame-fetta-dabruzzo","name":"Salame Fetta d'Abruzzo - SalumiSorrentino.com","isPartOf":{"@id":"https:\/\/www.salumisorrentino.com\/de\/#website"},"primaryImageOfPage":{"@id":"https:\/\/www.salumisorrentino.com\/shop\/salami-da-taglio\/salame-fetta-dabruzzo#primaryimage"},"image":{"@id":"https:\/\/www.salumisorrentino.com\/shop\/salami-da-taglio\/salame-fetta-dabruzzo#primaryimage"},"thumbnailUrl":"https:\/\/www.salumisorrentino.com\/wp-content\/uploads\/2017\/02\/1260-SALAME-FETTA-DABRUZZO-Copia-FILEminimizer.jpg","datePublished":"2017-02-13T16:23:35+00:00","dateModified":"2023-01-30T14:16:00+00:00","breadcrumb":{"@id":"https:\/\/www.salumisorrentino.com\/shop\/salami-da-taglio\/salame-fetta-dabruzzo#breadcrumb"},"inLanguage":"fr-FR","potentialAction":[{"@type":"ReadAction","target":["https:\/\/www.salumisorrentino.com\/shop\/salami-da-taglio\/salame-fetta-dabruzzo"]}]},{"@type":"ImageObject","inLanguage":"fr-FR","@id":"https:\/\/www.salumisorrentino.com\/shop\/salami-da-taglio\/salame-fetta-dabruzzo#primaryimage","url":"https:\/\/www.salumisorrentino.com\/wp-content\/uploads\/2017\/02\/1260-SALAME-FETTA-DABRUZZO-Copia-FILEminimizer.jpg","contentUrl":"https:\/\/www.salumisorrentino.com\/wp-content\/uploads\/2017\/02\/1260-SALAME-FETTA-DABRUZZO-Copia-FILEminimizer.jpg","width":719,"height":480},{"@type":"BreadcrumbList","@id":"https:\/\/www.salumisorrentino.com\/shop\/salami-da-taglio\/salame-fetta-dabruzzo#breadcrumb","itemListElement":[{"@type":"ListItem","position":1,"name":"Home","item":"https:\/\/www.salumisorrentino.com\/"},{"@type":"ListItem","position":2,"name":"SHOP","item":"https:\/\/www.salumisorrentino.com\/shop"},{"@type":"ListItem","position":3,"name":"Salame Fetta d&#8217;Abruzzo"}]},{"@type":"WebSite","@id":"https:\/\/www.salumisorrentino.com\/de\/#website","url":"https:\/\/www.salumisorrentino.com\/de\/","name":"SalumiSorrentino.com","description":"Salumificio Sorrentino | Bont\u00e9 \u00e0 mordre!","publisher":{"@id":"https:\/\/www.salumisorrentino.com\/de\/#organization"},"potentialAction":[{"@type":"SearchAction","target":{"@type":"EntryPoint","urlTemplate":"https:\/\/www.salumisorrentino.com\/de\/?s={search_term_string}"},"query-input":{"@type":"PropertyValueSpecification","valueRequired":true,"valueName":"search_term_string"}}],"inLanguage":"fr-FR"},{"@type":"Organization","@id":"https:\/\/www.salumisorrentino.com\/de\/#organization","name":"Salumificio Sorrentino SRL","url":"https:\/\/www.salumisorrentino.com\/de\/","logo":{"@type":"ImageObject","inLanguage":"fr-FR","@id":"https:\/\/www.salumisorrentino.com\/de\/#\/schema\/logo\/image\/","url":"https:\/\/www.salumisorrentino.com\/wp-content\/uploads\/2017\/03\/salumisorrentino_logo4.png","contentUrl":"https:\/\/www.salumisorrentino.com\/wp-content\/uploads\/2017\/03\/salumisorrentino_logo4.png","width":237,"height":150,"caption":"Salumificio Sorrentino SRL"},"image":{"@id":"https:\/\/www.salumisorrentino.com\/de\/#\/schema\/logo\/image\/"},"sameAs":["https:\/\/www.facebook.com\/SalumiSorrentino","https:\/\/www.instagram.com\/salumificiosorrentino\/","https:\/\/www.youtube.com\/channel\/UC_gMQgCayZuMysAxrDx4lNA"]}]}},"_links":{"self":[{"href":"https:\/\/www.salumisorrentino.com\/fr\/wp-json\/wp\/v2\/product\/3540","targetHints":{"allow":["GET"]}}],"collection":[{"href":"https:\/\/www.salumisorrentino.com\/fr\/wp-json\/wp\/v2\/product"}],"about":[{"href":"https:\/\/www.salumisorrentino.com\/fr\/wp-json\/wp\/v2\/types\/product"}],"replies":[{"embeddable":true,"href":"https:\/\/www.salumisorrentino.com\/fr\/wp-json\/wp\/v2\/comments?post=3540"}],"wp:featuredmedia":[{"embeddable":true,"href":"https:\/\/www.salumisorrentino.com\/fr\/wp-json\/wp\/v2\/media\/7499"}],"wp:attachment":[{"href":"https:\/\/www.salumisorrentino.com\/fr\/wp-json\/wp\/v2\/media?parent=3540"}],"wp:term":[{"taxonomy":"product_brand","embeddable":true,"href":"https:\/\/www.salumisorrentino.com\/fr\/wp-json\/wp\/v2\/product_brand?post=3540"},{"taxonomy":"product_cat","embeddable":true,"href":"https:\/\/www.salumisorrentino.com\/fr\/wp-json\/wp\/v2\/product_cat?post=3540"},{"taxonomy":"product_tag","embeddable":true,"href":"https:\/\/www.salumisorrentino.com\/fr\/wp-json\/wp\/v2\/product_tag?post=3540"}],"curies":[{"name":"wp","href":"https:\/\/api.w.org\/{rel}","templated":true}]}}