{"id":3499,"date":"2017-02-13T15:51:05","date_gmt":"2017-02-13T14:51:05","guid":{"rendered":"http:\/\/www.salumisorrentino.com\/?post_type=product&#038;p=3499"},"modified":"2023-01-30T15:13:49","modified_gmt":"2023-01-30T14:13:49","slug":"ventricina-abruzzese-originale","status":"publish","type":"product","link":"https:\/\/www.salumisorrentino.com\/fr\/shop\/salami-da-taglio\/ventricina-abruzzese-originale","title":{"rendered":"Original Abruzzo&rsquo;s Ventricina Salami"},"content":{"rendered":"La ventricine est un produit typique de la r\u00e9gion des Abruzzes, transmis de g\u00e9n\u00e9ration en g\u00e9n\u00e9ration par des familles d&rsquo;agriculteurs et appr\u00e9ci\u00e9 depuis l&rsquo;\u00e9poque de Borboni.<\/p>\n<p>Note technique: le Sorrentino ventricina, en raison de la proximit\u00e9 g\u00e9ographique, est un type Vastese (\u00e0 ne pas confondre avec le type Teramana, doux et tartinable), et est une ancienne viande s\u00e9ch\u00e9e, faite avec un boyau naturel, avec un classement d&rsquo;environ 3, 5 Kg. La recette pr\u00e9voit des coupes au couteau de jambon maigre, de longe, de filet et de bacon, savamment expertes avec du sel, de l&rsquo;ail, du poivre moulu et du fenouil sauvage. Lorsque la viande est pr\u00eate, on ajoute du piment doux concass\u00e9 d&rsquo;Altino (ville r\u00e9put\u00e9e des Abruzzes pour ce produit o\u00f9 chaque ann\u00e9e est organis\u00e9 un festival d\u00e9di\u00e9) et une petite quantit\u00e9 de piment. Apr\u00e8s 48 heures de repos, le m\u00e9lange est farci dans une vessie de porc naturelle: \u00e0 l&rsquo;origine, on utilisait l&rsquo;estomac de porc, et c&rsquo;est la raison pour laquelle le nom vient. Le vieillissement a besoin d&rsquo;au moins 60 jours.<\/p>\n<p>La couleur est rouge\u00e2tre, le broyage est gros et in\u00e9gal, o\u00f9 nous pouvons facilement identifier la viande et la graisse qui composent le produit.<br \/>\n<strong>Pendant des ann\u00e9es, la Ventricina abruzzese est consid\u00e9r\u00e9e comme l&rsquo;un des produits savoureux les plus naturels d&rsquo;Italie.<\/strong><\/p>\n<p><strong>Prodotto Red Award al Merano Wine Festival.<br \/>\n<img loading=\"lazy\" decoding=\"async\" class=\"alignleft size-thumbnail wp-image-4350\" src=\"https:\/\/www.salumisorrentino.com\/wp-content\/uploads\/2017\/07\/bollino-digitale-culinaria-ROSSO-180x180.png\" alt=\"\" width=\"180\" height=\"180\" srcset=\"https:\/\/www.salumisorrentino.com\/wp-content\/uploads\/2017\/07\/bollino-digitale-culinaria-ROSSO-180x180.png 180w, https:\/\/www.salumisorrentino.com\/wp-content\/uploads\/2017\/07\/bollino-digitale-culinaria-ROSSO-300x300.png 300w, https:\/\/www.salumisorrentino.com\/wp-content\/uploads\/2017\/07\/bollino-digitale-culinaria-ROSSO-100x100.png 100w, https:\/\/www.salumisorrentino.com\/wp-content\/uploads\/2017\/07\/bollino-digitale-culinaria-ROSSO-187x187.png 187w, https:\/\/www.salumisorrentino.com\/wp-content\/uploads\/2017\/07\/bollino-digitale-culinaria-ROSSO.png 354w\" sizes=\"auto, (max-width: 180px) 100vw, 180px\" \/><br \/>\n<\/strong>","protected":false},"excerpt":{"rendered":"<p>La ventricine est un produit typique de la r\u00e9gion des Abruzzes, transmis de g\u00e9n\u00e9ration en g\u00e9n\u00e9ration par des familles d&rsquo;agriculteurs et appr\u00e9ci\u00e9 depuis l&rsquo;\u00e9poque de Borboni. Note technique: le Sorrentino ventricina, en raison de la proximit\u00e9 g\u00e9ographique, est un type Vastese (\u00e0 ne pas confondre avec le type Teramana, doux et tartinable), et est une<\/p>\n","protected":false},"featured_media":7495,"comment_status":"closed","ping_status":"closed","template":"","meta":[],"product_brand":[],"product_cat":[174],"product_tag":[253,254,255],"class_list":{"0":"post-3499","1":"product","2":"type-product","3":"status-publish","4":"has-post-thumbnail","6":"product_cat-salami-da-taglio","7":"product_tag-ventricina-abruzzese","8":"product_tag-salame-abruzzese","9":"product_tag-ventricina-abruzzese-originale","11":"first","12":"instock","13":"taxable","14":"shipping-taxable","15":"product-type-simple","16":"prodpage-style3"},"yoast_head":"<!-- This site is optimized with the Yoast SEO plugin v27.5 - https:\/\/yoast.com\/product\/yoast-seo-wordpress\/ -->\n<title>Original Abruzzo&#039;s Ventricina Salami - SalumiSorrentino.com<\/title>\n<meta name=\"robots\" content=\"index, follow, max-snippet:-1, max-image-preview:large, max-video-preview:-1\" \/>\n<link rel=\"canonical\" href=\"https:\/\/www.salumisorrentino.com\/shop\/salami-da-taglio\/ventricina-abruzzese-originale\" \/>\n<meta property=\"og:locale\" content=\"fr_FR\" \/>\n<meta property=\"og:type\" content=\"article\" \/>\n<meta property=\"og:title\" content=\"Original Abruzzo&#039;s Ventricina Salami - SalumiSorrentino.com\" \/>\n<meta property=\"og:description\" content=\"La ventricine est un produit typique de la r\u00e9gion des Abruzzes, transmis de g\u00e9n\u00e9ration en g\u00e9n\u00e9ration par des familles d&rsquo;agriculteurs et appr\u00e9ci\u00e9 depuis l&rsquo;\u00e9poque de Borboni. Note technique: le Sorrentino ventricina, en raison de la proximit\u00e9 g\u00e9ographique, est un type Vastese (\u00e0 ne pas confondre avec le type Teramana, doux et tartinable), et est une\" \/>\n<meta property=\"og:url\" content=\"https:\/\/www.salumisorrentino.com\/shop\/salami-da-taglio\/ventricina-abruzzese-originale\" \/>\n<meta property=\"og:site_name\" content=\"SalumiSorrentino.com\" \/>\n<meta property=\"article:publisher\" content=\"https:\/\/www.facebook.com\/SalumiSorrentino\" \/>\n<meta property=\"article:modified_time\" content=\"2023-01-30T14:13:49+00:00\" \/>\n<meta property=\"og:image\" content=\"https:\/\/www.salumisorrentino.com\/wp-content\/uploads\/2017\/02\/1208-SALAME-VENTRICINA-ABRUZZESE-FILEminimizer.jpg\" \/>\n\t<meta property=\"og:image:width\" content=\"720\" \/>\n\t<meta property=\"og:image:height\" content=\"480\" \/>\n\t<meta property=\"og:image:type\" content=\"image\/jpeg\" \/>\n<meta name=\"twitter:card\" content=\"summary_large_image\" \/>\n<meta name=\"twitter:label1\" content=\"Dur\u00e9e de lecture estim\u00e9e\" \/>\n\t<meta name=\"twitter:data1\" content=\"2 minutes\" \/>\n<script type=\"application\/ld+json\" class=\"yoast-schema-graph\">{\"@context\":\"https:\\\/\\\/schema.org\",\"@graph\":[{\"@type\":\"WebPage\",\"@id\":\"https:\\\/\\\/www.salumisorrentino.com\\\/shop\\\/salami-da-taglio\\\/ventricina-abruzzese-originale\",\"url\":\"https:\\\/\\\/www.salumisorrentino.com\\\/shop\\\/salami-da-taglio\\\/ventricina-abruzzese-originale\",\"name\":\"Original Abruzzo's Ventricina Salami - SalumiSorrentino.com\",\"isPartOf\":{\"@id\":\"https:\\\/\\\/www.salumisorrentino.com\\\/de\\\/#website\"},\"primaryImageOfPage\":{\"@id\":\"https:\\\/\\\/www.salumisorrentino.com\\\/shop\\\/salami-da-taglio\\\/ventricina-abruzzese-originale#primaryimage\"},\"image\":{\"@id\":\"https:\\\/\\\/www.salumisorrentino.com\\\/shop\\\/salami-da-taglio\\\/ventricina-abruzzese-originale#primaryimage\"},\"thumbnailUrl\":\"https:\\\/\\\/www.salumisorrentino.com\\\/wp-content\\\/uploads\\\/2017\\\/02\\\/1208-SALAME-VENTRICINA-ABRUZZESE-FILEminimizer.jpg\",\"datePublished\":\"2017-02-13T14:51:05+00:00\",\"dateModified\":\"2023-01-30T14:13:49+00:00\",\"breadcrumb\":{\"@id\":\"https:\\\/\\\/www.salumisorrentino.com\\\/shop\\\/salami-da-taglio\\\/ventricina-abruzzese-originale#breadcrumb\"},\"inLanguage\":\"fr-FR\",\"potentialAction\":[{\"@type\":\"ReadAction\",\"target\":[\"https:\\\/\\\/www.salumisorrentino.com\\\/shop\\\/salami-da-taglio\\\/ventricina-abruzzese-originale\"]}]},{\"@type\":\"ImageObject\",\"inLanguage\":\"fr-FR\",\"@id\":\"https:\\\/\\\/www.salumisorrentino.com\\\/shop\\\/salami-da-taglio\\\/ventricina-abruzzese-originale#primaryimage\",\"url\":\"https:\\\/\\\/www.salumisorrentino.com\\\/wp-content\\\/uploads\\\/2017\\\/02\\\/1208-SALAME-VENTRICINA-ABRUZZESE-FILEminimizer.jpg\",\"contentUrl\":\"https:\\\/\\\/www.salumisorrentino.com\\\/wp-content\\\/uploads\\\/2017\\\/02\\\/1208-SALAME-VENTRICINA-ABRUZZESE-FILEminimizer.jpg\",\"width\":720,\"height\":480},{\"@type\":\"BreadcrumbList\",\"@id\":\"https:\\\/\\\/www.salumisorrentino.com\\\/shop\\\/salami-da-taglio\\\/ventricina-abruzzese-originale#breadcrumb\",\"itemListElement\":[{\"@type\":\"ListItem\",\"position\":1,\"name\":\"Home\",\"item\":\"https:\\\/\\\/www.salumisorrentino.com\\\/\"},{\"@type\":\"ListItem\",\"position\":2,\"name\":\"SHOP\",\"item\":\"https:\\\/\\\/www.salumisorrentino.com\\\/shop\"},{\"@type\":\"ListItem\",\"position\":3,\"name\":\"Salame Ventricina Abruzzese Originale\"}]},{\"@type\":\"WebSite\",\"@id\":\"https:\\\/\\\/www.salumisorrentino.com\\\/de\\\/#website\",\"url\":\"https:\\\/\\\/www.salumisorrentino.com\\\/de\\\/\",\"name\":\"SalumiSorrentino.com\",\"description\":\"Salumificio Sorrentino | Bont\u00e9 \u00e0 mordre!\",\"publisher\":{\"@id\":\"https:\\\/\\\/www.salumisorrentino.com\\\/de\\\/#organization\"},\"potentialAction\":[{\"@type\":\"SearchAction\",\"target\":{\"@type\":\"EntryPoint\",\"urlTemplate\":\"https:\\\/\\\/www.salumisorrentino.com\\\/de\\\/?s={search_term_string}\"},\"query-input\":{\"@type\":\"PropertyValueSpecification\",\"valueRequired\":true,\"valueName\":\"search_term_string\"}}],\"inLanguage\":\"fr-FR\"},{\"@type\":\"Organization\",\"@id\":\"https:\\\/\\\/www.salumisorrentino.com\\\/de\\\/#organization\",\"name\":\"Salumificio Sorrentino SRL\",\"url\":\"https:\\\/\\\/www.salumisorrentino.com\\\/de\\\/\",\"logo\":{\"@type\":\"ImageObject\",\"inLanguage\":\"fr-FR\",\"@id\":\"https:\\\/\\\/www.salumisorrentino.com\\\/de\\\/#\\\/schema\\\/logo\\\/image\\\/\",\"url\":\"https:\\\/\\\/www.salumisorrentino.com\\\/wp-content\\\/uploads\\\/2017\\\/03\\\/salumisorrentino_logo4.png\",\"contentUrl\":\"https:\\\/\\\/www.salumisorrentino.com\\\/wp-content\\\/uploads\\\/2017\\\/03\\\/salumisorrentino_logo4.png\",\"width\":237,\"height\":150,\"caption\":\"Salumificio Sorrentino SRL\"},\"image\":{\"@id\":\"https:\\\/\\\/www.salumisorrentino.com\\\/de\\\/#\\\/schema\\\/logo\\\/image\\\/\"},\"sameAs\":[\"https:\\\/\\\/www.facebook.com\\\/SalumiSorrentino\",\"https:\\\/\\\/www.instagram.com\\\/salumificiosorrentino\\\/\",\"https:\\\/\\\/www.youtube.com\\\/channel\\\/UC_gMQgCayZuMysAxrDx4lNA\"]}]}<\/script>\n<!-- \/ Yoast SEO plugin. -->","yoast_head_json":{"title":"Original Abruzzo's Ventricina Salami - SalumiSorrentino.com","robots":{"index":"index","follow":"follow","max-snippet":"max-snippet:-1","max-image-preview":"max-image-preview:large","max-video-preview":"max-video-preview:-1"},"canonical":"https:\/\/www.salumisorrentino.com\/shop\/salami-da-taglio\/ventricina-abruzzese-originale","og_locale":"fr_FR","og_type":"article","og_title":"Original Abruzzo's Ventricina Salami - SalumiSorrentino.com","og_description":"La ventricine est un produit typique de la r\u00e9gion des Abruzzes, transmis de g\u00e9n\u00e9ration en g\u00e9n\u00e9ration par des familles d&rsquo;agriculteurs et appr\u00e9ci\u00e9 depuis l&rsquo;\u00e9poque de Borboni. Note technique: le Sorrentino ventricina, en raison de la proximit\u00e9 g\u00e9ographique, est un type Vastese (\u00e0 ne pas confondre avec le type Teramana, doux et tartinable), et est une","og_url":"https:\/\/www.salumisorrentino.com\/shop\/salami-da-taglio\/ventricina-abruzzese-originale","og_site_name":"SalumiSorrentino.com","article_publisher":"https:\/\/www.facebook.com\/SalumiSorrentino","article_modified_time":"2023-01-30T14:13:49+00:00","og_image":[{"width":720,"height":480,"url":"https:\/\/www.salumisorrentino.com\/wp-content\/uploads\/2017\/02\/1208-SALAME-VENTRICINA-ABRUZZESE-FILEminimizer.jpg","type":"image\/jpeg"}],"twitter_card":"summary_large_image","twitter_misc":{"Dur\u00e9e de lecture estim\u00e9e":"2 minutes"},"schema":{"@context":"https:\/\/schema.org","@graph":[{"@type":"WebPage","@id":"https:\/\/www.salumisorrentino.com\/shop\/salami-da-taglio\/ventricina-abruzzese-originale","url":"https:\/\/www.salumisorrentino.com\/shop\/salami-da-taglio\/ventricina-abruzzese-originale","name":"Original Abruzzo's Ventricina Salami - SalumiSorrentino.com","isPartOf":{"@id":"https:\/\/www.salumisorrentino.com\/de\/#website"},"primaryImageOfPage":{"@id":"https:\/\/www.salumisorrentino.com\/shop\/salami-da-taglio\/ventricina-abruzzese-originale#primaryimage"},"image":{"@id":"https:\/\/www.salumisorrentino.com\/shop\/salami-da-taglio\/ventricina-abruzzese-originale#primaryimage"},"thumbnailUrl":"https:\/\/www.salumisorrentino.com\/wp-content\/uploads\/2017\/02\/1208-SALAME-VENTRICINA-ABRUZZESE-FILEminimizer.jpg","datePublished":"2017-02-13T14:51:05+00:00","dateModified":"2023-01-30T14:13:49+00:00","breadcrumb":{"@id":"https:\/\/www.salumisorrentino.com\/shop\/salami-da-taglio\/ventricina-abruzzese-originale#breadcrumb"},"inLanguage":"fr-FR","potentialAction":[{"@type":"ReadAction","target":["https:\/\/www.salumisorrentino.com\/shop\/salami-da-taglio\/ventricina-abruzzese-originale"]}]},{"@type":"ImageObject","inLanguage":"fr-FR","@id":"https:\/\/www.salumisorrentino.com\/shop\/salami-da-taglio\/ventricina-abruzzese-originale#primaryimage","url":"https:\/\/www.salumisorrentino.com\/wp-content\/uploads\/2017\/02\/1208-SALAME-VENTRICINA-ABRUZZESE-FILEminimizer.jpg","contentUrl":"https:\/\/www.salumisorrentino.com\/wp-content\/uploads\/2017\/02\/1208-SALAME-VENTRICINA-ABRUZZESE-FILEminimizer.jpg","width":720,"height":480},{"@type":"BreadcrumbList","@id":"https:\/\/www.salumisorrentino.com\/shop\/salami-da-taglio\/ventricina-abruzzese-originale#breadcrumb","itemListElement":[{"@type":"ListItem","position":1,"name":"Home","item":"https:\/\/www.salumisorrentino.com\/"},{"@type":"ListItem","position":2,"name":"SHOP","item":"https:\/\/www.salumisorrentino.com\/shop"},{"@type":"ListItem","position":3,"name":"Salame Ventricina Abruzzese Originale"}]},{"@type":"WebSite","@id":"https:\/\/www.salumisorrentino.com\/de\/#website","url":"https:\/\/www.salumisorrentino.com\/de\/","name":"SalumiSorrentino.com","description":"Salumificio Sorrentino | Bont\u00e9 \u00e0 mordre!","publisher":{"@id":"https:\/\/www.salumisorrentino.com\/de\/#organization"},"potentialAction":[{"@type":"SearchAction","target":{"@type":"EntryPoint","urlTemplate":"https:\/\/www.salumisorrentino.com\/de\/?s={search_term_string}"},"query-input":{"@type":"PropertyValueSpecification","valueRequired":true,"valueName":"search_term_string"}}],"inLanguage":"fr-FR"},{"@type":"Organization","@id":"https:\/\/www.salumisorrentino.com\/de\/#organization","name":"Salumificio Sorrentino SRL","url":"https:\/\/www.salumisorrentino.com\/de\/","logo":{"@type":"ImageObject","inLanguage":"fr-FR","@id":"https:\/\/www.salumisorrentino.com\/de\/#\/schema\/logo\/image\/","url":"https:\/\/www.salumisorrentino.com\/wp-content\/uploads\/2017\/03\/salumisorrentino_logo4.png","contentUrl":"https:\/\/www.salumisorrentino.com\/wp-content\/uploads\/2017\/03\/salumisorrentino_logo4.png","width":237,"height":150,"caption":"Salumificio Sorrentino SRL"},"image":{"@id":"https:\/\/www.salumisorrentino.com\/de\/#\/schema\/logo\/image\/"},"sameAs":["https:\/\/www.facebook.com\/SalumiSorrentino","https:\/\/www.instagram.com\/salumificiosorrentino\/","https:\/\/www.youtube.com\/channel\/UC_gMQgCayZuMysAxrDx4lNA"]}]}},"_links":{"self":[{"href":"https:\/\/www.salumisorrentino.com\/fr\/wp-json\/wp\/v2\/product\/3499","targetHints":{"allow":["GET"]}}],"collection":[{"href":"https:\/\/www.salumisorrentino.com\/fr\/wp-json\/wp\/v2\/product"}],"about":[{"href":"https:\/\/www.salumisorrentino.com\/fr\/wp-json\/wp\/v2\/types\/product"}],"replies":[{"embeddable":true,"href":"https:\/\/www.salumisorrentino.com\/fr\/wp-json\/wp\/v2\/comments?post=3499"}],"wp:featuredmedia":[{"embeddable":true,"href":"https:\/\/www.salumisorrentino.com\/fr\/wp-json\/wp\/v2\/media\/7495"}],"wp:attachment":[{"href":"https:\/\/www.salumisorrentino.com\/fr\/wp-json\/wp\/v2\/media?parent=3499"}],"wp:term":[{"taxonomy":"product_brand","embeddable":true,"href":"https:\/\/www.salumisorrentino.com\/fr\/wp-json\/wp\/v2\/product_brand?post=3499"},{"taxonomy":"product_cat","embeddable":true,"href":"https:\/\/www.salumisorrentino.com\/fr\/wp-json\/wp\/v2\/product_cat?post=3499"},{"taxonomy":"product_tag","embeddable":true,"href":"https:\/\/www.salumisorrentino.com\/fr\/wp-json\/wp\/v2\/product_tag?post=3499"}],"curies":[{"name":"wp","href":"https:\/\/api.w.org\/{rel}","templated":true}]}}