{"id":3422,"date":"2017-02-10T18:51:05","date_gmt":"2017-02-10T17:51:05","guid":{"rendered":"http:\/\/www.salumisorrentino.com\/?post_type=product&#038;p=3422"},"modified":"2017-02-10T18:51:05","modified_gmt":"2017-02-10T17:51:05","slug":"prosciutto-cotto-italiano-alta-qualita","status":"publish","type":"product","link":"https:\/\/www.salumisorrentino.com\/fr\/shop\/specialita-vidor-1967\/prosciutto-cotto-italiano-alta-qualita","title":{"rendered":"Jambon Cuit \u201cItaliano\u201d Haute Qualit\u00e9"},"content":{"rendered":"Jambon cuit fait avec de porc provenant d&rsquo;exploitations italiennes, faits \u00e0 la main. La cuisson \u00e0 la vapeur lente rehausse les saveurs naturelles et le go\u00fbt. Best seller, avec un go\u00fbt d\u00e9licat, un classique. Taille 10 kg. (Une pi\u00e8ce par carton).","protected":false},"excerpt":{"rendered":"<p>Jambon cuit fait avec de porc provenant d&rsquo;exploitations italiennes, faits \u00e0 la main. La cuisson \u00e0 la vapeur lente rehausse les saveurs naturelles et le go\u00fbt. Best seller, avec un go\u00fbt d\u00e9licat, un classique. Taille 10 kg. (Une pi\u00e8ce par carton).<\/p>\n","protected":false},"featured_media":2012,"comment_status":"closed","ping_status":"closed","template":"","meta":[],"product_brand":[],"product_cat":[134],"product_tag":[],"class_list":{"0":"post-3422","1":"product","2":"type-product","3":"status-publish","4":"has-post-thumbnail","6":"product_cat-specialita-vidor-1967","8":"first","9":"instock","10":"taxable","11":"shipping-taxable","12":"product-type-simple","13":"prodpage-style3"},"yoast_head":"<!-- This site is optimized with the Yoast SEO plugin v27.3 - https:\/\/yoast.com\/product\/yoast-seo-wordpress\/ -->\n<title>Jambon Cuit \u201cItaliano\u201d Haute Qualit\u00e9 - SalumiSorrentino.com<\/title>\n<meta name=\"robots\" content=\"index, follow, max-snippet:-1, max-image-preview:large, max-video-preview:-1\" \/>\n<link rel=\"canonical\" href=\"https:\/\/www.salumisorrentino.com\/shop\/specialita-vidor-1967\/prosciutto-cotto-italiano-alta-qualita\" \/>\n<meta property=\"og:locale\" content=\"fr_FR\" \/>\n<meta property=\"og:type\" content=\"article\" \/>\n<meta property=\"og:title\" content=\"Jambon Cuit \u201cItaliano\u201d Haute Qualit\u00e9 - SalumiSorrentino.com\" \/>\n<meta property=\"og:description\" content=\"Jambon cuit fait avec de porc provenant d&rsquo;exploitations italiennes, faits \u00e0 la main. La cuisson \u00e0 la vapeur lente rehausse les saveurs naturelles et le go\u00fbt. Best seller, avec un go\u00fbt d\u00e9licat, un classique. Taille 10 kg. (Une pi\u00e8ce par carton).\" \/>\n<meta property=\"og:url\" content=\"https:\/\/www.salumisorrentino.com\/shop\/specialita-vidor-1967\/prosciutto-cotto-italiano-alta-qualita\" \/>\n<meta property=\"og:site_name\" content=\"SalumiSorrentino.com\" \/>\n<meta property=\"article:publisher\" content=\"https:\/\/www.facebook.com\/SalumiSorrentino\" \/>\n<meta property=\"og:image\" content=\"https:\/\/www.salumisorrentino.com\/wp-content\/uploads\/5304-Legato-Prosciutto-Cotto-Italiano-Alta-Qualit\u00e0-2.jpg\" \/>\n\t<meta property=\"og:image:width\" content=\"1411\" \/>\n\t<meta property=\"og:image:height\" content=\"904\" \/>\n\t<meta property=\"og:image:type\" content=\"image\/jpeg\" \/>\n<meta name=\"twitter:card\" content=\"summary_large_image\" \/>\n<meta name=\"twitter:label1\" content=\"Dur\u00e9e de lecture estim\u00e9e\" \/>\n\t<meta name=\"twitter:data1\" content=\"1 minute\" \/>\n<script type=\"application\/ld+json\" class=\"yoast-schema-graph\">{\"@context\":\"https:\\\/\\\/schema.org\",\"@graph\":[{\"@type\":\"WebPage\",\"@id\":\"https:\\\/\\\/www.salumisorrentino.com\\\/shop\\\/specialita-vidor-1967\\\/prosciutto-cotto-italiano-alta-qualita\",\"url\":\"https:\\\/\\\/www.salumisorrentino.com\\\/shop\\\/specialita-vidor-1967\\\/prosciutto-cotto-italiano-alta-qualita\",\"name\":\"Jambon Cuit \u201cItaliano\u201d Haute Qualit\u00e9 - SalumiSorrentino.com\",\"isPartOf\":{\"@id\":\"https:\\\/\\\/www.salumisorrentino.com\\\/de\\\/#website\"},\"primaryImageOfPage\":{\"@id\":\"https:\\\/\\\/www.salumisorrentino.com\\\/shop\\\/specialita-vidor-1967\\\/prosciutto-cotto-italiano-alta-qualita#primaryimage\"},\"image\":{\"@id\":\"https:\\\/\\\/www.salumisorrentino.com\\\/shop\\\/specialita-vidor-1967\\\/prosciutto-cotto-italiano-alta-qualita#primaryimage\"},\"thumbnailUrl\":\"https:\\\/\\\/www.salumisorrentino.com\\\/wp-content\\\/uploads\\\/5304-Legato-Prosciutto-Cotto-Italiano-Alta-Qualit\u00e0-2.jpg\",\"datePublished\":\"2017-02-10T17:51:05+00:00\",\"breadcrumb\":{\"@id\":\"https:\\\/\\\/www.salumisorrentino.com\\\/shop\\\/specialita-vidor-1967\\\/prosciutto-cotto-italiano-alta-qualita#breadcrumb\"},\"inLanguage\":\"fr-FR\",\"potentialAction\":[{\"@type\":\"ReadAction\",\"target\":[\"https:\\\/\\\/www.salumisorrentino.com\\\/shop\\\/specialita-vidor-1967\\\/prosciutto-cotto-italiano-alta-qualita\"]}]},{\"@type\":\"ImageObject\",\"inLanguage\":\"fr-FR\",\"@id\":\"https:\\\/\\\/www.salumisorrentino.com\\\/shop\\\/specialita-vidor-1967\\\/prosciutto-cotto-italiano-alta-qualita#primaryimage\",\"url\":\"https:\\\/\\\/www.salumisorrentino.com\\\/wp-content\\\/uploads\\\/5304-Legato-Prosciutto-Cotto-Italiano-Alta-Qualit\u00e0-2.jpg\",\"contentUrl\":\"https:\\\/\\\/www.salumisorrentino.com\\\/wp-content\\\/uploads\\\/5304-Legato-Prosciutto-Cotto-Italiano-Alta-Qualit\u00e0-2.jpg\",\"width\":1411,\"height\":904,\"caption\":\"Jambon Cuit \u201cItaliano\u201d Haute Qualit\u00e9\"},{\"@type\":\"BreadcrumbList\",\"@id\":\"https:\\\/\\\/www.salumisorrentino.com\\\/shop\\\/specialita-vidor-1967\\\/prosciutto-cotto-italiano-alta-qualita#breadcrumb\",\"itemListElement\":[{\"@type\":\"ListItem\",\"position\":1,\"name\":\"Home\",\"item\":\"https:\\\/\\\/www.salumisorrentino.com\\\/\"},{\"@type\":\"ListItem\",\"position\":2,\"name\":\"SHOP\",\"item\":\"https:\\\/\\\/www.salumisorrentino.com\\\/shop\"},{\"@type\":\"ListItem\",\"position\":3,\"name\":\"Prosciutto Cotto \u201cItaliano\u201d Alta Qualit\u00e0\"}]},{\"@type\":\"WebSite\",\"@id\":\"https:\\\/\\\/www.salumisorrentino.com\\\/de\\\/#website\",\"url\":\"https:\\\/\\\/www.salumisorrentino.com\\\/de\\\/\",\"name\":\"SalumiSorrentino.com\",\"description\":\"Salumificio Sorrentino | Bont\u00e9 \u00e0 mordre!\",\"publisher\":{\"@id\":\"https:\\\/\\\/www.salumisorrentino.com\\\/de\\\/#organization\"},\"potentialAction\":[{\"@type\":\"SearchAction\",\"target\":{\"@type\":\"EntryPoint\",\"urlTemplate\":\"https:\\\/\\\/www.salumisorrentino.com\\\/de\\\/?s={search_term_string}\"},\"query-input\":{\"@type\":\"PropertyValueSpecification\",\"valueRequired\":true,\"valueName\":\"search_term_string\"}}],\"inLanguage\":\"fr-FR\"},{\"@type\":\"Organization\",\"@id\":\"https:\\\/\\\/www.salumisorrentino.com\\\/de\\\/#organization\",\"name\":\"Salumificio Sorrentino SRL\",\"url\":\"https:\\\/\\\/www.salumisorrentino.com\\\/de\\\/\",\"logo\":{\"@type\":\"ImageObject\",\"inLanguage\":\"fr-FR\",\"@id\":\"https:\\\/\\\/www.salumisorrentino.com\\\/de\\\/#\\\/schema\\\/logo\\\/image\\\/\",\"url\":\"https:\\\/\\\/www.salumisorrentino.com\\\/wp-content\\\/uploads\\\/2017\\\/03\\\/salumisorrentino_logo4.png\",\"contentUrl\":\"https:\\\/\\\/www.salumisorrentino.com\\\/wp-content\\\/uploads\\\/2017\\\/03\\\/salumisorrentino_logo4.png\",\"width\":237,\"height\":150,\"caption\":\"Salumificio Sorrentino SRL\"},\"image\":{\"@id\":\"https:\\\/\\\/www.salumisorrentino.com\\\/de\\\/#\\\/schema\\\/logo\\\/image\\\/\"},\"sameAs\":[\"https:\\\/\\\/www.facebook.com\\\/SalumiSorrentino\",\"https:\\\/\\\/www.instagram.com\\\/salumificiosorrentino\\\/\",\"https:\\\/\\\/www.youtube.com\\\/channel\\\/UC_gMQgCayZuMysAxrDx4lNA\"]}]}<\/script>\n<!-- \/ Yoast SEO plugin. -->","yoast_head_json":{"title":"Jambon Cuit \u201cItaliano\u201d Haute Qualit\u00e9 - SalumiSorrentino.com","robots":{"index":"index","follow":"follow","max-snippet":"max-snippet:-1","max-image-preview":"max-image-preview:large","max-video-preview":"max-video-preview:-1"},"canonical":"https:\/\/www.salumisorrentino.com\/shop\/specialita-vidor-1967\/prosciutto-cotto-italiano-alta-qualita","og_locale":"fr_FR","og_type":"article","og_title":"Jambon Cuit \u201cItaliano\u201d Haute Qualit\u00e9 - SalumiSorrentino.com","og_description":"Jambon cuit fait avec de porc provenant d&rsquo;exploitations italiennes, faits \u00e0 la main. La cuisson \u00e0 la vapeur lente rehausse les saveurs naturelles et le go\u00fbt. Best seller, avec un go\u00fbt d\u00e9licat, un classique. Taille 10 kg. (Une pi\u00e8ce par carton).","og_url":"https:\/\/www.salumisorrentino.com\/shop\/specialita-vidor-1967\/prosciutto-cotto-italiano-alta-qualita","og_site_name":"SalumiSorrentino.com","article_publisher":"https:\/\/www.facebook.com\/SalumiSorrentino","og_image":[{"width":1411,"height":904,"url":"https:\/\/www.salumisorrentino.com\/wp-content\/uploads\/5304-Legato-Prosciutto-Cotto-Italiano-Alta-Qualit\u00e0-2.jpg","type":"image\/jpeg"}],"twitter_card":"summary_large_image","twitter_misc":{"Dur\u00e9e de lecture estim\u00e9e":"1 minute"},"schema":{"@context":"https:\/\/schema.org","@graph":[{"@type":"WebPage","@id":"https:\/\/www.salumisorrentino.com\/shop\/specialita-vidor-1967\/prosciutto-cotto-italiano-alta-qualita","url":"https:\/\/www.salumisorrentino.com\/shop\/specialita-vidor-1967\/prosciutto-cotto-italiano-alta-qualita","name":"Jambon Cuit \u201cItaliano\u201d Haute Qualit\u00e9 - SalumiSorrentino.com","isPartOf":{"@id":"https:\/\/www.salumisorrentino.com\/de\/#website"},"primaryImageOfPage":{"@id":"https:\/\/www.salumisorrentino.com\/shop\/specialita-vidor-1967\/prosciutto-cotto-italiano-alta-qualita#primaryimage"},"image":{"@id":"https:\/\/www.salumisorrentino.com\/shop\/specialita-vidor-1967\/prosciutto-cotto-italiano-alta-qualita#primaryimage"},"thumbnailUrl":"https:\/\/www.salumisorrentino.com\/wp-content\/uploads\/5304-Legato-Prosciutto-Cotto-Italiano-Alta-Qualit\u00e0-2.jpg","datePublished":"2017-02-10T17:51:05+00:00","breadcrumb":{"@id":"https:\/\/www.salumisorrentino.com\/shop\/specialita-vidor-1967\/prosciutto-cotto-italiano-alta-qualita#breadcrumb"},"inLanguage":"fr-FR","potentialAction":[{"@type":"ReadAction","target":["https:\/\/www.salumisorrentino.com\/shop\/specialita-vidor-1967\/prosciutto-cotto-italiano-alta-qualita"]}]},{"@type":"ImageObject","inLanguage":"fr-FR","@id":"https:\/\/www.salumisorrentino.com\/shop\/specialita-vidor-1967\/prosciutto-cotto-italiano-alta-qualita#primaryimage","url":"https:\/\/www.salumisorrentino.com\/wp-content\/uploads\/5304-Legato-Prosciutto-Cotto-Italiano-Alta-Qualit\u00e0-2.jpg","contentUrl":"https:\/\/www.salumisorrentino.com\/wp-content\/uploads\/5304-Legato-Prosciutto-Cotto-Italiano-Alta-Qualit\u00e0-2.jpg","width":1411,"height":904,"caption":"Jambon Cuit \u201cItaliano\u201d Haute Qualit\u00e9"},{"@type":"BreadcrumbList","@id":"https:\/\/www.salumisorrentino.com\/shop\/specialita-vidor-1967\/prosciutto-cotto-italiano-alta-qualita#breadcrumb","itemListElement":[{"@type":"ListItem","position":1,"name":"Home","item":"https:\/\/www.salumisorrentino.com\/"},{"@type":"ListItem","position":2,"name":"SHOP","item":"https:\/\/www.salumisorrentino.com\/shop"},{"@type":"ListItem","position":3,"name":"Prosciutto Cotto \u201cItaliano\u201d Alta Qualit\u00e0"}]},{"@type":"WebSite","@id":"https:\/\/www.salumisorrentino.com\/de\/#website","url":"https:\/\/www.salumisorrentino.com\/de\/","name":"SalumiSorrentino.com","description":"Salumificio Sorrentino | Bont\u00e9 \u00e0 mordre!","publisher":{"@id":"https:\/\/www.salumisorrentino.com\/de\/#organization"},"potentialAction":[{"@type":"SearchAction","target":{"@type":"EntryPoint","urlTemplate":"https:\/\/www.salumisorrentino.com\/de\/?s={search_term_string}"},"query-input":{"@type":"PropertyValueSpecification","valueRequired":true,"valueName":"search_term_string"}}],"inLanguage":"fr-FR"},{"@type":"Organization","@id":"https:\/\/www.salumisorrentino.com\/de\/#organization","name":"Salumificio Sorrentino SRL","url":"https:\/\/www.salumisorrentino.com\/de\/","logo":{"@type":"ImageObject","inLanguage":"fr-FR","@id":"https:\/\/www.salumisorrentino.com\/de\/#\/schema\/logo\/image\/","url":"https:\/\/www.salumisorrentino.com\/wp-content\/uploads\/2017\/03\/salumisorrentino_logo4.png","contentUrl":"https:\/\/www.salumisorrentino.com\/wp-content\/uploads\/2017\/03\/salumisorrentino_logo4.png","width":237,"height":150,"caption":"Salumificio Sorrentino SRL"},"image":{"@id":"https:\/\/www.salumisorrentino.com\/de\/#\/schema\/logo\/image\/"},"sameAs":["https:\/\/www.facebook.com\/SalumiSorrentino","https:\/\/www.instagram.com\/salumificiosorrentino\/","https:\/\/www.youtube.com\/channel\/UC_gMQgCayZuMysAxrDx4lNA"]}]}},"_links":{"self":[{"href":"https:\/\/www.salumisorrentino.com\/fr\/wp-json\/wp\/v2\/product\/3422","targetHints":{"allow":["GET"]}}],"collection":[{"href":"https:\/\/www.salumisorrentino.com\/fr\/wp-json\/wp\/v2\/product"}],"about":[{"href":"https:\/\/www.salumisorrentino.com\/fr\/wp-json\/wp\/v2\/types\/product"}],"replies":[{"embeddable":true,"href":"https:\/\/www.salumisorrentino.com\/fr\/wp-json\/wp\/v2\/comments?post=3422"}],"wp:featuredmedia":[{"embeddable":true,"href":"https:\/\/www.salumisorrentino.com\/fr\/wp-json\/wp\/v2\/media\/2012"}],"wp:attachment":[{"href":"https:\/\/www.salumisorrentino.com\/fr\/wp-json\/wp\/v2\/media?parent=3422"}],"wp:term":[{"taxonomy":"product_brand","embeddable":true,"href":"https:\/\/www.salumisorrentino.com\/fr\/wp-json\/wp\/v2\/product_brand?post=3422"},{"taxonomy":"product_cat","embeddable":true,"href":"https:\/\/www.salumisorrentino.com\/fr\/wp-json\/wp\/v2\/product_cat?post=3422"},{"taxonomy":"product_tag","embeddable":true,"href":"https:\/\/www.salumisorrentino.com\/fr\/wp-json\/wp\/v2\/product_tag?post=3422"}],"curies":[{"name":"wp","href":"https:\/\/api.w.org\/{rel}","templated":true}]}}