{"id":195,"date":"2012-08-10T17:03:09","date_gmt":"2012-08-10T15:03:09","guid":{"rendered":"http:\/\/www.salumisorrentino.com\/?page_id=195"},"modified":"2025-12-10T07:39:01","modified_gmt":"2025-12-10T06:39:01","slug":"stabilimento","status":"publish","type":"page","link":"https:\/\/www.salumisorrentino.com\/fr\/stabilimento","title":{"rendered":"\u00c9TABLISSEMENT"},"content":{"rendered":"Le complexe productif est en villa Romagnoli de Mozzagrogna (Chieti) sur une terre du mq 56.290 et de ce plateau de Frentano montre la vall\u00e9e du Sangro dans le beau panorama du b\u00e2ti de Maiella et de la mer adriatique (approximativement 7 kilom\u00e8tres de sortie d&rsquo;autoroute A14).<\/p>\n<p>L&rsquo;ext\u00e9rieur du complexe est caract\u00e9ris\u00e9 avec de grandes places de service dans un secteur vert beatiful ; La structure a \u00e9t\u00e9 \u00e9tablie \u00e0 l&rsquo;\u00e9gard de la plupart de norme r\u00e9cente la CEE, avec du traitement les technologies les plus de pointe avec les researchs prolong\u00e9s de sur 3 ans. Pour un achive choisi pr\u00e9cis une qualit\u00e9 brillant du produit de finition, le cycle du fonctionnement va de l&rsquo;abattage \u00e0 l&rsquo;assaisonnement, garantissant la commande ponctuelle de chaque phase du cycle productif.<\/p>\n<p>Les \u00e9curies sont \u00e9quip\u00e9es de toutes les solutions les plus modernes pour l&rsquo;acceptation et le traitement du porc vivant.<\/p>\n<p>Le syst\u00e8me d&rsquo;abattage, a un rassemblement de grande capacit\u00e9 et il garantit les meilleurs pr\u00e9sents technologiques d&rsquo;innovations dans le domaine mondial, tous afin de favoriser la production d&rsquo;un produit fortement qualitatif. Toutes les distances de travailler (au cong\u00e9 de l&rsquo;abattage) sont d\u00e9finies pour garantir la reconnaissance et le cheminement des produits dans les diverses \u00e9tapes de la production.<\/p>\n<p>Un plan de l&rsquo;usine (mq approximativement 4.000.) il est consacr\u00e9 au processus du s\u00e9chage, de l&rsquo;assaisonnement et de l&#8217;empaquetage des produits finis.<\/p>\n<p>Les unit\u00e9s d&rsquo;exp\u00e9dition sont s\u00e9par\u00e9es pour les viandes fra\u00eeches et pour les produits secs.<\/p>\n<p><img loading=\"lazy\" decoding=\"async\" class=\"alignnone size-full wp-image-2623\" src=\"https:\/\/www.salumisorrentino.com\/wp-content\/uploads\/2012\/08\/our-place.jpg\" alt=\"our-place\" width=\"702\" height=\"704\" srcset=\"https:\/\/www.salumisorrentino.com\/wp-content\/uploads\/2012\/08\/our-place.jpg 702w, https:\/\/www.salumisorrentino.com\/wp-content\/uploads\/2012\/08\/our-place-300x300.jpg 300w, https:\/\/www.salumisorrentino.com\/wp-content\/uploads\/2012\/08\/our-place-100x100.jpg 100w, https:\/\/www.salumisorrentino.com\/wp-content\/uploads\/2012\/08\/our-place-180x180.jpg 180w\" sizes=\"auto, (max-width: 702px) 100vw, 702px\" \/>","protected":false},"excerpt":{"rendered":"<p>Le complexe productif est en villa Romagnoli de Mozzagrogna (Chieti) sur une terre du mq 56.290 et de ce plateau de Frentano montre la vall\u00e9e du Sangro dans le beau panorama du b\u00e2ti de Maiella et de la mer adriatique (approximativement 7 kilom\u00e8tres de sortie d&rsquo;autoroute A14). L&rsquo;ext\u00e9rieur du complexe est caract\u00e9ris\u00e9 avec de grandes<\/p>\n","protected":false},"author":9192193,"featured_media":7967,"parent":0,"menu_order":0,"comment_status":"closed","ping_status":"open","template":"","meta":{"footnotes":""},"class_list":["post-195","page","type-page","status-publish","has-post-thumbnail","hentry","prodpage-style3"],"yoast_head":"<!-- This site is optimized with the Yoast SEO plugin v27.4 - https:\/\/yoast.com\/product\/yoast-seo-wordpress\/ -->\n<title>\u00c9TABLISSEMENT - SalumiSorrentino.com<\/title>\n<meta name=\"robots\" content=\"index, follow, max-snippet:-1, max-image-preview:large, max-video-preview:-1\" \/>\n<link rel=\"canonical\" href=\"https:\/\/www.salumisorrentino.com\/stabilimento\" \/>\n<meta property=\"og:locale\" content=\"fr_FR\" \/>\n<meta property=\"og:type\" content=\"article\" \/>\n<meta property=\"og:title\" content=\"\u00c9TABLISSEMENT - SalumiSorrentino.com\" \/>\n<meta property=\"og:description\" content=\"Le complexe productif est en villa Romagnoli de Mozzagrogna (Chieti) sur une terre du mq 56.290 et de ce plateau de Frentano montre la vall\u00e9e du Sangro dans le beau panorama du b\u00e2ti de Maiella et de la mer adriatique (approximativement 7 kilom\u00e8tres de sortie d&rsquo;autoroute A14). L&rsquo;ext\u00e9rieur du complexe est caract\u00e9ris\u00e9 avec de grandes\" \/>\n<meta property=\"og:url\" content=\"https:\/\/www.salumisorrentino.com\/stabilimento\" \/>\n<meta property=\"og:site_name\" content=\"SalumiSorrentino.com\" \/>\n<meta property=\"article:publisher\" content=\"https:\/\/www.facebook.com\/SalumiSorrentino\" \/>\n<meta property=\"article:modified_time\" content=\"2025-12-10T06:39:01+00:00\" \/>\n<meta property=\"og:image\" content=\"https:\/\/www.salumisorrentino.com\/wp-content\/uploads\/2012\/08\/stabilimento.jpg\" \/>\n\t<meta property=\"og:image:width\" content=\"800\" \/>\n\t<meta property=\"og:image:height\" content=\"587\" \/>\n\t<meta property=\"og:image:type\" content=\"image\/jpeg\" \/>\n<meta name=\"twitter:card\" content=\"summary_large_image\" \/>\n<meta name=\"twitter:label1\" content=\"Dur\u00e9e de lecture estim\u00e9e\" \/>\n\t<meta name=\"twitter:data1\" content=\"6 minutes\" \/>\n<script type=\"application\/ld+json\" class=\"yoast-schema-graph\">{\"@context\":\"https:\\\/\\\/schema.org\",\"@graph\":[{\"@type\":\"WebPage\",\"@id\":\"https:\\\/\\\/www.salumisorrentino.com\\\/stabilimento\",\"url\":\"https:\\\/\\\/www.salumisorrentino.com\\\/stabilimento\",\"name\":\"\u00c9TABLISSEMENT - SalumiSorrentino.com\",\"isPartOf\":{\"@id\":\"https:\\\/\\\/www.salumisorrentino.com\\\/de\\\/#website\"},\"primaryImageOfPage\":{\"@id\":\"https:\\\/\\\/www.salumisorrentino.com\\\/stabilimento#primaryimage\"},\"image\":{\"@id\":\"https:\\\/\\\/www.salumisorrentino.com\\\/stabilimento#primaryimage\"},\"thumbnailUrl\":\"https:\\\/\\\/www.salumisorrentino.com\\\/wp-content\\\/uploads\\\/2025\\\/12\\\/stabilimento-new.jpg\",\"datePublished\":\"2012-08-10T15:03:09+00:00\",\"dateModified\":\"2025-12-10T06:39:01+00:00\",\"breadcrumb\":{\"@id\":\"https:\\\/\\\/www.salumisorrentino.com\\\/stabilimento#breadcrumb\"},\"inLanguage\":\"fr-FR\",\"potentialAction\":[{\"@type\":\"ReadAction\",\"target\":[\"https:\\\/\\\/www.salumisorrentino.com\\\/stabilimento\"]}]},{\"@type\":\"ImageObject\",\"inLanguage\":\"fr-FR\",\"@id\":\"https:\\\/\\\/www.salumisorrentino.com\\\/stabilimento#primaryimage\",\"url\":\"https:\\\/\\\/www.salumisorrentino.com\\\/wp-content\\\/uploads\\\/2025\\\/12\\\/stabilimento-new.jpg\",\"contentUrl\":\"https:\\\/\\\/www.salumisorrentino.com\\\/wp-content\\\/uploads\\\/2025\\\/12\\\/stabilimento-new.jpg\",\"width\":1920,\"height\":1080},{\"@type\":\"BreadcrumbList\",\"@id\":\"https:\\\/\\\/www.salumisorrentino.com\\\/stabilimento#breadcrumb\",\"itemListElement\":[{\"@type\":\"ListItem\",\"position\":1,\"name\":\"Home\",\"item\":\"https:\\\/\\\/www.salumisorrentino.com\\\/\"},{\"@type\":\"ListItem\",\"position\":2,\"name\":\"PLANT\"}]},{\"@type\":\"WebSite\",\"@id\":\"https:\\\/\\\/www.salumisorrentino.com\\\/de\\\/#website\",\"url\":\"https:\\\/\\\/www.salumisorrentino.com\\\/de\\\/\",\"name\":\"SalumiSorrentino.com\",\"description\":\"Salumificio Sorrentino | Bont\u00e9 \u00e0 mordre!\",\"publisher\":{\"@id\":\"https:\\\/\\\/www.salumisorrentino.com\\\/de\\\/#organization\"},\"potentialAction\":[{\"@type\":\"SearchAction\",\"target\":{\"@type\":\"EntryPoint\",\"urlTemplate\":\"https:\\\/\\\/www.salumisorrentino.com\\\/de\\\/?s={search_term_string}\"},\"query-input\":{\"@type\":\"PropertyValueSpecification\",\"valueRequired\":true,\"valueName\":\"search_term_string\"}}],\"inLanguage\":\"fr-FR\"},{\"@type\":\"Organization\",\"@id\":\"https:\\\/\\\/www.salumisorrentino.com\\\/de\\\/#organization\",\"name\":\"Salumificio Sorrentino SRL\",\"url\":\"https:\\\/\\\/www.salumisorrentino.com\\\/de\\\/\",\"logo\":{\"@type\":\"ImageObject\",\"inLanguage\":\"fr-FR\",\"@id\":\"https:\\\/\\\/www.salumisorrentino.com\\\/de\\\/#\\\/schema\\\/logo\\\/image\\\/\",\"url\":\"https:\\\/\\\/www.salumisorrentino.com\\\/wp-content\\\/uploads\\\/2017\\\/03\\\/salumisorrentino_logo4.png\",\"contentUrl\":\"https:\\\/\\\/www.salumisorrentino.com\\\/wp-content\\\/uploads\\\/2017\\\/03\\\/salumisorrentino_logo4.png\",\"width\":237,\"height\":150,\"caption\":\"Salumificio Sorrentino SRL\"},\"image\":{\"@id\":\"https:\\\/\\\/www.salumisorrentino.com\\\/de\\\/#\\\/schema\\\/logo\\\/image\\\/\"},\"sameAs\":[\"https:\\\/\\\/www.facebook.com\\\/SalumiSorrentino\",\"https:\\\/\\\/www.instagram.com\\\/salumificiosorrentino\\\/\",\"https:\\\/\\\/www.youtube.com\\\/channel\\\/UC_gMQgCayZuMysAxrDx4lNA\"]}]}<\/script>\n<!-- \/ Yoast SEO plugin. -->","yoast_head_json":{"title":"\u00c9TABLISSEMENT - SalumiSorrentino.com","robots":{"index":"index","follow":"follow","max-snippet":"max-snippet:-1","max-image-preview":"max-image-preview:large","max-video-preview":"max-video-preview:-1"},"canonical":"https:\/\/www.salumisorrentino.com\/stabilimento","og_locale":"fr_FR","og_type":"article","og_title":"\u00c9TABLISSEMENT - SalumiSorrentino.com","og_description":"Le complexe productif est en villa Romagnoli de Mozzagrogna (Chieti) sur une terre du mq 56.290 et de ce plateau de Frentano montre la vall\u00e9e du Sangro dans le beau panorama du b\u00e2ti de Maiella et de la mer adriatique (approximativement 7 kilom\u00e8tres de sortie d&rsquo;autoroute A14). L&rsquo;ext\u00e9rieur du complexe est caract\u00e9ris\u00e9 avec de grandes","og_url":"https:\/\/www.salumisorrentino.com\/stabilimento","og_site_name":"SalumiSorrentino.com","article_publisher":"https:\/\/www.facebook.com\/SalumiSorrentino","article_modified_time":"2025-12-10T06:39:01+00:00","og_image":[{"width":800,"height":587,"url":"https:\/\/www.salumisorrentino.com\/wp-content\/uploads\/2012\/08\/stabilimento.jpg","type":"image\/jpeg"}],"twitter_card":"summary_large_image","twitter_misc":{"Dur\u00e9e de lecture estim\u00e9e":"6 minutes"},"schema":{"@context":"https:\/\/schema.org","@graph":[{"@type":"WebPage","@id":"https:\/\/www.salumisorrentino.com\/stabilimento","url":"https:\/\/www.salumisorrentino.com\/stabilimento","name":"\u00c9TABLISSEMENT - SalumiSorrentino.com","isPartOf":{"@id":"https:\/\/www.salumisorrentino.com\/de\/#website"},"primaryImageOfPage":{"@id":"https:\/\/www.salumisorrentino.com\/stabilimento#primaryimage"},"image":{"@id":"https:\/\/www.salumisorrentino.com\/stabilimento#primaryimage"},"thumbnailUrl":"https:\/\/www.salumisorrentino.com\/wp-content\/uploads\/2025\/12\/stabilimento-new.jpg","datePublished":"2012-08-10T15:03:09+00:00","dateModified":"2025-12-10T06:39:01+00:00","breadcrumb":{"@id":"https:\/\/www.salumisorrentino.com\/stabilimento#breadcrumb"},"inLanguage":"fr-FR","potentialAction":[{"@type":"ReadAction","target":["https:\/\/www.salumisorrentino.com\/stabilimento"]}]},{"@type":"ImageObject","inLanguage":"fr-FR","@id":"https:\/\/www.salumisorrentino.com\/stabilimento#primaryimage","url":"https:\/\/www.salumisorrentino.com\/wp-content\/uploads\/2025\/12\/stabilimento-new.jpg","contentUrl":"https:\/\/www.salumisorrentino.com\/wp-content\/uploads\/2025\/12\/stabilimento-new.jpg","width":1920,"height":1080},{"@type":"BreadcrumbList","@id":"https:\/\/www.salumisorrentino.com\/stabilimento#breadcrumb","itemListElement":[{"@type":"ListItem","position":1,"name":"Home","item":"https:\/\/www.salumisorrentino.com\/"},{"@type":"ListItem","position":2,"name":"PLANT"}]},{"@type":"WebSite","@id":"https:\/\/www.salumisorrentino.com\/de\/#website","url":"https:\/\/www.salumisorrentino.com\/de\/","name":"SalumiSorrentino.com","description":"Salumificio Sorrentino | Bont\u00e9 \u00e0 mordre!","publisher":{"@id":"https:\/\/www.salumisorrentino.com\/de\/#organization"},"potentialAction":[{"@type":"SearchAction","target":{"@type":"EntryPoint","urlTemplate":"https:\/\/www.salumisorrentino.com\/de\/?s={search_term_string}"},"query-input":{"@type":"PropertyValueSpecification","valueRequired":true,"valueName":"search_term_string"}}],"inLanguage":"fr-FR"},{"@type":"Organization","@id":"https:\/\/www.salumisorrentino.com\/de\/#organization","name":"Salumificio Sorrentino SRL","url":"https:\/\/www.salumisorrentino.com\/de\/","logo":{"@type":"ImageObject","inLanguage":"fr-FR","@id":"https:\/\/www.salumisorrentino.com\/de\/#\/schema\/logo\/image\/","url":"https:\/\/www.salumisorrentino.com\/wp-content\/uploads\/2017\/03\/salumisorrentino_logo4.png","contentUrl":"https:\/\/www.salumisorrentino.com\/wp-content\/uploads\/2017\/03\/salumisorrentino_logo4.png","width":237,"height":150,"caption":"Salumificio Sorrentino SRL"},"image":{"@id":"https:\/\/www.salumisorrentino.com\/de\/#\/schema\/logo\/image\/"},"sameAs":["https:\/\/www.facebook.com\/SalumiSorrentino","https:\/\/www.instagram.com\/salumificiosorrentino\/","https:\/\/www.youtube.com\/channel\/UC_gMQgCayZuMysAxrDx4lNA"]}]}},"_links":{"self":[{"href":"https:\/\/www.salumisorrentino.com\/fr\/wp-json\/wp\/v2\/pages\/195","targetHints":{"allow":["GET"]}}],"collection":[{"href":"https:\/\/www.salumisorrentino.com\/fr\/wp-json\/wp\/v2\/pages"}],"about":[{"href":"https:\/\/www.salumisorrentino.com\/fr\/wp-json\/wp\/v2\/types\/page"}],"author":[{"embeddable":true,"href":"https:\/\/www.salumisorrentino.com\/fr\/wp-json\/wp\/v2\/users\/9192193"}],"replies":[{"embeddable":true,"href":"https:\/\/www.salumisorrentino.com\/fr\/wp-json\/wp\/v2\/comments?post=195"}],"version-history":[{"count":8,"href":"https:\/\/www.salumisorrentino.com\/fr\/wp-json\/wp\/v2\/pages\/195\/revisions"}],"predecessor-version":[{"id":7969,"href":"https:\/\/www.salumisorrentino.com\/fr\/wp-json\/wp\/v2\/pages\/195\/revisions\/7969"}],"wp:featuredmedia":[{"embeddable":true,"href":"https:\/\/www.salumisorrentino.com\/fr\/wp-json\/wp\/v2\/media\/7967"}],"wp:attachment":[{"href":"https:\/\/www.salumisorrentino.com\/fr\/wp-json\/wp\/v2\/media?parent=195"}],"curies":[{"name":"wp","href":"https:\/\/api.w.org\/{rel}","templated":true}]}}