{"id":3472,"date":"2017-02-13T08:38:41","date_gmt":"2017-02-13T07:38:41","guid":{"rendered":"http:\/\/www.salumisorrentino.com\/?post_type=product&#038;p=3472"},"modified":"2023-01-30T15:41:23","modified_gmt":"2023-01-30T14:41:23","slug":"salame-ventricina-abruzzese-asporto","status":"publish","type":"product","link":"https:\/\/www.salumisorrentino.com\/en\/shop\/salami-da-asporto\/salame-ventricina-abruzzese-asporto","title":{"rendered":"Ventricina Salami"},"content":{"rendered":"Typical from our region, Abruzzo, this natural casing salami is well known for the quality of the meat (with ham parts) and its natural chilli pepper. Made in natural casing, it weights 450 grams. Available whole, whole vacuum or flow pack.","protected":false},"excerpt":{"rendered":"<p>Typical from our region, Abruzzo, this natural casing salami is well known for the quality of the meat (with ham parts) and its natural chilli pepper. Made in natural casing, it weights 450 grams. Available whole, whole vacuum or flow pack.<\/p>\n","protected":false},"featured_media":7521,"comment_status":"open","ping_status":"closed","template":"","meta":[],"product_brand":[],"product_cat":[173],"product_tag":[253,254,255],"class_list":{"0":"post-3472","1":"product","2":"type-product","3":"status-publish","4":"has-post-thumbnail","6":"product_cat-salami-da-asporto","7":"product_tag-ventricina-abruzzese","8":"product_tag-salame-abruzzese","9":"product_tag-ventricina-abruzzese-originale","11":"first","12":"instock","13":"taxable","14":"shipping-taxable","15":"product-type-simple","16":"prodpage-style3"},"yoast_head":"<!-- This site is optimized with the Yoast SEO plugin v27.5 - https:\/\/yoast.com\/product\/yoast-seo-wordpress\/ -->\n<title>Ventricina Salami - SalumiSorrentino.com<\/title>\n<meta name=\"description\" content=\"(Italiano) Il Salame Ventricina Abruzzese Sorrentino \u00e8 qui riproposto in versione da asporto, con le qualit\u00e0 della ricetta originale e la praticit\u00e0 del piccolo salame.\" \/>\n<meta name=\"robots\" content=\"index, follow, max-snippet:-1, max-image-preview:large, max-video-preview:-1\" \/>\n<link rel=\"canonical\" href=\"https:\/\/www.salumisorrentino.com\/shop\/salami-da-asporto\/salame-ventricina-abruzzese-asporto\" \/>\n<meta property=\"og:locale\" content=\"en_US\" \/>\n<meta property=\"og:type\" content=\"article\" \/>\n<meta property=\"og:title\" content=\"Salame Ventricina Abruzzese (asporto)\" \/>\n<meta property=\"og:description\" content=\"Il Salame Ventricina Abruzzese Sorrentino \u00e8 qui riproposto in versione da asporto, con le qualit\u00e0 della ricetta originale e la praticit\u00e0 del piccolo salame.\" \/>\n<meta property=\"og:url\" content=\"https:\/\/www.salumisorrentino.com\/shop\/salami-da-asporto\/salame-ventricina-abruzzese-asporto\" \/>\n<meta property=\"og:site_name\" content=\"SalumiSorrentino.com\" \/>\n<meta property=\"article:publisher\" content=\"https:\/\/www.facebook.com\/SalumiSorrentino\" \/>\n<meta property=\"article:modified_time\" content=\"2023-01-30T14:41:23+00:00\" \/>\n<meta property=\"og:image\" content=\"https:\/\/www.salumisorrentino.com\/wp-content\/uploads\/2012\/08\/ventricina.jpg\" \/>\n\t<meta property=\"og:image:width\" content=\"980\" \/>\n\t<meta property=\"og:image:height\" content=\"735\" \/>\n\t<meta property=\"og:image:type\" content=\"image\/jpeg\" \/>\n<meta name=\"twitter:card\" content=\"summary_large_image\" \/>\n<meta name=\"twitter:title\" content=\"Salame Ventricina Abruzzese (asporto)\" \/>\n<meta name=\"twitter:description\" content=\"Il Salame Ventricina Abruzzese Sorrentino \u00e8 qui riproposto in versione da asporto, con le qualit\u00e0 della ricetta originale e la praticit\u00e0 del piccolo salame.\" \/>\n<meta name=\"twitter:image\" content=\"https:\/\/www.salumisorrentino.com\/wp-content\/uploads\/2012\/08\/ventricina.jpg\" \/>\n<meta name=\"twitter:label1\" content=\"Est. reading time\" \/>\n\t<meta name=\"twitter:data1\" content=\"2 minutes\" \/>\n<script type=\"application\/ld+json\" class=\"yoast-schema-graph\">{\"@context\":\"https:\\\/\\\/schema.org\",\"@graph\":[{\"@type\":\"WebPage\",\"@id\":\"https:\\\/\\\/www.salumisorrentino.com\\\/shop\\\/salami-da-asporto\\\/salame-ventricina-abruzzese-asporto\",\"url\":\"https:\\\/\\\/www.salumisorrentino.com\\\/shop\\\/salami-da-asporto\\\/salame-ventricina-abruzzese-asporto\",\"name\":\"Ventricina Salami - SalumiSorrentino.com\",\"isPartOf\":{\"@id\":\"https:\\\/\\\/www.salumisorrentino.com\\\/de\\\/#website\"},\"primaryImageOfPage\":{\"@id\":\"https:\\\/\\\/www.salumisorrentino.com\\\/shop\\\/salami-da-asporto\\\/salame-ventricina-abruzzese-asporto#primaryimage\"},\"image\":{\"@id\":\"https:\\\/\\\/www.salumisorrentino.com\\\/shop\\\/salami-da-asporto\\\/salame-ventricina-abruzzese-asporto#primaryimage\"},\"thumbnailUrl\":\"https:\\\/\\\/www.salumisorrentino.com\\\/wp-content\\\/uploads\\\/2017\\\/02\\\/1211-SALAME-VENTRICINA-ABRUZZESE-FILEminimizer.jpg\",\"datePublished\":\"2017-02-13T07:38:41+00:00\",\"dateModified\":\"2023-01-30T14:41:23+00:00\",\"description\":\"{:it}Il Salame Ventricina Abruzzese Sorrentino \u00e8 qui riproposto in versione da asporto, con le qualit\u00e0 della ricetta originale e la praticit\u00e0 del piccolo salame.{:}\",\"breadcrumb\":{\"@id\":\"https:\\\/\\\/www.salumisorrentino.com\\\/shop\\\/salami-da-asporto\\\/salame-ventricina-abruzzese-asporto#breadcrumb\"},\"inLanguage\":\"en-US\",\"potentialAction\":[{\"@type\":\"ReadAction\",\"target\":[\"https:\\\/\\\/www.salumisorrentino.com\\\/shop\\\/salami-da-asporto\\\/salame-ventricina-abruzzese-asporto\"]}]},{\"@type\":\"ImageObject\",\"inLanguage\":\"en-US\",\"@id\":\"https:\\\/\\\/www.salumisorrentino.com\\\/shop\\\/salami-da-asporto\\\/salame-ventricina-abruzzese-asporto#primaryimage\",\"url\":\"https:\\\/\\\/www.salumisorrentino.com\\\/wp-content\\\/uploads\\\/2017\\\/02\\\/1211-SALAME-VENTRICINA-ABRUZZESE-FILEminimizer.jpg\",\"contentUrl\":\"https:\\\/\\\/www.salumisorrentino.com\\\/wp-content\\\/uploads\\\/2017\\\/02\\\/1211-SALAME-VENTRICINA-ABRUZZESE-FILEminimizer.jpg\",\"width\":719,\"height\":480},{\"@type\":\"BreadcrumbList\",\"@id\":\"https:\\\/\\\/www.salumisorrentino.com\\\/shop\\\/salami-da-asporto\\\/salame-ventricina-abruzzese-asporto#breadcrumb\",\"itemListElement\":[{\"@type\":\"ListItem\",\"position\":1,\"name\":\"Home\",\"item\":\"https:\\\/\\\/www.salumisorrentino.com\\\/\"},{\"@type\":\"ListItem\",\"position\":2,\"name\":\"SHOP\",\"item\":\"https:\\\/\\\/www.salumisorrentino.com\\\/shop\"},{\"@type\":\"ListItem\",\"position\":3,\"name\":\"Salame Ventricina Abruzzese (asporto)\"}]},{\"@type\":\"WebSite\",\"@id\":\"https:\\\/\\\/www.salumisorrentino.com\\\/de\\\/#website\",\"url\":\"https:\\\/\\\/www.salumisorrentino.com\\\/de\\\/\",\"name\":\"SalumiSorrentino.com\",\"description\":\"Salumificio Sorrentino | A goodness to bite!\",\"publisher\":{\"@id\":\"https:\\\/\\\/www.salumisorrentino.com\\\/de\\\/#organization\"},\"potentialAction\":[{\"@type\":\"SearchAction\",\"target\":{\"@type\":\"EntryPoint\",\"urlTemplate\":\"https:\\\/\\\/www.salumisorrentino.com\\\/de\\\/?s={search_term_string}\"},\"query-input\":{\"@type\":\"PropertyValueSpecification\",\"valueRequired\":true,\"valueName\":\"search_term_string\"}}],\"inLanguage\":\"en-US\"},{\"@type\":\"Organization\",\"@id\":\"https:\\\/\\\/www.salumisorrentino.com\\\/de\\\/#organization\",\"name\":\"Salumificio Sorrentino SRL\",\"url\":\"https:\\\/\\\/www.salumisorrentino.com\\\/de\\\/\",\"logo\":{\"@type\":\"ImageObject\",\"inLanguage\":\"en-US\",\"@id\":\"https:\\\/\\\/www.salumisorrentino.com\\\/de\\\/#\\\/schema\\\/logo\\\/image\\\/\",\"url\":\"https:\\\/\\\/www.salumisorrentino.com\\\/wp-content\\\/uploads\\\/2017\\\/03\\\/salumisorrentino_logo4.png\",\"contentUrl\":\"https:\\\/\\\/www.salumisorrentino.com\\\/wp-content\\\/uploads\\\/2017\\\/03\\\/salumisorrentino_logo4.png\",\"width\":237,\"height\":150,\"caption\":\"Salumificio Sorrentino SRL\"},\"image\":{\"@id\":\"https:\\\/\\\/www.salumisorrentino.com\\\/de\\\/#\\\/schema\\\/logo\\\/image\\\/\"},\"sameAs\":[\"https:\\\/\\\/www.facebook.com\\\/SalumiSorrentino\",\"https:\\\/\\\/www.instagram.com\\\/salumificiosorrentino\\\/\",\"https:\\\/\\\/www.youtube.com\\\/channel\\\/UC_gMQgCayZuMysAxrDx4lNA\"]}]}<\/script>\n<!-- \/ Yoast SEO plugin. -->","yoast_head_json":{"title":"Ventricina Salami - SalumiSorrentino.com","description":"(Italiano) Il Salame Ventricina Abruzzese Sorrentino \u00e8 qui riproposto in versione da asporto, con le qualit\u00e0 della ricetta originale e la praticit\u00e0 del piccolo salame.","robots":{"index":"index","follow":"follow","max-snippet":"max-snippet:-1","max-image-preview":"max-image-preview:large","max-video-preview":"max-video-preview:-1"},"canonical":"https:\/\/www.salumisorrentino.com\/shop\/salami-da-asporto\/salame-ventricina-abruzzese-asporto","og_locale":"en_US","og_type":"article","og_title":"Salame Ventricina Abruzzese (asporto)","og_description":"Il Salame Ventricina Abruzzese Sorrentino \u00e8 qui riproposto in versione da asporto, con le qualit\u00e0 della ricetta originale e la praticit\u00e0 del piccolo salame.","og_url":"https:\/\/www.salumisorrentino.com\/shop\/salami-da-asporto\/salame-ventricina-abruzzese-asporto","og_site_name":"SalumiSorrentino.com","article_publisher":"https:\/\/www.facebook.com\/SalumiSorrentino","article_modified_time":"2023-01-30T14:41:23+00:00","og_image":[{"width":980,"height":735,"url":"https:\/\/www.salumisorrentino.com\/wp-content\/uploads\/2012\/08\/ventricina.jpg","type":"image\/jpeg"}],"twitter_card":"summary_large_image","twitter_title":"Salame Ventricina Abruzzese (asporto)","twitter_description":"Il Salame Ventricina Abruzzese Sorrentino \u00e8 qui riproposto in versione da asporto, con le qualit\u00e0 della ricetta originale e la praticit\u00e0 del piccolo salame.","twitter_image":"https:\/\/www.salumisorrentino.com\/wp-content\/uploads\/2012\/08\/ventricina.jpg","twitter_misc":{"Est. reading time":"2 minutes"},"schema":{"@context":"https:\/\/schema.org","@graph":[{"@type":"WebPage","@id":"https:\/\/www.salumisorrentino.com\/shop\/salami-da-asporto\/salame-ventricina-abruzzese-asporto","url":"https:\/\/www.salumisorrentino.com\/shop\/salami-da-asporto\/salame-ventricina-abruzzese-asporto","name":"Ventricina Salami - SalumiSorrentino.com","isPartOf":{"@id":"https:\/\/www.salumisorrentino.com\/de\/#website"},"primaryImageOfPage":{"@id":"https:\/\/www.salumisorrentino.com\/shop\/salami-da-asporto\/salame-ventricina-abruzzese-asporto#primaryimage"},"image":{"@id":"https:\/\/www.salumisorrentino.com\/shop\/salami-da-asporto\/salame-ventricina-abruzzese-asporto#primaryimage"},"thumbnailUrl":"https:\/\/www.salumisorrentino.com\/wp-content\/uploads\/2017\/02\/1211-SALAME-VENTRICINA-ABRUZZESE-FILEminimizer.jpg","datePublished":"2017-02-13T07:38:41+00:00","dateModified":"2023-01-30T14:41:23+00:00","description":"{:it}Il Salame Ventricina Abruzzese Sorrentino \u00e8 qui riproposto in versione da asporto, con le qualit\u00e0 della ricetta originale e la praticit\u00e0 del piccolo salame.{:}","breadcrumb":{"@id":"https:\/\/www.salumisorrentino.com\/shop\/salami-da-asporto\/salame-ventricina-abruzzese-asporto#breadcrumb"},"inLanguage":"en-US","potentialAction":[{"@type":"ReadAction","target":["https:\/\/www.salumisorrentino.com\/shop\/salami-da-asporto\/salame-ventricina-abruzzese-asporto"]}]},{"@type":"ImageObject","inLanguage":"en-US","@id":"https:\/\/www.salumisorrentino.com\/shop\/salami-da-asporto\/salame-ventricina-abruzzese-asporto#primaryimage","url":"https:\/\/www.salumisorrentino.com\/wp-content\/uploads\/2017\/02\/1211-SALAME-VENTRICINA-ABRUZZESE-FILEminimizer.jpg","contentUrl":"https:\/\/www.salumisorrentino.com\/wp-content\/uploads\/2017\/02\/1211-SALAME-VENTRICINA-ABRUZZESE-FILEminimizer.jpg","width":719,"height":480},{"@type":"BreadcrumbList","@id":"https:\/\/www.salumisorrentino.com\/shop\/salami-da-asporto\/salame-ventricina-abruzzese-asporto#breadcrumb","itemListElement":[{"@type":"ListItem","position":1,"name":"Home","item":"https:\/\/www.salumisorrentino.com\/"},{"@type":"ListItem","position":2,"name":"SHOP","item":"https:\/\/www.salumisorrentino.com\/shop"},{"@type":"ListItem","position":3,"name":"Salame Ventricina Abruzzese (asporto)"}]},{"@type":"WebSite","@id":"https:\/\/www.salumisorrentino.com\/de\/#website","url":"https:\/\/www.salumisorrentino.com\/de\/","name":"SalumiSorrentino.com","description":"Salumificio Sorrentino | A goodness to bite!","publisher":{"@id":"https:\/\/www.salumisorrentino.com\/de\/#organization"},"potentialAction":[{"@type":"SearchAction","target":{"@type":"EntryPoint","urlTemplate":"https:\/\/www.salumisorrentino.com\/de\/?s={search_term_string}"},"query-input":{"@type":"PropertyValueSpecification","valueRequired":true,"valueName":"search_term_string"}}],"inLanguage":"en-US"},{"@type":"Organization","@id":"https:\/\/www.salumisorrentino.com\/de\/#organization","name":"Salumificio Sorrentino SRL","url":"https:\/\/www.salumisorrentino.com\/de\/","logo":{"@type":"ImageObject","inLanguage":"en-US","@id":"https:\/\/www.salumisorrentino.com\/de\/#\/schema\/logo\/image\/","url":"https:\/\/www.salumisorrentino.com\/wp-content\/uploads\/2017\/03\/salumisorrentino_logo4.png","contentUrl":"https:\/\/www.salumisorrentino.com\/wp-content\/uploads\/2017\/03\/salumisorrentino_logo4.png","width":237,"height":150,"caption":"Salumificio Sorrentino SRL"},"image":{"@id":"https:\/\/www.salumisorrentino.com\/de\/#\/schema\/logo\/image\/"},"sameAs":["https:\/\/www.facebook.com\/SalumiSorrentino","https:\/\/www.instagram.com\/salumificiosorrentino\/","https:\/\/www.youtube.com\/channel\/UC_gMQgCayZuMysAxrDx4lNA"]}]}},"_links":{"self":[{"href":"https:\/\/www.salumisorrentino.com\/en\/wp-json\/wp\/v2\/product\/3472","targetHints":{"allow":["GET"]}}],"collection":[{"href":"https:\/\/www.salumisorrentino.com\/en\/wp-json\/wp\/v2\/product"}],"about":[{"href":"https:\/\/www.salumisorrentino.com\/en\/wp-json\/wp\/v2\/types\/product"}],"replies":[{"embeddable":true,"href":"https:\/\/www.salumisorrentino.com\/en\/wp-json\/wp\/v2\/comments?post=3472"}],"wp:featuredmedia":[{"embeddable":true,"href":"https:\/\/www.salumisorrentino.com\/en\/wp-json\/wp\/v2\/media\/7521"}],"wp:attachment":[{"href":"https:\/\/www.salumisorrentino.com\/en\/wp-json\/wp\/v2\/media?parent=3472"}],"wp:term":[{"taxonomy":"product_brand","embeddable":true,"href":"https:\/\/www.salumisorrentino.com\/en\/wp-json\/wp\/v2\/product_brand?post=3472"},{"taxonomy":"product_cat","embeddable":true,"href":"https:\/\/www.salumisorrentino.com\/en\/wp-json\/wp\/v2\/product_cat?post=3472"},{"taxonomy":"product_tag","embeddable":true,"href":"https:\/\/www.salumisorrentino.com\/en\/wp-json\/wp\/v2\/product_tag?post=3472"}],"curies":[{"name":"wp","href":"https:\/\/api.w.org\/{rel}","templated":true}]}}