{"id":7334,"date":"2022-05-30T11:21:39","date_gmt":"2022-05-30T09:21:39","guid":{"rendered":"https:\/\/www.salumisorrentino.com\/?post_type=product&#038;p=7334"},"modified":"2022-06-01T09:00:05","modified_gmt":"2022-06-01T07:00:05","slug":"sorfume-filetto-di-suino-affumicato","status":"publish","type":"product","link":"https:\/\/www.salumisorrentino.com\/de\/shop\/altri-prodotti\/sorfume-filetto-di-suino-affumicato","title":{"rendered":"Sorfum\u00e9 &#8211; Gew\u00fcrzter und ger\u00e4ucherter Schweinelende mit Schwarte"},"content":{"rendered":"Sorfum\u00e9 ist der j\u00fcngste Spross der Familie Sorrentino! Es handelt sich um ein Schweinefilet, das nach Art von Speck verarbeitet, gekonnt gew\u00fcrzt und ger\u00e4uchert wird. Sein milder, leicht ger\u00e4ucherter Geschmack und das gute Verh\u00e4ltnis zwischen Mager- und Fettanteil machen es zu einem delikaten und schmackhaften Produkt, das Ihren Gaumen \u00fcberraschen wird! Ideal f\u00fcr Salate oder Aperitifs. Fachm\u00e4nnisch mindestens 5 Monate gereift, wiegt es 3,2 kg.","protected":false},"excerpt":{"rendered":"<p>Sorfum\u00e9 ist der j\u00fcngste Spross der Familie Sorrentino! Es handelt sich um ein Schweinefilet, das nach Art von Speck verarbeitet, gekonnt gew\u00fcrzt und ger\u00e4uchert wird. Sein milder, leicht ger\u00e4ucherter Geschmack und das gute Verh\u00e4ltnis zwischen Mager- und Fettanteil machen es zu einem delikaten und schmackhaften Produkt, das Ihren Gaumen \u00fcberraschen wird! Ideal f\u00fcr Salate oder<\/p>\n","protected":false},"featured_media":7335,"comment_status":"closed","ping_status":"closed","template":"","meta":[],"product_brand":[],"product_cat":[144],"product_tag":[422,424,425,426],"class_list":{"0":"post-7334","1":"product","2":"type-product","3":"status-publish","4":"has-post-thumbnail","6":"product_cat-altri-prodotti","7":"product_tag-sorfume","8":"product_tag-affumicato","9":"product_tag-smoked","10":"product_tag-fume","12":"first","13":"instock","14":"taxable","15":"shipping-taxable","16":"product-type-simple","17":"prodpage-style3"},"yoast_head":"<!-- This site is optimized with the Yoast SEO plugin v27.6 - https:\/\/yoast.com\/product\/yoast-seo-wordpress\/ -->\n<title>Sorfum\u00e9 - Gew\u00fcrzter und ger\u00e4ucherter Schweinelende mit Schwarte - SalumiSorrentino.com<\/title>\n<meta name=\"description\" content=\"(Italiano) Il Sorfume&#039; \u00e8 l&#039;ultimo arrivato in casa Sorrentino! L&#039;idea \u00e8 di un prodotto simil speck % , si tratta di un filetto di suino, sapientemente aromatizzato e affumicato\" \/>\n<meta name=\"robots\" content=\"index, follow, max-snippet:-1, max-image-preview:large, max-video-preview:-1\" \/>\n<link rel=\"canonical\" href=\"https:\/\/www.salumisorrentino.com\/shop\/altri-prodotti\/sorfume-filetto-di-suino-affumicato\" \/>\n<meta property=\"og:locale\" content=\"de_DE\" \/>\n<meta property=\"og:type\" content=\"article\" \/>\n<meta property=\"og:title\" content=\"Sorfum\u00e9 - Gew\u00fcrzter und ger\u00e4ucherter Schweinelende mit Schwarte - SalumiSorrentino.com\" \/>\n<meta property=\"og:description\" content=\"{:it}Il Sorfume&#039; \u00e8 l&#039;ultimo arrivato in casa Sorrentino! L&#039;idea \u00e8 di un prodotto simil speck % , si tratta di un filetto di suino, sapientemente aromatizzato e affumicato{:}\" \/>\n<meta property=\"og:url\" content=\"https:\/\/www.salumisorrentino.com\/shop\/altri-prodotti\/sorfume-filetto-di-suino-affumicato\" \/>\n<meta property=\"og:site_name\" content=\"SalumiSorrentino.com\" \/>\n<meta property=\"article:publisher\" content=\"https:\/\/www.facebook.com\/SalumiSorrentino\" \/>\n<meta property=\"article:modified_time\" content=\"2022-06-01T07:00:05+00:00\" \/>\n<meta property=\"og:image\" content=\"https:\/\/www.salumisorrentino.com\/wp-content\/uploads\/2022\/05\/1216FUV-SORFUME-scaled.jpg\" \/>\n\t<meta property=\"og:image:width\" content=\"2560\" \/>\n\t<meta property=\"og:image:height\" content=\"2251\" \/>\n\t<meta property=\"og:image:type\" content=\"image\/jpeg\" \/>\n<meta name=\"twitter:card\" content=\"summary_large_image\" \/>\n<meta name=\"twitter:label1\" content=\"Gesch\u00e4tzte Lesezeit\" \/>\n\t<meta name=\"twitter:data1\" content=\"1\u00a0Minute\" \/>\n<script type=\"application\/ld+json\" class=\"yoast-schema-graph\">{\"@context\":\"https:\\\/\\\/schema.org\",\"@graph\":[{\"@type\":\"WebPage\",\"@id\":\"https:\\\/\\\/www.salumisorrentino.com\\\/shop\\\/altri-prodotti\\\/sorfume-filetto-di-suino-affumicato\",\"url\":\"https:\\\/\\\/www.salumisorrentino.com\\\/shop\\\/altri-prodotti\\\/sorfume-filetto-di-suino-affumicato\",\"name\":\"Sorfum\u00e9 - Gew\u00fcrzter und ger\u00e4ucherter Schweinelende mit Schwarte - SalumiSorrentino.com\",\"isPartOf\":{\"@id\":\"https:\\\/\\\/www.salumisorrentino.com\\\/de\\\/#website\"},\"primaryImageOfPage\":{\"@id\":\"https:\\\/\\\/www.salumisorrentino.com\\\/shop\\\/altri-prodotti\\\/sorfume-filetto-di-suino-affumicato#primaryimage\"},\"image\":{\"@id\":\"https:\\\/\\\/www.salumisorrentino.com\\\/shop\\\/altri-prodotti\\\/sorfume-filetto-di-suino-affumicato#primaryimage\"},\"thumbnailUrl\":\"https:\\\/\\\/www.salumisorrentino.com\\\/wp-content\\\/uploads\\\/2022\\\/05\\\/1216FUV-SORFUME-scaled.jpg\",\"datePublished\":\"2022-05-30T09:21:39+00:00\",\"dateModified\":\"2022-06-01T07:00:05+00:00\",\"description\":\"{:it}Il Sorfume' \u00e8 l'ultimo arrivato in casa Sorrentino! L'idea \u00e8 di un prodotto simil speck % , si tratta di un filetto di suino, sapientemente aromatizzato e affumicato{:}\",\"breadcrumb\":{\"@id\":\"https:\\\/\\\/www.salumisorrentino.com\\\/shop\\\/altri-prodotti\\\/sorfume-filetto-di-suino-affumicato#breadcrumb\"},\"inLanguage\":\"de\",\"potentialAction\":[{\"@type\":\"ReadAction\",\"target\":[\"https:\\\/\\\/www.salumisorrentino.com\\\/shop\\\/altri-prodotti\\\/sorfume-filetto-di-suino-affumicato\"]}]},{\"@type\":\"ImageObject\",\"inLanguage\":\"de\",\"@id\":\"https:\\\/\\\/www.salumisorrentino.com\\\/shop\\\/altri-prodotti\\\/sorfume-filetto-di-suino-affumicato#primaryimage\",\"url\":\"https:\\\/\\\/www.salumisorrentino.com\\\/wp-content\\\/uploads\\\/2022\\\/05\\\/1216FUV-SORFUME-scaled.jpg\",\"contentUrl\":\"https:\\\/\\\/www.salumisorrentino.com\\\/wp-content\\\/uploads\\\/2022\\\/05\\\/1216FUV-SORFUME-scaled.jpg\",\"width\":2560,\"height\":2251},{\"@type\":\"BreadcrumbList\",\"@id\":\"https:\\\/\\\/www.salumisorrentino.com\\\/shop\\\/altri-prodotti\\\/sorfume-filetto-di-suino-affumicato#breadcrumb\",\"itemListElement\":[{\"@type\":\"ListItem\",\"position\":1,\"name\":\"Home\",\"item\":\"https:\\\/\\\/www.salumisorrentino.com\\\/\"},{\"@type\":\"ListItem\",\"position\":2,\"name\":\"SHOP\",\"item\":\"https:\\\/\\\/www.salumisorrentino.com\\\/shop\"},{\"@type\":\"ListItem\",\"position\":3,\"name\":\"Sorfum\u00e9 &#8211; Filetto di suino affumicato\"}]},{\"@type\":\"WebSite\",\"@id\":\"https:\\\/\\\/www.salumisorrentino.com\\\/de\\\/#website\",\"url\":\"https:\\\/\\\/www.salumisorrentino.com\\\/de\\\/\",\"name\":\"SalumiSorrentino.com\",\"description\":\"Salumificio Sorrentino | Gut zu bei\u00dfen!\",\"publisher\":{\"@id\":\"https:\\\/\\\/www.salumisorrentino.com\\\/de\\\/#organization\"},\"potentialAction\":[{\"@type\":\"SearchAction\",\"target\":{\"@type\":\"EntryPoint\",\"urlTemplate\":\"https:\\\/\\\/www.salumisorrentino.com\\\/de\\\/?s={search_term_string}\"},\"query-input\":{\"@type\":\"PropertyValueSpecification\",\"valueRequired\":true,\"valueName\":\"search_term_string\"}}],\"inLanguage\":\"de\"},{\"@type\":\"Organization\",\"@id\":\"https:\\\/\\\/www.salumisorrentino.com\\\/de\\\/#organization\",\"name\":\"Salumificio Sorrentino SRL\",\"url\":\"https:\\\/\\\/www.salumisorrentino.com\\\/de\\\/\",\"logo\":{\"@type\":\"ImageObject\",\"inLanguage\":\"de\",\"@id\":\"https:\\\/\\\/www.salumisorrentino.com\\\/de\\\/#\\\/schema\\\/logo\\\/image\\\/\",\"url\":\"https:\\\/\\\/www.salumisorrentino.com\\\/wp-content\\\/uploads\\\/2017\\\/03\\\/salumisorrentino_logo4.png\",\"contentUrl\":\"https:\\\/\\\/www.salumisorrentino.com\\\/wp-content\\\/uploads\\\/2017\\\/03\\\/salumisorrentino_logo4.png\",\"width\":237,\"height\":150,\"caption\":\"Salumificio Sorrentino SRL\"},\"image\":{\"@id\":\"https:\\\/\\\/www.salumisorrentino.com\\\/de\\\/#\\\/schema\\\/logo\\\/image\\\/\"},\"sameAs\":[\"https:\\\/\\\/www.facebook.com\\\/SalumiSorrentino\",\"https:\\\/\\\/www.instagram.com\\\/salumificiosorrentino\\\/\",\"https:\\\/\\\/www.youtube.com\\\/channel\\\/UC_gMQgCayZuMysAxrDx4lNA\"]}]}<\/script>\n<!-- \/ Yoast SEO plugin. -->","yoast_head_json":{"title":"Sorfum\u00e9 - Gew\u00fcrzter und ger\u00e4ucherter Schweinelende mit Schwarte - SalumiSorrentino.com","description":"(Italiano) Il Sorfume' \u00e8 l'ultimo arrivato in casa Sorrentino! L'idea \u00e8 di un prodotto simil speck % , si tratta di un filetto di suino, sapientemente aromatizzato e affumicato","robots":{"index":"index","follow":"follow","max-snippet":"max-snippet:-1","max-image-preview":"max-image-preview:large","max-video-preview":"max-video-preview:-1"},"canonical":"https:\/\/www.salumisorrentino.com\/shop\/altri-prodotti\/sorfume-filetto-di-suino-affumicato","og_locale":"de_DE","og_type":"article","og_title":"Sorfum\u00e9 - Gew\u00fcrzter und ger\u00e4ucherter Schweinelende mit Schwarte - SalumiSorrentino.com","og_description":"{:it}Il Sorfume' \u00e8 l'ultimo arrivato in casa Sorrentino! L'idea \u00e8 di un prodotto simil speck % , si tratta di un filetto di suino, sapientemente aromatizzato e affumicato{:}","og_url":"https:\/\/www.salumisorrentino.com\/shop\/altri-prodotti\/sorfume-filetto-di-suino-affumicato","og_site_name":"SalumiSorrentino.com","article_publisher":"https:\/\/www.facebook.com\/SalumiSorrentino","article_modified_time":"2022-06-01T07:00:05+00:00","og_image":[{"width":2560,"height":2251,"url":"https:\/\/www.salumisorrentino.com\/wp-content\/uploads\/2022\/05\/1216FUV-SORFUME-scaled.jpg","type":"image\/jpeg"}],"twitter_card":"summary_large_image","twitter_misc":{"Gesch\u00e4tzte Lesezeit":"1\u00a0Minute"},"schema":{"@context":"https:\/\/schema.org","@graph":[{"@type":"WebPage","@id":"https:\/\/www.salumisorrentino.com\/shop\/altri-prodotti\/sorfume-filetto-di-suino-affumicato","url":"https:\/\/www.salumisorrentino.com\/shop\/altri-prodotti\/sorfume-filetto-di-suino-affumicato","name":"Sorfum\u00e9 - Gew\u00fcrzter und ger\u00e4ucherter Schweinelende mit Schwarte - SalumiSorrentino.com","isPartOf":{"@id":"https:\/\/www.salumisorrentino.com\/de\/#website"},"primaryImageOfPage":{"@id":"https:\/\/www.salumisorrentino.com\/shop\/altri-prodotti\/sorfume-filetto-di-suino-affumicato#primaryimage"},"image":{"@id":"https:\/\/www.salumisorrentino.com\/shop\/altri-prodotti\/sorfume-filetto-di-suino-affumicato#primaryimage"},"thumbnailUrl":"https:\/\/www.salumisorrentino.com\/wp-content\/uploads\/2022\/05\/1216FUV-SORFUME-scaled.jpg","datePublished":"2022-05-30T09:21:39+00:00","dateModified":"2022-06-01T07:00:05+00:00","description":"{:it}Il Sorfume' \u00e8 l'ultimo arrivato in casa Sorrentino! L'idea \u00e8 di un prodotto simil speck % , si tratta di un filetto di suino, sapientemente aromatizzato e affumicato{:}","breadcrumb":{"@id":"https:\/\/www.salumisorrentino.com\/shop\/altri-prodotti\/sorfume-filetto-di-suino-affumicato#breadcrumb"},"inLanguage":"de","potentialAction":[{"@type":"ReadAction","target":["https:\/\/www.salumisorrentino.com\/shop\/altri-prodotti\/sorfume-filetto-di-suino-affumicato"]}]},{"@type":"ImageObject","inLanguage":"de","@id":"https:\/\/www.salumisorrentino.com\/shop\/altri-prodotti\/sorfume-filetto-di-suino-affumicato#primaryimage","url":"https:\/\/www.salumisorrentino.com\/wp-content\/uploads\/2022\/05\/1216FUV-SORFUME-scaled.jpg","contentUrl":"https:\/\/www.salumisorrentino.com\/wp-content\/uploads\/2022\/05\/1216FUV-SORFUME-scaled.jpg","width":2560,"height":2251},{"@type":"BreadcrumbList","@id":"https:\/\/www.salumisorrentino.com\/shop\/altri-prodotti\/sorfume-filetto-di-suino-affumicato#breadcrumb","itemListElement":[{"@type":"ListItem","position":1,"name":"Home","item":"https:\/\/www.salumisorrentino.com\/"},{"@type":"ListItem","position":2,"name":"SHOP","item":"https:\/\/www.salumisorrentino.com\/shop"},{"@type":"ListItem","position":3,"name":"Sorfum\u00e9 &#8211; Filetto di suino affumicato"}]},{"@type":"WebSite","@id":"https:\/\/www.salumisorrentino.com\/de\/#website","url":"https:\/\/www.salumisorrentino.com\/de\/","name":"SalumiSorrentino.com","description":"Salumificio Sorrentino | Gut zu bei\u00dfen!","publisher":{"@id":"https:\/\/www.salumisorrentino.com\/de\/#organization"},"potentialAction":[{"@type":"SearchAction","target":{"@type":"EntryPoint","urlTemplate":"https:\/\/www.salumisorrentino.com\/de\/?s={search_term_string}"},"query-input":{"@type":"PropertyValueSpecification","valueRequired":true,"valueName":"search_term_string"}}],"inLanguage":"de"},{"@type":"Organization","@id":"https:\/\/www.salumisorrentino.com\/de\/#organization","name":"Salumificio Sorrentino SRL","url":"https:\/\/www.salumisorrentino.com\/de\/","logo":{"@type":"ImageObject","inLanguage":"de","@id":"https:\/\/www.salumisorrentino.com\/de\/#\/schema\/logo\/image\/","url":"https:\/\/www.salumisorrentino.com\/wp-content\/uploads\/2017\/03\/salumisorrentino_logo4.png","contentUrl":"https:\/\/www.salumisorrentino.com\/wp-content\/uploads\/2017\/03\/salumisorrentino_logo4.png","width":237,"height":150,"caption":"Salumificio Sorrentino SRL"},"image":{"@id":"https:\/\/www.salumisorrentino.com\/de\/#\/schema\/logo\/image\/"},"sameAs":["https:\/\/www.facebook.com\/SalumiSorrentino","https:\/\/www.instagram.com\/salumificiosorrentino\/","https:\/\/www.youtube.com\/channel\/UC_gMQgCayZuMysAxrDx4lNA"]}]}},"_links":{"self":[{"href":"https:\/\/www.salumisorrentino.com\/de\/wp-json\/wp\/v2\/product\/7334","targetHints":{"allow":["GET"]}}],"collection":[{"href":"https:\/\/www.salumisorrentino.com\/de\/wp-json\/wp\/v2\/product"}],"about":[{"href":"https:\/\/www.salumisorrentino.com\/de\/wp-json\/wp\/v2\/types\/product"}],"replies":[{"embeddable":true,"href":"https:\/\/www.salumisorrentino.com\/de\/wp-json\/wp\/v2\/comments?post=7334"}],"wp:featuredmedia":[{"embeddable":true,"href":"https:\/\/www.salumisorrentino.com\/de\/wp-json\/wp\/v2\/media\/7335"}],"wp:attachment":[{"href":"https:\/\/www.salumisorrentino.com\/de\/wp-json\/wp\/v2\/media?parent=7334"}],"wp:term":[{"taxonomy":"product_brand","embeddable":true,"href":"https:\/\/www.salumisorrentino.com\/de\/wp-json\/wp\/v2\/product_brand?post=7334"},{"taxonomy":"product_cat","embeddable":true,"href":"https:\/\/www.salumisorrentino.com\/de\/wp-json\/wp\/v2\/product_cat?post=7334"},{"taxonomy":"product_tag","embeddable":true,"href":"https:\/\/www.salumisorrentino.com\/de\/wp-json\/wp\/v2\/product_tag?post=7334"}],"curies":[{"name":"wp","href":"https:\/\/api.w.org\/{rel}","templated":true}]}}