{"id":5273,"date":"2020-04-06T12:21:55","date_gmt":"2020-04-06T10:21:55","guid":{"rendered":"https:\/\/www.salumisorrentino.com\/?post_type=product&#038;p=5273"},"modified":"2022-10-18T14:23:41","modified_gmt":"2022-10-18T12:23:41","slug":"salame-corallina-corta","status":"publish","type":"product","link":"https:\/\/www.salumisorrentino.com\/de\/shop\/shop\/salame-corallina-corta","title":{"rendered":"Corallina salami"},"content":{"rendered":"Corallina ist eine umbrische Salami, <strong>die in Rom bekannt ist<\/strong>, und seit der Antike ist es ein Produkt, das mit den Ostertraditionen zusammenh\u00e4ngt: am Morgen des Festtags, in der Tat, die R\u00f6mer, als Tradition, essen mit der typischen K\u00e4se Pizza, Hart gekochte Eier mit Rotwein.<\/p>\n<p>Die Corallina Sorrentino wird unter Verwendung von schlankem Schweinefleisch (Schultern und B\u00e4uche) hergestellt und zum Feinboden werden kubische Speisekammern hinzugef\u00fcgt: der Geschmack ist geschmackhaft und wunderbar. Unsere Corallina ist f\u00fcr 30 Tage geh\u00e4rtet, und ist etwa 70 cm lang mit einem Gewicht von 800 Gramm oder 400 Gramm (Cd. Corallina Corta).<\/p>\n<p>Der gro\u00dfe Erfolg dieses Produktes, das zun\u00e4chst nur mit den Osterferien verkn\u00fcpft ist, wurde das ganze Jahr \u00fcber verl\u00e4ngert und ist damit ein <strong>&#8222;Klassiker&#8220; unseres Kataloges<\/strong>.","protected":false},"excerpt":{"rendered":"<p class=\"qtranxs-available-languages-message qtranxs-available-languages-message-de\">Leider ist der Eintrag nur auf <a href=\"https:\/\/www.salumisorrentino.com\/it\/wp-json\/wp\/v2\/product\/5273\" class=\"qtranxs-available-language-link qtranxs-available-language-link-it\" title=\"Italiano\">Italiano<\/a> verf\u00fcgbar.<\/p>\n","protected":false},"featured_media":5344,"comment_status":"open","ping_status":"closed","template":"","meta":[],"product_brand":[],"product_cat":[374],"product_tag":[239,241,242,243],"class_list":{"0":"post-5273","1":"product","2":"type-product","3":"status-publish","4":"has-post-thumbnail","6":"product_cat-shop","7":"product_tag-prodotto-artigianale","8":"product_tag-salame-corallina","9":"product_tag-salame-di-pasqua","10":"product_tag-salame-di-roma","11":"product_shipping_class-spedizione-in-italia","13":"first","14":"outofstock","15":"taxable","16":"shipping-taxable","17":"purchasable","18":"product-type-simple","19":"prodpage-style3"},"yoast_head":"<!-- This site is optimized with the Yoast SEO plugin v27.5 - https:\/\/yoast.com\/product\/yoast-seo-wordpress\/ -->\n<title>(Italiano) Corallina salami - SalumiSorrentino.com | Acquistalo ora!<\/title>\n<meta name=\"description\" content=\"(Italiano) Il salame Corallina Corta si ottiene da carni suine magre. L\u2019impasto di macinatura fine \u00e8 completato da lardelli a cubetti che lo rendono dolce.\" \/>\n<meta name=\"robots\" content=\"index, follow, max-snippet:-1, max-image-preview:large, max-video-preview:-1\" \/>\n<link rel=\"canonical\" href=\"https:\/\/www.salumisorrentino.com\/shop\/shop\/salame-corallina-corta\" \/>\n<meta property=\"og:locale\" content=\"de_DE\" \/>\n<meta property=\"og:type\" content=\"article\" \/>\n<meta property=\"og:title\" content=\"Salame Corallina Corta\" \/>\n<meta property=\"og:description\" content=\"Il salame Corallina Corta si ottiene da carni suine magre. L\u2019impasto di macinatura fine \u00e8 completato da lardelli a cubetti che lo rendono dolce\" \/>\n<meta property=\"og:url\" content=\"https:\/\/www.salumisorrentino.com\/shop\/shop\/salame-corallina-corta\" \/>\n<meta property=\"og:site_name\" content=\"SalumiSorrentino.com\" \/>\n<meta property=\"article:publisher\" content=\"https:\/\/www.facebook.com\/SalumiSorrentino\" \/>\n<meta property=\"article:modified_time\" content=\"2022-10-18T12:23:41+00:00\" \/>\n<meta property=\"og:image\" content=\"https:\/\/www.salumisorrentino.com\/wp-content\/uploads\/2020\/04\/Corallina-corta-lo-scaled.jpg\" \/>\n\t<meta property=\"og:image:width\" content=\"2560\" \/>\n\t<meta property=\"og:image:height\" content=\"1750\" \/>\n\t<meta property=\"og:image:type\" content=\"image\/jpeg\" \/>\n<meta name=\"twitter:card\" content=\"summary_large_image\" \/>\n<meta name=\"twitter:title\" content=\"Salame Corallina Corta\" \/>\n<meta name=\"twitter:description\" content=\"Il salame Corallina Corta si ottiene da carni suine magre. L\u2019impasto di macinatura fine \u00e8 completato da lardelli a cubetti che lo rendono dolce\" \/>\n<meta name=\"twitter:image\" content=\"https:\/\/www.salumisorrentino.com\/wp-content\/uploads\/2020\/04\/Corallina-corta-lo-scaled.jpg\" \/>\n<meta name=\"twitter:label1\" content=\"Gesch\u00e4tzte Lesezeit\" \/>\n\t<meta name=\"twitter:data1\" content=\"3\u00a0Minuten\" \/>\n<script type=\"application\/ld+json\" class=\"yoast-schema-graph\">{\"@context\":\"https:\\\/\\\/schema.org\",\"@graph\":[{\"@type\":\"WebPage\",\"@id\":\"https:\\\/\\\/www.salumisorrentino.com\\\/shop\\\/shop\\\/salame-corallina-corta\",\"url\":\"https:\\\/\\\/www.salumisorrentino.com\\\/shop\\\/shop\\\/salame-corallina-corta\",\"name\":\"[:it]Corallina salami - SalumiSorrentino.com | Acquistalo ora![:]\",\"isPartOf\":{\"@id\":\"https:\\\/\\\/www.salumisorrentino.com\\\/de\\\/#website\"},\"primaryImageOfPage\":{\"@id\":\"https:\\\/\\\/www.salumisorrentino.com\\\/shop\\\/shop\\\/salame-corallina-corta#primaryimage\"},\"image\":{\"@id\":\"https:\\\/\\\/www.salumisorrentino.com\\\/shop\\\/shop\\\/salame-corallina-corta#primaryimage\"},\"thumbnailUrl\":\"https:\\\/\\\/www.salumisorrentino.com\\\/wp-content\\\/uploads\\\/2020\\\/04\\\/Corallina-corta-lo-scaled.jpg\",\"datePublished\":\"2020-04-06T10:21:55+00:00\",\"dateModified\":\"2022-10-18T12:23:41+00:00\",\"description\":\"{:it}Il salame Corallina Corta si ottiene da carni suine magre. L\u2019impasto di macinatura fine \u00e8 completato da lardelli a cubetti che lo rendono dolce.{:}\",\"breadcrumb\":{\"@id\":\"https:\\\/\\\/www.salumisorrentino.com\\\/shop\\\/shop\\\/salame-corallina-corta#breadcrumb\"},\"inLanguage\":\"de\",\"potentialAction\":[{\"@type\":\"ReadAction\",\"target\":[\"https:\\\/\\\/www.salumisorrentino.com\\\/shop\\\/shop\\\/salame-corallina-corta\"]}]},{\"@type\":\"ImageObject\",\"inLanguage\":\"de\",\"@id\":\"https:\\\/\\\/www.salumisorrentino.com\\\/shop\\\/shop\\\/salame-corallina-corta#primaryimage\",\"url\":\"https:\\\/\\\/www.salumisorrentino.com\\\/wp-content\\\/uploads\\\/2020\\\/04\\\/Corallina-corta-lo-scaled.jpg\",\"contentUrl\":\"https:\\\/\\\/www.salumisorrentino.com\\\/wp-content\\\/uploads\\\/2020\\\/04\\\/Corallina-corta-lo-scaled.jpg\",\"width\":2560,\"height\":1750,\"caption\":\"Il salame Corallina Corta \u00e8 uno dei nostri salumi migliori, clicca e acquistalo subito!\"},{\"@type\":\"BreadcrumbList\",\"@id\":\"https:\\\/\\\/www.salumisorrentino.com\\\/shop\\\/shop\\\/salame-corallina-corta#breadcrumb\",\"itemListElement\":[{\"@type\":\"ListItem\",\"position\":1,\"name\":\"Home\",\"item\":\"https:\\\/\\\/www.salumisorrentino.com\\\/\"},{\"@type\":\"ListItem\",\"position\":2,\"name\":\"SHOP\",\"item\":\"https:\\\/\\\/www.salumisorrentino.com\\\/shop\"},{\"@type\":\"ListItem\",\"position\":3,\"name\":\"[:it]Salame Corallina Corta [:fr]Salame Corallina [:en]Corallina salami [:de]Corallina salami [:]\"}]},{\"@type\":\"WebSite\",\"@id\":\"https:\\\/\\\/www.salumisorrentino.com\\\/de\\\/#website\",\"url\":\"https:\\\/\\\/www.salumisorrentino.com\\\/de\\\/\",\"name\":\"SalumiSorrentino.com\",\"description\":\"Salumificio Sorrentino | Gut zu bei\u00dfen!\",\"publisher\":{\"@id\":\"https:\\\/\\\/www.salumisorrentino.com\\\/de\\\/#organization\"},\"potentialAction\":[{\"@type\":\"SearchAction\",\"target\":{\"@type\":\"EntryPoint\",\"urlTemplate\":\"https:\\\/\\\/www.salumisorrentino.com\\\/de\\\/?s={search_term_string}\"},\"query-input\":{\"@type\":\"PropertyValueSpecification\",\"valueRequired\":true,\"valueName\":\"search_term_string\"}}],\"inLanguage\":\"de\"},{\"@type\":\"Organization\",\"@id\":\"https:\\\/\\\/www.salumisorrentino.com\\\/de\\\/#organization\",\"name\":\"Salumificio Sorrentino SRL\",\"url\":\"https:\\\/\\\/www.salumisorrentino.com\\\/de\\\/\",\"logo\":{\"@type\":\"ImageObject\",\"inLanguage\":\"de\",\"@id\":\"https:\\\/\\\/www.salumisorrentino.com\\\/de\\\/#\\\/schema\\\/logo\\\/image\\\/\",\"url\":\"https:\\\/\\\/www.salumisorrentino.com\\\/wp-content\\\/uploads\\\/2017\\\/03\\\/salumisorrentino_logo4.png\",\"contentUrl\":\"https:\\\/\\\/www.salumisorrentino.com\\\/wp-content\\\/uploads\\\/2017\\\/03\\\/salumisorrentino_logo4.png\",\"width\":237,\"height\":150,\"caption\":\"Salumificio Sorrentino SRL\"},\"image\":{\"@id\":\"https:\\\/\\\/www.salumisorrentino.com\\\/de\\\/#\\\/schema\\\/logo\\\/image\\\/\"},\"sameAs\":[\"https:\\\/\\\/www.facebook.com\\\/SalumiSorrentino\",\"https:\\\/\\\/www.instagram.com\\\/salumificiosorrentino\\\/\",\"https:\\\/\\\/www.youtube.com\\\/channel\\\/UC_gMQgCayZuMysAxrDx4lNA\"]}]}<\/script>\n<!-- \/ Yoast SEO plugin. -->","yoast_head_json":{"title":"(Italiano) Corallina salami - SalumiSorrentino.com | Acquistalo ora!","description":"(Italiano) Il salame Corallina Corta si ottiene da carni suine magre. L\u2019impasto di macinatura fine \u00e8 completato da lardelli a cubetti che lo rendono dolce.","robots":{"index":"index","follow":"follow","max-snippet":"max-snippet:-1","max-image-preview":"max-image-preview:large","max-video-preview":"max-video-preview:-1"},"canonical":"https:\/\/www.salumisorrentino.com\/shop\/shop\/salame-corallina-corta","og_locale":"de_DE","og_type":"article","og_title":"Salame Corallina Corta","og_description":"Il salame Corallina Corta si ottiene da carni suine magre. L\u2019impasto di macinatura fine \u00e8 completato da lardelli a cubetti che lo rendono dolce","og_url":"https:\/\/www.salumisorrentino.com\/shop\/shop\/salame-corallina-corta","og_site_name":"SalumiSorrentino.com","article_publisher":"https:\/\/www.facebook.com\/SalumiSorrentino","article_modified_time":"2022-10-18T12:23:41+00:00","og_image":[{"width":2560,"height":1750,"url":"https:\/\/www.salumisorrentino.com\/wp-content\/uploads\/2020\/04\/Corallina-corta-lo-scaled.jpg","type":"image\/jpeg"}],"twitter_card":"summary_large_image","twitter_title":"Salame Corallina Corta","twitter_description":"Il salame Corallina Corta si ottiene da carni suine magre. L\u2019impasto di macinatura fine \u00e8 completato da lardelli a cubetti che lo rendono dolce","twitter_image":"https:\/\/www.salumisorrentino.com\/wp-content\/uploads\/2020\/04\/Corallina-corta-lo-scaled.jpg","twitter_misc":{"Gesch\u00e4tzte Lesezeit":"3\u00a0Minuten"},"schema":{"@context":"https:\/\/schema.org","@graph":[{"@type":"WebPage","@id":"https:\/\/www.salumisorrentino.com\/shop\/shop\/salame-corallina-corta","url":"https:\/\/www.salumisorrentino.com\/shop\/shop\/salame-corallina-corta","name":"[:it]Corallina salami - SalumiSorrentino.com | Acquistalo ora![:]","isPartOf":{"@id":"https:\/\/www.salumisorrentino.com\/de\/#website"},"primaryImageOfPage":{"@id":"https:\/\/www.salumisorrentino.com\/shop\/shop\/salame-corallina-corta#primaryimage"},"image":{"@id":"https:\/\/www.salumisorrentino.com\/shop\/shop\/salame-corallina-corta#primaryimage"},"thumbnailUrl":"https:\/\/www.salumisorrentino.com\/wp-content\/uploads\/2020\/04\/Corallina-corta-lo-scaled.jpg","datePublished":"2020-04-06T10:21:55+00:00","dateModified":"2022-10-18T12:23:41+00:00","description":"{:it}Il salame Corallina Corta si ottiene da carni suine magre. L\u2019impasto di macinatura fine \u00e8 completato da lardelli a cubetti che lo rendono dolce.{:}","breadcrumb":{"@id":"https:\/\/www.salumisorrentino.com\/shop\/shop\/salame-corallina-corta#breadcrumb"},"inLanguage":"de","potentialAction":[{"@type":"ReadAction","target":["https:\/\/www.salumisorrentino.com\/shop\/shop\/salame-corallina-corta"]}]},{"@type":"ImageObject","inLanguage":"de","@id":"https:\/\/www.salumisorrentino.com\/shop\/shop\/salame-corallina-corta#primaryimage","url":"https:\/\/www.salumisorrentino.com\/wp-content\/uploads\/2020\/04\/Corallina-corta-lo-scaled.jpg","contentUrl":"https:\/\/www.salumisorrentino.com\/wp-content\/uploads\/2020\/04\/Corallina-corta-lo-scaled.jpg","width":2560,"height":1750,"caption":"Il salame Corallina Corta \u00e8 uno dei nostri salumi migliori, clicca e acquistalo subito!"},{"@type":"BreadcrumbList","@id":"https:\/\/www.salumisorrentino.com\/shop\/shop\/salame-corallina-corta#breadcrumb","itemListElement":[{"@type":"ListItem","position":1,"name":"Home","item":"https:\/\/www.salumisorrentino.com\/"},{"@type":"ListItem","position":2,"name":"SHOP","item":"https:\/\/www.salumisorrentino.com\/shop"},{"@type":"ListItem","position":3,"name":"[:it]Salame Corallina Corta [:fr]Salame Corallina [:en]Corallina salami [:de]Corallina salami [:]"}]},{"@type":"WebSite","@id":"https:\/\/www.salumisorrentino.com\/de\/#website","url":"https:\/\/www.salumisorrentino.com\/de\/","name":"SalumiSorrentino.com","description":"Salumificio Sorrentino | Gut zu bei\u00dfen!","publisher":{"@id":"https:\/\/www.salumisorrentino.com\/de\/#organization"},"potentialAction":[{"@type":"SearchAction","target":{"@type":"EntryPoint","urlTemplate":"https:\/\/www.salumisorrentino.com\/de\/?s={search_term_string}"},"query-input":{"@type":"PropertyValueSpecification","valueRequired":true,"valueName":"search_term_string"}}],"inLanguage":"de"},{"@type":"Organization","@id":"https:\/\/www.salumisorrentino.com\/de\/#organization","name":"Salumificio Sorrentino SRL","url":"https:\/\/www.salumisorrentino.com\/de\/","logo":{"@type":"ImageObject","inLanguage":"de","@id":"https:\/\/www.salumisorrentino.com\/de\/#\/schema\/logo\/image\/","url":"https:\/\/www.salumisorrentino.com\/wp-content\/uploads\/2017\/03\/salumisorrentino_logo4.png","contentUrl":"https:\/\/www.salumisorrentino.com\/wp-content\/uploads\/2017\/03\/salumisorrentino_logo4.png","width":237,"height":150,"caption":"Salumificio Sorrentino SRL"},"image":{"@id":"https:\/\/www.salumisorrentino.com\/de\/#\/schema\/logo\/image\/"},"sameAs":["https:\/\/www.facebook.com\/SalumiSorrentino","https:\/\/www.instagram.com\/salumificiosorrentino\/","https:\/\/www.youtube.com\/channel\/UC_gMQgCayZuMysAxrDx4lNA"]}]}},"_links":{"self":[{"href":"https:\/\/www.salumisorrentino.com\/de\/wp-json\/wp\/v2\/product\/5273","targetHints":{"allow":["GET"]}}],"collection":[{"href":"https:\/\/www.salumisorrentino.com\/de\/wp-json\/wp\/v2\/product"}],"about":[{"href":"https:\/\/www.salumisorrentino.com\/de\/wp-json\/wp\/v2\/types\/product"}],"replies":[{"embeddable":true,"href":"https:\/\/www.salumisorrentino.com\/de\/wp-json\/wp\/v2\/comments?post=5273"}],"wp:featuredmedia":[{"embeddable":true,"href":"https:\/\/www.salumisorrentino.com\/de\/wp-json\/wp\/v2\/media\/5344"}],"wp:attachment":[{"href":"https:\/\/www.salumisorrentino.com\/de\/wp-json\/wp\/v2\/media?parent=5273"}],"wp:term":[{"taxonomy":"product_brand","embeddable":true,"href":"https:\/\/www.salumisorrentino.com\/de\/wp-json\/wp\/v2\/product_brand?post=5273"},{"taxonomy":"product_cat","embeddable":true,"href":"https:\/\/www.salumisorrentino.com\/de\/wp-json\/wp\/v2\/product_cat?post=5273"},{"taxonomy":"product_tag","embeddable":true,"href":"https:\/\/www.salumisorrentino.com\/de\/wp-json\/wp\/v2\/product_tag?post=5273"}],"curies":[{"name":"wp","href":"https:\/\/api.w.org\/{rel}","templated":true}]}}