{"id":3542,"date":"2017-02-13T17:26:00","date_gmt":"2017-02-13T16:26:00","guid":{"rendered":"http:\/\/www.salumisorrentino.com\/?post_type=product&#038;p=3542"},"modified":"2023-01-30T15:16:31","modified_gmt":"2023-01-30T14:16:31","slug":"salame-ungherese","status":"publish","type":"product","link":"https:\/\/www.salumisorrentino.com\/de\/shop\/salami-da-taglio\/salame-ungherese","title":{"rendered":"Salame Ungherese"},"content":{"rendered":"Typische Salami f\u00fcr Aufschneide mit einer sehr feiner M\u00fchle. Sie wird mit magerem und ausgew\u00e4hltem Fleisch geknetet, leicht gewurzt und ger\u00e4uchert.Sie wird in Haut, Lehre 105, abgef\u00fcllt.<br \/>\n3,5 Kilos zirka die St\u00fcckgr\u00f6\u00dfe.","protected":false},"excerpt":{"rendered":"<p>Typische Salami f\u00fcr Aufschneide mit einer sehr feiner M\u00fchle. Sie wird mit magerem und ausgew\u00e4hltem Fleisch geknetet, leicht gewurzt und ger\u00e4uchert.Sie wird in Haut, Lehre 105, abgef\u00fcllt. 3,5 Kilos zirka die St\u00fcckgr\u00f6\u00dfe.<\/p>\n","protected":false},"featured_media":7501,"comment_status":"closed","ping_status":"closed","template":"","meta":[],"product_brand":[],"product_cat":[174],"product_tag":[],"class_list":{"0":"post-3542","1":"product","2":"type-product","3":"status-publish","4":"has-post-thumbnail","6":"product_cat-salami-da-taglio","8":"first","9":"instock","10":"taxable","11":"shipping-taxable","12":"product-type-simple","13":"prodpage-style3"},"yoast_head":"<!-- This site is optimized with the Yoast SEO plugin v27.5 - https:\/\/yoast.com\/product\/yoast-seo-wordpress\/ -->\n<title>Salame Ungherese - SalumiSorrentino.com<\/title>\n<meta name=\"robots\" content=\"index, follow, max-snippet:-1, max-image-preview:large, max-video-preview:-1\" \/>\n<link rel=\"canonical\" href=\"https:\/\/www.salumisorrentino.com\/shop\/salami-da-taglio\/salame-ungherese\" \/>\n<meta property=\"og:locale\" content=\"de_DE\" \/>\n<meta property=\"og:type\" content=\"article\" \/>\n<meta property=\"og:title\" content=\"Salame Ungherese - SalumiSorrentino.com\" \/>\n<meta property=\"og:description\" content=\"Typische Salami f\u00fcr Aufschneide mit einer sehr feiner M\u00fchle. Sie wird mit magerem und ausgew\u00e4hltem Fleisch geknetet, leicht gewurzt und ger\u00e4uchert.Sie wird in Haut, Lehre 105, abgef\u00fcllt. 3,5 Kilos zirka die St\u00fcckgr\u00f6\u00dfe.\" \/>\n<meta property=\"og:url\" content=\"https:\/\/www.salumisorrentino.com\/shop\/salami-da-taglio\/salame-ungherese\" \/>\n<meta property=\"og:site_name\" content=\"SalumiSorrentino.com\" \/>\n<meta property=\"article:publisher\" content=\"https:\/\/www.facebook.com\/SalumiSorrentino\" \/>\n<meta property=\"article:modified_time\" content=\"2023-01-30T14:16:31+00:00\" \/>\n<meta property=\"og:image\" content=\"https:\/\/www.salumisorrentino.com\/wp-content\/uploads\/2017\/02\/1236-SALAME-UNGHERESE-FILEminimizer.jpg\" \/>\n\t<meta property=\"og:image:width\" content=\"719\" \/>\n\t<meta property=\"og:image:height\" content=\"480\" \/>\n\t<meta property=\"og:image:type\" content=\"image\/jpeg\" \/>\n<meta name=\"twitter:card\" content=\"summary_large_image\" \/>\n<meta name=\"twitter:label1\" content=\"Gesch\u00e4tzte Lesezeit\" \/>\n\t<meta name=\"twitter:data1\" content=\"1\u00a0Minute\" \/>\n<script type=\"application\/ld+json\" class=\"yoast-schema-graph\">{\"@context\":\"https:\\\/\\\/schema.org\",\"@graph\":[{\"@type\":\"WebPage\",\"@id\":\"https:\\\/\\\/www.salumisorrentino.com\\\/shop\\\/salami-da-taglio\\\/salame-ungherese\",\"url\":\"https:\\\/\\\/www.salumisorrentino.com\\\/shop\\\/salami-da-taglio\\\/salame-ungherese\",\"name\":\"Salame Ungherese - SalumiSorrentino.com\",\"isPartOf\":{\"@id\":\"https:\\\/\\\/www.salumisorrentino.com\\\/de\\\/#website\"},\"primaryImageOfPage\":{\"@id\":\"https:\\\/\\\/www.salumisorrentino.com\\\/shop\\\/salami-da-taglio\\\/salame-ungherese#primaryimage\"},\"image\":{\"@id\":\"https:\\\/\\\/www.salumisorrentino.com\\\/shop\\\/salami-da-taglio\\\/salame-ungherese#primaryimage\"},\"thumbnailUrl\":\"https:\\\/\\\/www.salumisorrentino.com\\\/wp-content\\\/uploads\\\/2017\\\/02\\\/1236-SALAME-UNGHERESE-FILEminimizer.jpg\",\"datePublished\":\"2017-02-13T16:26:00+00:00\",\"dateModified\":\"2023-01-30T14:16:31+00:00\",\"breadcrumb\":{\"@id\":\"https:\\\/\\\/www.salumisorrentino.com\\\/shop\\\/salami-da-taglio\\\/salame-ungherese#breadcrumb\"},\"inLanguage\":\"de\",\"potentialAction\":[{\"@type\":\"ReadAction\",\"target\":[\"https:\\\/\\\/www.salumisorrentino.com\\\/shop\\\/salami-da-taglio\\\/salame-ungherese\"]}]},{\"@type\":\"ImageObject\",\"inLanguage\":\"de\",\"@id\":\"https:\\\/\\\/www.salumisorrentino.com\\\/shop\\\/salami-da-taglio\\\/salame-ungherese#primaryimage\",\"url\":\"https:\\\/\\\/www.salumisorrentino.com\\\/wp-content\\\/uploads\\\/2017\\\/02\\\/1236-SALAME-UNGHERESE-FILEminimizer.jpg\",\"contentUrl\":\"https:\\\/\\\/www.salumisorrentino.com\\\/wp-content\\\/uploads\\\/2017\\\/02\\\/1236-SALAME-UNGHERESE-FILEminimizer.jpg\",\"width\":719,\"height\":480},{\"@type\":\"BreadcrumbList\",\"@id\":\"https:\\\/\\\/www.salumisorrentino.com\\\/shop\\\/salami-da-taglio\\\/salame-ungherese#breadcrumb\",\"itemListElement\":[{\"@type\":\"ListItem\",\"position\":1,\"name\":\"Home\",\"item\":\"https:\\\/\\\/www.salumisorrentino.com\\\/\"},{\"@type\":\"ListItem\",\"position\":2,\"name\":\"SHOP\",\"item\":\"https:\\\/\\\/www.salumisorrentino.com\\\/shop\"},{\"@type\":\"ListItem\",\"position\":3,\"name\":\"Salame Ungherese\"}]},{\"@type\":\"WebSite\",\"@id\":\"https:\\\/\\\/www.salumisorrentino.com\\\/de\\\/#website\",\"url\":\"https:\\\/\\\/www.salumisorrentino.com\\\/de\\\/\",\"name\":\"SalumiSorrentino.com\",\"description\":\"Salumificio Sorrentino | Gut zu bei\u00dfen!\",\"publisher\":{\"@id\":\"https:\\\/\\\/www.salumisorrentino.com\\\/de\\\/#organization\"},\"potentialAction\":[{\"@type\":\"SearchAction\",\"target\":{\"@type\":\"EntryPoint\",\"urlTemplate\":\"https:\\\/\\\/www.salumisorrentino.com\\\/de\\\/?s={search_term_string}\"},\"query-input\":{\"@type\":\"PropertyValueSpecification\",\"valueRequired\":true,\"valueName\":\"search_term_string\"}}],\"inLanguage\":\"de\"},{\"@type\":\"Organization\",\"@id\":\"https:\\\/\\\/www.salumisorrentino.com\\\/de\\\/#organization\",\"name\":\"Salumificio Sorrentino SRL\",\"url\":\"https:\\\/\\\/www.salumisorrentino.com\\\/de\\\/\",\"logo\":{\"@type\":\"ImageObject\",\"inLanguage\":\"de\",\"@id\":\"https:\\\/\\\/www.salumisorrentino.com\\\/de\\\/#\\\/schema\\\/logo\\\/image\\\/\",\"url\":\"https:\\\/\\\/www.salumisorrentino.com\\\/wp-content\\\/uploads\\\/2017\\\/03\\\/salumisorrentino_logo4.png\",\"contentUrl\":\"https:\\\/\\\/www.salumisorrentino.com\\\/wp-content\\\/uploads\\\/2017\\\/03\\\/salumisorrentino_logo4.png\",\"width\":237,\"height\":150,\"caption\":\"Salumificio Sorrentino SRL\"},\"image\":{\"@id\":\"https:\\\/\\\/www.salumisorrentino.com\\\/de\\\/#\\\/schema\\\/logo\\\/image\\\/\"},\"sameAs\":[\"https:\\\/\\\/www.facebook.com\\\/SalumiSorrentino\",\"https:\\\/\\\/www.instagram.com\\\/salumificiosorrentino\\\/\",\"https:\\\/\\\/www.youtube.com\\\/channel\\\/UC_gMQgCayZuMysAxrDx4lNA\"]}]}<\/script>\n<!-- \/ Yoast SEO plugin. -->","yoast_head_json":{"title":"Salame Ungherese - SalumiSorrentino.com","robots":{"index":"index","follow":"follow","max-snippet":"max-snippet:-1","max-image-preview":"max-image-preview:large","max-video-preview":"max-video-preview:-1"},"canonical":"https:\/\/www.salumisorrentino.com\/shop\/salami-da-taglio\/salame-ungherese","og_locale":"de_DE","og_type":"article","og_title":"Salame Ungherese - SalumiSorrentino.com","og_description":"Typische Salami f\u00fcr Aufschneide mit einer sehr feiner M\u00fchle. Sie wird mit magerem und ausgew\u00e4hltem Fleisch geknetet, leicht gewurzt und ger\u00e4uchert.Sie wird in Haut, Lehre 105, abgef\u00fcllt. 3,5 Kilos zirka die St\u00fcckgr\u00f6\u00dfe.","og_url":"https:\/\/www.salumisorrentino.com\/shop\/salami-da-taglio\/salame-ungherese","og_site_name":"SalumiSorrentino.com","article_publisher":"https:\/\/www.facebook.com\/SalumiSorrentino","article_modified_time":"2023-01-30T14:16:31+00:00","og_image":[{"width":719,"height":480,"url":"https:\/\/www.salumisorrentino.com\/wp-content\/uploads\/2017\/02\/1236-SALAME-UNGHERESE-FILEminimizer.jpg","type":"image\/jpeg"}],"twitter_card":"summary_large_image","twitter_misc":{"Gesch\u00e4tzte Lesezeit":"1\u00a0Minute"},"schema":{"@context":"https:\/\/schema.org","@graph":[{"@type":"WebPage","@id":"https:\/\/www.salumisorrentino.com\/shop\/salami-da-taglio\/salame-ungherese","url":"https:\/\/www.salumisorrentino.com\/shop\/salami-da-taglio\/salame-ungherese","name":"Salame Ungherese - SalumiSorrentino.com","isPartOf":{"@id":"https:\/\/www.salumisorrentino.com\/de\/#website"},"primaryImageOfPage":{"@id":"https:\/\/www.salumisorrentino.com\/shop\/salami-da-taglio\/salame-ungherese#primaryimage"},"image":{"@id":"https:\/\/www.salumisorrentino.com\/shop\/salami-da-taglio\/salame-ungherese#primaryimage"},"thumbnailUrl":"https:\/\/www.salumisorrentino.com\/wp-content\/uploads\/2017\/02\/1236-SALAME-UNGHERESE-FILEminimizer.jpg","datePublished":"2017-02-13T16:26:00+00:00","dateModified":"2023-01-30T14:16:31+00:00","breadcrumb":{"@id":"https:\/\/www.salumisorrentino.com\/shop\/salami-da-taglio\/salame-ungherese#breadcrumb"},"inLanguage":"de","potentialAction":[{"@type":"ReadAction","target":["https:\/\/www.salumisorrentino.com\/shop\/salami-da-taglio\/salame-ungherese"]}]},{"@type":"ImageObject","inLanguage":"de","@id":"https:\/\/www.salumisorrentino.com\/shop\/salami-da-taglio\/salame-ungherese#primaryimage","url":"https:\/\/www.salumisorrentino.com\/wp-content\/uploads\/2017\/02\/1236-SALAME-UNGHERESE-FILEminimizer.jpg","contentUrl":"https:\/\/www.salumisorrentino.com\/wp-content\/uploads\/2017\/02\/1236-SALAME-UNGHERESE-FILEminimizer.jpg","width":719,"height":480},{"@type":"BreadcrumbList","@id":"https:\/\/www.salumisorrentino.com\/shop\/salami-da-taglio\/salame-ungherese#breadcrumb","itemListElement":[{"@type":"ListItem","position":1,"name":"Home","item":"https:\/\/www.salumisorrentino.com\/"},{"@type":"ListItem","position":2,"name":"SHOP","item":"https:\/\/www.salumisorrentino.com\/shop"},{"@type":"ListItem","position":3,"name":"Salame Ungherese"}]},{"@type":"WebSite","@id":"https:\/\/www.salumisorrentino.com\/de\/#website","url":"https:\/\/www.salumisorrentino.com\/de\/","name":"SalumiSorrentino.com","description":"Salumificio Sorrentino | Gut zu bei\u00dfen!","publisher":{"@id":"https:\/\/www.salumisorrentino.com\/de\/#organization"},"potentialAction":[{"@type":"SearchAction","target":{"@type":"EntryPoint","urlTemplate":"https:\/\/www.salumisorrentino.com\/de\/?s={search_term_string}"},"query-input":{"@type":"PropertyValueSpecification","valueRequired":true,"valueName":"search_term_string"}}],"inLanguage":"de"},{"@type":"Organization","@id":"https:\/\/www.salumisorrentino.com\/de\/#organization","name":"Salumificio Sorrentino SRL","url":"https:\/\/www.salumisorrentino.com\/de\/","logo":{"@type":"ImageObject","inLanguage":"de","@id":"https:\/\/www.salumisorrentino.com\/de\/#\/schema\/logo\/image\/","url":"https:\/\/www.salumisorrentino.com\/wp-content\/uploads\/2017\/03\/salumisorrentino_logo4.png","contentUrl":"https:\/\/www.salumisorrentino.com\/wp-content\/uploads\/2017\/03\/salumisorrentino_logo4.png","width":237,"height":150,"caption":"Salumificio Sorrentino SRL"},"image":{"@id":"https:\/\/www.salumisorrentino.com\/de\/#\/schema\/logo\/image\/"},"sameAs":["https:\/\/www.facebook.com\/SalumiSorrentino","https:\/\/www.instagram.com\/salumificiosorrentino\/","https:\/\/www.youtube.com\/channel\/UC_gMQgCayZuMysAxrDx4lNA"]}]}},"_links":{"self":[{"href":"https:\/\/www.salumisorrentino.com\/de\/wp-json\/wp\/v2\/product\/3542","targetHints":{"allow":["GET"]}}],"collection":[{"href":"https:\/\/www.salumisorrentino.com\/de\/wp-json\/wp\/v2\/product"}],"about":[{"href":"https:\/\/www.salumisorrentino.com\/de\/wp-json\/wp\/v2\/types\/product"}],"replies":[{"embeddable":true,"href":"https:\/\/www.salumisorrentino.com\/de\/wp-json\/wp\/v2\/comments?post=3542"}],"wp:featuredmedia":[{"embeddable":true,"href":"https:\/\/www.salumisorrentino.com\/de\/wp-json\/wp\/v2\/media\/7501"}],"wp:attachment":[{"href":"https:\/\/www.salumisorrentino.com\/de\/wp-json\/wp\/v2\/media?parent=3542"}],"wp:term":[{"taxonomy":"product_brand","embeddable":true,"href":"https:\/\/www.salumisorrentino.com\/de\/wp-json\/wp\/v2\/product_brand?post=3542"},{"taxonomy":"product_cat","embeddable":true,"href":"https:\/\/www.salumisorrentino.com\/de\/wp-json\/wp\/v2\/product_cat?post=3542"},{"taxonomy":"product_tag","embeddable":true,"href":"https:\/\/www.salumisorrentino.com\/de\/wp-json\/wp\/v2\/product_tag?post=3542"}],"curies":[{"name":"wp","href":"https:\/\/api.w.org\/{rel}","templated":true}]}}