{"id":3531,"date":"2017-02-13T17:11:56","date_gmt":"2017-02-13T16:11:56","guid":{"rendered":"http:\/\/www.salumisorrentino.com\/?post_type=product&#038;p=3531"},"modified":"2023-01-30T15:18:10","modified_gmt":"2023-01-30T14:18:10","slug":"spianata-romana","status":"publish","type":"product","link":"https:\/\/www.salumisorrentino.com\/de\/shop\/salami-da-taglio\/spianata-romana","title":{"rendered":"Spianata Romana"},"content":{"rendered":"Typisches flach\u00e4hnliches Produkt aus Latium, wird es in nat\u00fcrliche Haut abgef\u00fcllt und mit Speckstreifen und ausgew\u00e4hltem Fleisch bekommen. Sechzigt\u00e4gige gelagert, ist die Spianata s\u00fc\u00df zum Geschmack und wiegt 2,5 Kilos zirka.<br \/>\nZur Verf\u00fcgung steht auch scharf.","protected":false},"excerpt":{"rendered":"<p>Typisches flach\u00e4hnliches Produkt aus Latium, wird es in nat\u00fcrliche Haut abgef\u00fcllt und mit Speckstreifen und ausgew\u00e4hltem Fleisch bekommen. Sechzigt\u00e4gige gelagert, ist die Spianata s\u00fc\u00df zum Geschmack und wiegt 2,5 Kilos zirka. Zur Verf\u00fcgung steht auch scharf.<\/p>\n","protected":false},"featured_media":7504,"comment_status":"closed","ping_status":"closed","template":"","meta":[],"product_brand":[],"product_cat":[174],"product_tag":[306],"class_list":{"0":"post-3531","1":"product","2":"type-product","3":"status-publish","4":"has-post-thumbnail","6":"product_cat-salami-da-taglio","7":"product_tag-spianata-romana","9":"first","10":"instock","11":"taxable","12":"shipping-taxable","13":"product-type-simple","14":"prodpage-style3"},"yoast_head":"<!-- This site is optimized with the Yoast SEO plugin v27.6 - https:\/\/yoast.com\/product\/yoast-seo-wordpress\/ -->\n<title>Spianata Romana - SalumiSorrentino.com<\/title>\n<meta name=\"robots\" content=\"index, follow, max-snippet:-1, max-image-preview:large, max-video-preview:-1\" \/>\n<link rel=\"canonical\" href=\"https:\/\/www.salumisorrentino.com\/shop\/salami-da-taglio\/spianata-romana\" \/>\n<meta property=\"og:locale\" content=\"de_DE\" \/>\n<meta property=\"og:type\" content=\"article\" \/>\n<meta property=\"og:title\" content=\"Spianata Romana - SalumiSorrentino.com\" \/>\n<meta property=\"og:description\" content=\"Typisches flach\u00e4hnliches Produkt aus Latium, wird es in nat\u00fcrliche Haut abgef\u00fcllt und mit Speckstreifen und ausgew\u00e4hltem Fleisch bekommen. Sechzigt\u00e4gige gelagert, ist die Spianata s\u00fc\u00df zum Geschmack und wiegt 2,5 Kilos zirka. Zur Verf\u00fcgung steht auch scharf.\" \/>\n<meta property=\"og:url\" content=\"https:\/\/www.salumisorrentino.com\/shop\/salami-da-taglio\/spianata-romana\" \/>\n<meta property=\"og:site_name\" content=\"SalumiSorrentino.com\" \/>\n<meta property=\"article:publisher\" content=\"https:\/\/www.facebook.com\/SalumiSorrentino\" \/>\n<meta property=\"article:modified_time\" content=\"2023-01-30T14:18:10+00:00\" \/>\n<meta property=\"og:image\" content=\"https:\/\/www.salumisorrentino.com\/wp-content\/uploads\/2017\/02\/1223R-SPIANATA-ROMANA-FILEminimizer.jpg\" \/>\n\t<meta property=\"og:image:width\" content=\"720\" \/>\n\t<meta property=\"og:image:height\" content=\"480\" \/>\n\t<meta property=\"og:image:type\" content=\"image\/jpeg\" \/>\n<meta name=\"twitter:card\" content=\"summary_large_image\" \/>\n<meta name=\"twitter:label1\" content=\"Gesch\u00e4tzte Lesezeit\" \/>\n\t<meta name=\"twitter:data1\" content=\"1\u00a0Minute\" \/>\n<script type=\"application\/ld+json\" class=\"yoast-schema-graph\">{\"@context\":\"https:\\\/\\\/schema.org\",\"@graph\":[{\"@type\":\"WebPage\",\"@id\":\"https:\\\/\\\/www.salumisorrentino.com\\\/shop\\\/salami-da-taglio\\\/spianata-romana\",\"url\":\"https:\\\/\\\/www.salumisorrentino.com\\\/shop\\\/salami-da-taglio\\\/spianata-romana\",\"name\":\"Spianata Romana - SalumiSorrentino.com\",\"isPartOf\":{\"@id\":\"https:\\\/\\\/www.salumisorrentino.com\\\/de\\\/#website\"},\"primaryImageOfPage\":{\"@id\":\"https:\\\/\\\/www.salumisorrentino.com\\\/shop\\\/salami-da-taglio\\\/spianata-romana#primaryimage\"},\"image\":{\"@id\":\"https:\\\/\\\/www.salumisorrentino.com\\\/shop\\\/salami-da-taglio\\\/spianata-romana#primaryimage\"},\"thumbnailUrl\":\"https:\\\/\\\/www.salumisorrentino.com\\\/wp-content\\\/uploads\\\/2017\\\/02\\\/1223R-SPIANATA-ROMANA-FILEminimizer.jpg\",\"datePublished\":\"2017-02-13T16:11:56+00:00\",\"dateModified\":\"2023-01-30T14:18:10+00:00\",\"breadcrumb\":{\"@id\":\"https:\\\/\\\/www.salumisorrentino.com\\\/shop\\\/salami-da-taglio\\\/spianata-romana#breadcrumb\"},\"inLanguage\":\"de\",\"potentialAction\":[{\"@type\":\"ReadAction\",\"target\":[\"https:\\\/\\\/www.salumisorrentino.com\\\/shop\\\/salami-da-taglio\\\/spianata-romana\"]}]},{\"@type\":\"ImageObject\",\"inLanguage\":\"de\",\"@id\":\"https:\\\/\\\/www.salumisorrentino.com\\\/shop\\\/salami-da-taglio\\\/spianata-romana#primaryimage\",\"url\":\"https:\\\/\\\/www.salumisorrentino.com\\\/wp-content\\\/uploads\\\/2017\\\/02\\\/1223R-SPIANATA-ROMANA-FILEminimizer.jpg\",\"contentUrl\":\"https:\\\/\\\/www.salumisorrentino.com\\\/wp-content\\\/uploads\\\/2017\\\/02\\\/1223R-SPIANATA-ROMANA-FILEminimizer.jpg\",\"width\":720,\"height\":480},{\"@type\":\"BreadcrumbList\",\"@id\":\"https:\\\/\\\/www.salumisorrentino.com\\\/shop\\\/salami-da-taglio\\\/spianata-romana#breadcrumb\",\"itemListElement\":[{\"@type\":\"ListItem\",\"position\":1,\"name\":\"Home\",\"item\":\"https:\\\/\\\/www.salumisorrentino.com\\\/\"},{\"@type\":\"ListItem\",\"position\":2,\"name\":\"SHOP\",\"item\":\"https:\\\/\\\/www.salumisorrentino.com\\\/shop\"},{\"@type\":\"ListItem\",\"position\":3,\"name\":\"Spianata Romana\"}]},{\"@type\":\"WebSite\",\"@id\":\"https:\\\/\\\/www.salumisorrentino.com\\\/de\\\/#website\",\"url\":\"https:\\\/\\\/www.salumisorrentino.com\\\/de\\\/\",\"name\":\"SalumiSorrentino.com\",\"description\":\"Salumificio Sorrentino | Gut zu bei\u00dfen!\",\"publisher\":{\"@id\":\"https:\\\/\\\/www.salumisorrentino.com\\\/de\\\/#organization\"},\"potentialAction\":[{\"@type\":\"SearchAction\",\"target\":{\"@type\":\"EntryPoint\",\"urlTemplate\":\"https:\\\/\\\/www.salumisorrentino.com\\\/de\\\/?s={search_term_string}\"},\"query-input\":{\"@type\":\"PropertyValueSpecification\",\"valueRequired\":true,\"valueName\":\"search_term_string\"}}],\"inLanguage\":\"de\"},{\"@type\":\"Organization\",\"@id\":\"https:\\\/\\\/www.salumisorrentino.com\\\/de\\\/#organization\",\"name\":\"Salumificio Sorrentino SRL\",\"url\":\"https:\\\/\\\/www.salumisorrentino.com\\\/de\\\/\",\"logo\":{\"@type\":\"ImageObject\",\"inLanguage\":\"de\",\"@id\":\"https:\\\/\\\/www.salumisorrentino.com\\\/de\\\/#\\\/schema\\\/logo\\\/image\\\/\",\"url\":\"https:\\\/\\\/www.salumisorrentino.com\\\/wp-content\\\/uploads\\\/2017\\\/03\\\/salumisorrentino_logo4.png\",\"contentUrl\":\"https:\\\/\\\/www.salumisorrentino.com\\\/wp-content\\\/uploads\\\/2017\\\/03\\\/salumisorrentino_logo4.png\",\"width\":237,\"height\":150,\"caption\":\"Salumificio Sorrentino SRL\"},\"image\":{\"@id\":\"https:\\\/\\\/www.salumisorrentino.com\\\/de\\\/#\\\/schema\\\/logo\\\/image\\\/\"},\"sameAs\":[\"https:\\\/\\\/www.facebook.com\\\/SalumiSorrentino\",\"https:\\\/\\\/www.instagram.com\\\/salumificiosorrentino\\\/\",\"https:\\\/\\\/www.youtube.com\\\/channel\\\/UC_gMQgCayZuMysAxrDx4lNA\"]}]}<\/script>\n<!-- \/ Yoast SEO plugin. -->","yoast_head_json":{"title":"Spianata Romana - SalumiSorrentino.com","robots":{"index":"index","follow":"follow","max-snippet":"max-snippet:-1","max-image-preview":"max-image-preview:large","max-video-preview":"max-video-preview:-1"},"canonical":"https:\/\/www.salumisorrentino.com\/shop\/salami-da-taglio\/spianata-romana","og_locale":"de_DE","og_type":"article","og_title":"Spianata Romana - SalumiSorrentino.com","og_description":"Typisches flach\u00e4hnliches Produkt aus Latium, wird es in nat\u00fcrliche Haut abgef\u00fcllt und mit Speckstreifen und ausgew\u00e4hltem Fleisch bekommen. Sechzigt\u00e4gige gelagert, ist die Spianata s\u00fc\u00df zum Geschmack und wiegt 2,5 Kilos zirka. Zur Verf\u00fcgung steht auch scharf.","og_url":"https:\/\/www.salumisorrentino.com\/shop\/salami-da-taglio\/spianata-romana","og_site_name":"SalumiSorrentino.com","article_publisher":"https:\/\/www.facebook.com\/SalumiSorrentino","article_modified_time":"2023-01-30T14:18:10+00:00","og_image":[{"width":720,"height":480,"url":"https:\/\/www.salumisorrentino.com\/wp-content\/uploads\/2017\/02\/1223R-SPIANATA-ROMANA-FILEminimizer.jpg","type":"image\/jpeg"}],"twitter_card":"summary_large_image","twitter_misc":{"Gesch\u00e4tzte Lesezeit":"1\u00a0Minute"},"schema":{"@context":"https:\/\/schema.org","@graph":[{"@type":"WebPage","@id":"https:\/\/www.salumisorrentino.com\/shop\/salami-da-taglio\/spianata-romana","url":"https:\/\/www.salumisorrentino.com\/shop\/salami-da-taglio\/spianata-romana","name":"Spianata Romana - SalumiSorrentino.com","isPartOf":{"@id":"https:\/\/www.salumisorrentino.com\/de\/#website"},"primaryImageOfPage":{"@id":"https:\/\/www.salumisorrentino.com\/shop\/salami-da-taglio\/spianata-romana#primaryimage"},"image":{"@id":"https:\/\/www.salumisorrentino.com\/shop\/salami-da-taglio\/spianata-romana#primaryimage"},"thumbnailUrl":"https:\/\/www.salumisorrentino.com\/wp-content\/uploads\/2017\/02\/1223R-SPIANATA-ROMANA-FILEminimizer.jpg","datePublished":"2017-02-13T16:11:56+00:00","dateModified":"2023-01-30T14:18:10+00:00","breadcrumb":{"@id":"https:\/\/www.salumisorrentino.com\/shop\/salami-da-taglio\/spianata-romana#breadcrumb"},"inLanguage":"de","potentialAction":[{"@type":"ReadAction","target":["https:\/\/www.salumisorrentino.com\/shop\/salami-da-taglio\/spianata-romana"]}]},{"@type":"ImageObject","inLanguage":"de","@id":"https:\/\/www.salumisorrentino.com\/shop\/salami-da-taglio\/spianata-romana#primaryimage","url":"https:\/\/www.salumisorrentino.com\/wp-content\/uploads\/2017\/02\/1223R-SPIANATA-ROMANA-FILEminimizer.jpg","contentUrl":"https:\/\/www.salumisorrentino.com\/wp-content\/uploads\/2017\/02\/1223R-SPIANATA-ROMANA-FILEminimizer.jpg","width":720,"height":480},{"@type":"BreadcrumbList","@id":"https:\/\/www.salumisorrentino.com\/shop\/salami-da-taglio\/spianata-romana#breadcrumb","itemListElement":[{"@type":"ListItem","position":1,"name":"Home","item":"https:\/\/www.salumisorrentino.com\/"},{"@type":"ListItem","position":2,"name":"SHOP","item":"https:\/\/www.salumisorrentino.com\/shop"},{"@type":"ListItem","position":3,"name":"Spianata Romana"}]},{"@type":"WebSite","@id":"https:\/\/www.salumisorrentino.com\/de\/#website","url":"https:\/\/www.salumisorrentino.com\/de\/","name":"SalumiSorrentino.com","description":"Salumificio Sorrentino | Gut zu bei\u00dfen!","publisher":{"@id":"https:\/\/www.salumisorrentino.com\/de\/#organization"},"potentialAction":[{"@type":"SearchAction","target":{"@type":"EntryPoint","urlTemplate":"https:\/\/www.salumisorrentino.com\/de\/?s={search_term_string}"},"query-input":{"@type":"PropertyValueSpecification","valueRequired":true,"valueName":"search_term_string"}}],"inLanguage":"de"},{"@type":"Organization","@id":"https:\/\/www.salumisorrentino.com\/de\/#organization","name":"Salumificio Sorrentino SRL","url":"https:\/\/www.salumisorrentino.com\/de\/","logo":{"@type":"ImageObject","inLanguage":"de","@id":"https:\/\/www.salumisorrentino.com\/de\/#\/schema\/logo\/image\/","url":"https:\/\/www.salumisorrentino.com\/wp-content\/uploads\/2017\/03\/salumisorrentino_logo4.png","contentUrl":"https:\/\/www.salumisorrentino.com\/wp-content\/uploads\/2017\/03\/salumisorrentino_logo4.png","width":237,"height":150,"caption":"Salumificio Sorrentino SRL"},"image":{"@id":"https:\/\/www.salumisorrentino.com\/de\/#\/schema\/logo\/image\/"},"sameAs":["https:\/\/www.facebook.com\/SalumiSorrentino","https:\/\/www.instagram.com\/salumificiosorrentino\/","https:\/\/www.youtube.com\/channel\/UC_gMQgCayZuMysAxrDx4lNA"]}]}},"_links":{"self":[{"href":"https:\/\/www.salumisorrentino.com\/de\/wp-json\/wp\/v2\/product\/3531","targetHints":{"allow":["GET"]}}],"collection":[{"href":"https:\/\/www.salumisorrentino.com\/de\/wp-json\/wp\/v2\/product"}],"about":[{"href":"https:\/\/www.salumisorrentino.com\/de\/wp-json\/wp\/v2\/types\/product"}],"replies":[{"embeddable":true,"href":"https:\/\/www.salumisorrentino.com\/de\/wp-json\/wp\/v2\/comments?post=3531"}],"wp:featuredmedia":[{"embeddable":true,"href":"https:\/\/www.salumisorrentino.com\/de\/wp-json\/wp\/v2\/media\/7504"}],"wp:attachment":[{"href":"https:\/\/www.salumisorrentino.com\/de\/wp-json\/wp\/v2\/media?parent=3531"}],"wp:term":[{"taxonomy":"product_brand","embeddable":true,"href":"https:\/\/www.salumisorrentino.com\/de\/wp-json\/wp\/v2\/product_brand?post=3531"},{"taxonomy":"product_cat","embeddable":true,"href":"https:\/\/www.salumisorrentino.com\/de\/wp-json\/wp\/v2\/product_cat?post=3531"},{"taxonomy":"product_tag","embeddable":true,"href":"https:\/\/www.salumisorrentino.com\/de\/wp-json\/wp\/v2\/product_tag?post=3531"}],"curies":[{"name":"wp","href":"https:\/\/api.w.org\/{rel}","templated":true}]}}