{"id":3528,"date":"2017-02-13T16:58:23","date_gmt":"2017-02-13T15:58:23","guid":{"rendered":"http:\/\/www.salumisorrentino.com\/?post_type=product&#038;p=3528"},"modified":"2023-01-30T15:18:00","modified_gmt":"2023-01-30T14:18:00","slug":"spianata-abruzzese","status":"publish","type":"product","link":"https:\/\/www.salumisorrentino.com\/de\/shop\/salami-da-taglio\/spianata-abruzzese","title":{"rendered":"Spianata Abruzzese"},"content":{"rendered":"Aus magerem Fleisch produziert, ohne Speckstreifen und frei von Nerven und Knorpel, ist sie eine typische Salami f\u00fcr Aufschneide, flach\u00e4hn lich und mit 2,5 Kilos St\u00fcckgr\u00f6\u00dfe.<br \/>\nIn nat\u00fcrliche Haut abgef\u00fcllt, hat sie eine sechzigt\u00e4 gige zirka Ablagerung.","protected":false},"excerpt":{"rendered":"<p>Aus magerem Fleisch produziert, ohne Speckstreifen und frei von Nerven und Knorpel, ist sie eine typische Salami f\u00fcr Aufschneide, flach\u00e4hn lich und mit 2,5 Kilos St\u00fcckgr\u00f6\u00dfe. In nat\u00fcrliche Haut abgef\u00fcllt, hat sie eine sechzigt\u00e4 gige zirka Ablagerung.<\/p>\n","protected":false},"featured_media":7503,"comment_status":"closed","ping_status":"closed","template":"","meta":[],"product_brand":[],"product_cat":[174],"product_tag":[],"class_list":{"0":"post-3528","1":"product","2":"type-product","3":"status-publish","4":"has-post-thumbnail","6":"product_cat-salami-da-taglio","8":"first","9":"instock","10":"taxable","11":"shipping-taxable","12":"product-type-simple","13":"prodpage-style3"},"yoast_head":"<!-- This site is optimized with the Yoast SEO plugin v27.5 - https:\/\/yoast.com\/product\/yoast-seo-wordpress\/ -->\n<title>Spianata Abruzzese - SalumiSorrentino.com<\/title>\n<meta name=\"robots\" content=\"index, follow, max-snippet:-1, max-image-preview:large, max-video-preview:-1\" \/>\n<link rel=\"canonical\" href=\"https:\/\/www.salumisorrentino.com\/shop\/salami-da-taglio\/spianata-abruzzese\" \/>\n<meta property=\"og:locale\" content=\"de_DE\" \/>\n<meta property=\"og:type\" content=\"article\" \/>\n<meta property=\"og:title\" content=\"Spianata Abruzzese - SalumiSorrentino.com\" \/>\n<meta property=\"og:description\" content=\"Aus magerem Fleisch produziert, ohne Speckstreifen und frei von Nerven und Knorpel, ist sie eine typische Salami f\u00fcr Aufschneide, flach\u00e4hn lich und mit 2,5 Kilos St\u00fcckgr\u00f6\u00dfe. In nat\u00fcrliche Haut abgef\u00fcllt, hat sie eine sechzigt\u00e4 gige zirka Ablagerung.\" \/>\n<meta property=\"og:url\" content=\"https:\/\/www.salumisorrentino.com\/shop\/salami-da-taglio\/spianata-abruzzese\" \/>\n<meta property=\"og:site_name\" content=\"SalumiSorrentino.com\" \/>\n<meta property=\"article:publisher\" content=\"https:\/\/www.facebook.com\/SalumiSorrentino\" \/>\n<meta property=\"article:modified_time\" content=\"2023-01-30T14:18:00+00:00\" \/>\n<meta property=\"og:image\" content=\"https:\/\/www.salumisorrentino.com\/wp-content\/uploads\/2017\/02\/1223A-SPIANATA-ABRUZZESE-FILEminimizer.jpg\" \/>\n\t<meta property=\"og:image:width\" content=\"720\" \/>\n\t<meta property=\"og:image:height\" content=\"480\" \/>\n\t<meta property=\"og:image:type\" content=\"image\/jpeg\" \/>\n<meta name=\"twitter:card\" content=\"summary_large_image\" \/>\n<meta name=\"twitter:label1\" content=\"Gesch\u00e4tzte Lesezeit\" \/>\n\t<meta name=\"twitter:data1\" content=\"1\u00a0Minute\" \/>\n<script type=\"application\/ld+json\" class=\"yoast-schema-graph\">{\"@context\":\"https:\\\/\\\/schema.org\",\"@graph\":[{\"@type\":\"WebPage\",\"@id\":\"https:\\\/\\\/www.salumisorrentino.com\\\/shop\\\/salami-da-taglio\\\/spianata-abruzzese\",\"url\":\"https:\\\/\\\/www.salumisorrentino.com\\\/shop\\\/salami-da-taglio\\\/spianata-abruzzese\",\"name\":\"Spianata Abruzzese - SalumiSorrentino.com\",\"isPartOf\":{\"@id\":\"https:\\\/\\\/www.salumisorrentino.com\\\/de\\\/#website\"},\"primaryImageOfPage\":{\"@id\":\"https:\\\/\\\/www.salumisorrentino.com\\\/shop\\\/salami-da-taglio\\\/spianata-abruzzese#primaryimage\"},\"image\":{\"@id\":\"https:\\\/\\\/www.salumisorrentino.com\\\/shop\\\/salami-da-taglio\\\/spianata-abruzzese#primaryimage\"},\"thumbnailUrl\":\"https:\\\/\\\/www.salumisorrentino.com\\\/wp-content\\\/uploads\\\/2017\\\/02\\\/1223A-SPIANATA-ABRUZZESE-FILEminimizer.jpg\",\"datePublished\":\"2017-02-13T15:58:23+00:00\",\"dateModified\":\"2023-01-30T14:18:00+00:00\",\"breadcrumb\":{\"@id\":\"https:\\\/\\\/www.salumisorrentino.com\\\/shop\\\/salami-da-taglio\\\/spianata-abruzzese#breadcrumb\"},\"inLanguage\":\"de\",\"potentialAction\":[{\"@type\":\"ReadAction\",\"target\":[\"https:\\\/\\\/www.salumisorrentino.com\\\/shop\\\/salami-da-taglio\\\/spianata-abruzzese\"]}]},{\"@type\":\"ImageObject\",\"inLanguage\":\"de\",\"@id\":\"https:\\\/\\\/www.salumisorrentino.com\\\/shop\\\/salami-da-taglio\\\/spianata-abruzzese#primaryimage\",\"url\":\"https:\\\/\\\/www.salumisorrentino.com\\\/wp-content\\\/uploads\\\/2017\\\/02\\\/1223A-SPIANATA-ABRUZZESE-FILEminimizer.jpg\",\"contentUrl\":\"https:\\\/\\\/www.salumisorrentino.com\\\/wp-content\\\/uploads\\\/2017\\\/02\\\/1223A-SPIANATA-ABRUZZESE-FILEminimizer.jpg\",\"width\":720,\"height\":480},{\"@type\":\"BreadcrumbList\",\"@id\":\"https:\\\/\\\/www.salumisorrentino.com\\\/shop\\\/salami-da-taglio\\\/spianata-abruzzese#breadcrumb\",\"itemListElement\":[{\"@type\":\"ListItem\",\"position\":1,\"name\":\"Home\",\"item\":\"https:\\\/\\\/www.salumisorrentino.com\\\/\"},{\"@type\":\"ListItem\",\"position\":2,\"name\":\"SHOP\",\"item\":\"https:\\\/\\\/www.salumisorrentino.com\\\/shop\"},{\"@type\":\"ListItem\",\"position\":3,\"name\":\"Spianata Abruzzese\"}]},{\"@type\":\"WebSite\",\"@id\":\"https:\\\/\\\/www.salumisorrentino.com\\\/de\\\/#website\",\"url\":\"https:\\\/\\\/www.salumisorrentino.com\\\/de\\\/\",\"name\":\"SalumiSorrentino.com\",\"description\":\"Salumificio Sorrentino | Gut zu bei\u00dfen!\",\"publisher\":{\"@id\":\"https:\\\/\\\/www.salumisorrentino.com\\\/de\\\/#organization\"},\"potentialAction\":[{\"@type\":\"SearchAction\",\"target\":{\"@type\":\"EntryPoint\",\"urlTemplate\":\"https:\\\/\\\/www.salumisorrentino.com\\\/de\\\/?s={search_term_string}\"},\"query-input\":{\"@type\":\"PropertyValueSpecification\",\"valueRequired\":true,\"valueName\":\"search_term_string\"}}],\"inLanguage\":\"de\"},{\"@type\":\"Organization\",\"@id\":\"https:\\\/\\\/www.salumisorrentino.com\\\/de\\\/#organization\",\"name\":\"Salumificio Sorrentino SRL\",\"url\":\"https:\\\/\\\/www.salumisorrentino.com\\\/de\\\/\",\"logo\":{\"@type\":\"ImageObject\",\"inLanguage\":\"de\",\"@id\":\"https:\\\/\\\/www.salumisorrentino.com\\\/de\\\/#\\\/schema\\\/logo\\\/image\\\/\",\"url\":\"https:\\\/\\\/www.salumisorrentino.com\\\/wp-content\\\/uploads\\\/2017\\\/03\\\/salumisorrentino_logo4.png\",\"contentUrl\":\"https:\\\/\\\/www.salumisorrentino.com\\\/wp-content\\\/uploads\\\/2017\\\/03\\\/salumisorrentino_logo4.png\",\"width\":237,\"height\":150,\"caption\":\"Salumificio Sorrentino SRL\"},\"image\":{\"@id\":\"https:\\\/\\\/www.salumisorrentino.com\\\/de\\\/#\\\/schema\\\/logo\\\/image\\\/\"},\"sameAs\":[\"https:\\\/\\\/www.facebook.com\\\/SalumiSorrentino\",\"https:\\\/\\\/www.instagram.com\\\/salumificiosorrentino\\\/\",\"https:\\\/\\\/www.youtube.com\\\/channel\\\/UC_gMQgCayZuMysAxrDx4lNA\"]}]}<\/script>\n<!-- \/ Yoast SEO plugin. -->","yoast_head_json":{"title":"Spianata Abruzzese - SalumiSorrentino.com","robots":{"index":"index","follow":"follow","max-snippet":"max-snippet:-1","max-image-preview":"max-image-preview:large","max-video-preview":"max-video-preview:-1"},"canonical":"https:\/\/www.salumisorrentino.com\/shop\/salami-da-taglio\/spianata-abruzzese","og_locale":"de_DE","og_type":"article","og_title":"Spianata Abruzzese - SalumiSorrentino.com","og_description":"Aus magerem Fleisch produziert, ohne Speckstreifen und frei von Nerven und Knorpel, ist sie eine typische Salami f\u00fcr Aufschneide, flach\u00e4hn lich und mit 2,5 Kilos St\u00fcckgr\u00f6\u00dfe. In nat\u00fcrliche Haut abgef\u00fcllt, hat sie eine sechzigt\u00e4 gige zirka Ablagerung.","og_url":"https:\/\/www.salumisorrentino.com\/shop\/salami-da-taglio\/spianata-abruzzese","og_site_name":"SalumiSorrentino.com","article_publisher":"https:\/\/www.facebook.com\/SalumiSorrentino","article_modified_time":"2023-01-30T14:18:00+00:00","og_image":[{"width":720,"height":480,"url":"https:\/\/www.salumisorrentino.com\/wp-content\/uploads\/2017\/02\/1223A-SPIANATA-ABRUZZESE-FILEminimizer.jpg","type":"image\/jpeg"}],"twitter_card":"summary_large_image","twitter_misc":{"Gesch\u00e4tzte Lesezeit":"1\u00a0Minute"},"schema":{"@context":"https:\/\/schema.org","@graph":[{"@type":"WebPage","@id":"https:\/\/www.salumisorrentino.com\/shop\/salami-da-taglio\/spianata-abruzzese","url":"https:\/\/www.salumisorrentino.com\/shop\/salami-da-taglio\/spianata-abruzzese","name":"Spianata Abruzzese - SalumiSorrentino.com","isPartOf":{"@id":"https:\/\/www.salumisorrentino.com\/de\/#website"},"primaryImageOfPage":{"@id":"https:\/\/www.salumisorrentino.com\/shop\/salami-da-taglio\/spianata-abruzzese#primaryimage"},"image":{"@id":"https:\/\/www.salumisorrentino.com\/shop\/salami-da-taglio\/spianata-abruzzese#primaryimage"},"thumbnailUrl":"https:\/\/www.salumisorrentino.com\/wp-content\/uploads\/2017\/02\/1223A-SPIANATA-ABRUZZESE-FILEminimizer.jpg","datePublished":"2017-02-13T15:58:23+00:00","dateModified":"2023-01-30T14:18:00+00:00","breadcrumb":{"@id":"https:\/\/www.salumisorrentino.com\/shop\/salami-da-taglio\/spianata-abruzzese#breadcrumb"},"inLanguage":"de","potentialAction":[{"@type":"ReadAction","target":["https:\/\/www.salumisorrentino.com\/shop\/salami-da-taglio\/spianata-abruzzese"]}]},{"@type":"ImageObject","inLanguage":"de","@id":"https:\/\/www.salumisorrentino.com\/shop\/salami-da-taglio\/spianata-abruzzese#primaryimage","url":"https:\/\/www.salumisorrentino.com\/wp-content\/uploads\/2017\/02\/1223A-SPIANATA-ABRUZZESE-FILEminimizer.jpg","contentUrl":"https:\/\/www.salumisorrentino.com\/wp-content\/uploads\/2017\/02\/1223A-SPIANATA-ABRUZZESE-FILEminimizer.jpg","width":720,"height":480},{"@type":"BreadcrumbList","@id":"https:\/\/www.salumisorrentino.com\/shop\/salami-da-taglio\/spianata-abruzzese#breadcrumb","itemListElement":[{"@type":"ListItem","position":1,"name":"Home","item":"https:\/\/www.salumisorrentino.com\/"},{"@type":"ListItem","position":2,"name":"SHOP","item":"https:\/\/www.salumisorrentino.com\/shop"},{"@type":"ListItem","position":3,"name":"Spianata Abruzzese"}]},{"@type":"WebSite","@id":"https:\/\/www.salumisorrentino.com\/de\/#website","url":"https:\/\/www.salumisorrentino.com\/de\/","name":"SalumiSorrentino.com","description":"Salumificio Sorrentino | Gut zu bei\u00dfen!","publisher":{"@id":"https:\/\/www.salumisorrentino.com\/de\/#organization"},"potentialAction":[{"@type":"SearchAction","target":{"@type":"EntryPoint","urlTemplate":"https:\/\/www.salumisorrentino.com\/de\/?s={search_term_string}"},"query-input":{"@type":"PropertyValueSpecification","valueRequired":true,"valueName":"search_term_string"}}],"inLanguage":"de"},{"@type":"Organization","@id":"https:\/\/www.salumisorrentino.com\/de\/#organization","name":"Salumificio Sorrentino SRL","url":"https:\/\/www.salumisorrentino.com\/de\/","logo":{"@type":"ImageObject","inLanguage":"de","@id":"https:\/\/www.salumisorrentino.com\/de\/#\/schema\/logo\/image\/","url":"https:\/\/www.salumisorrentino.com\/wp-content\/uploads\/2017\/03\/salumisorrentino_logo4.png","contentUrl":"https:\/\/www.salumisorrentino.com\/wp-content\/uploads\/2017\/03\/salumisorrentino_logo4.png","width":237,"height":150,"caption":"Salumificio Sorrentino SRL"},"image":{"@id":"https:\/\/www.salumisorrentino.com\/de\/#\/schema\/logo\/image\/"},"sameAs":["https:\/\/www.facebook.com\/SalumiSorrentino","https:\/\/www.instagram.com\/salumificiosorrentino\/","https:\/\/www.youtube.com\/channel\/UC_gMQgCayZuMysAxrDx4lNA"]}]}},"_links":{"self":[{"href":"https:\/\/www.salumisorrentino.com\/de\/wp-json\/wp\/v2\/product\/3528","targetHints":{"allow":["GET"]}}],"collection":[{"href":"https:\/\/www.salumisorrentino.com\/de\/wp-json\/wp\/v2\/product"}],"about":[{"href":"https:\/\/www.salumisorrentino.com\/de\/wp-json\/wp\/v2\/types\/product"}],"replies":[{"embeddable":true,"href":"https:\/\/www.salumisorrentino.com\/de\/wp-json\/wp\/v2\/comments?post=3528"}],"wp:featuredmedia":[{"embeddable":true,"href":"https:\/\/www.salumisorrentino.com\/de\/wp-json\/wp\/v2\/media\/7503"}],"wp:attachment":[{"href":"https:\/\/www.salumisorrentino.com\/de\/wp-json\/wp\/v2\/media?parent=3528"}],"wp:term":[{"taxonomy":"product_brand","embeddable":true,"href":"https:\/\/www.salumisorrentino.com\/de\/wp-json\/wp\/v2\/product_brand?post=3528"},{"taxonomy":"product_cat","embeddable":true,"href":"https:\/\/www.salumisorrentino.com\/de\/wp-json\/wp\/v2\/product_cat?post=3528"},{"taxonomy":"product_tag","embeddable":true,"href":"https:\/\/www.salumisorrentino.com\/de\/wp-json\/wp\/v2\/product_tag?post=3528"}],"curies":[{"name":"wp","href":"https:\/\/api.w.org\/{rel}","templated":true}]}}