{"id":3477,"date":"2017-02-13T15:22:40","date_gmt":"2017-02-13T14:22:40","guid":{"rendered":"http:\/\/www.salumisorrentino.com\/?post_type=product&#038;p=3477"},"modified":"2023-01-30T15:35:55","modified_gmt":"2023-01-30T14:35:55","slug":"salsiccia-a-catena-dolce-e-piccante","status":"publish","type":"product","link":"https:\/\/www.salumisorrentino.com\/de\/shop\/salami-da-asporto\/salsiccia-a-catena-dolce-e-piccante","title":{"rendered":"Verkn\u00fcpft Wurst (s\u00fc\u00df und w\u00fcrzig)"},"content":{"rendered":"Erfahrene gebunden wurst, in packungen zu 2,5 kg verkauft oder 2 Pack version (250 Gramm). Caliber 38, medium schleifen. Ideal f\u00fcr pizza-und kleinhandel. Erh\u00e4ltlich s\u00fc\u00df und auch w\u00fcrzig.","protected":false},"excerpt":{"rendered":"<p>Erfahrene gebunden wurst, in packungen zu 2,5 kg verkauft oder 2 Pack version (250 Gramm). Caliber 38, medium schleifen. Ideal f\u00fcr pizza-und kleinhandel. Erh\u00e4ltlich s\u00fc\u00df und auch w\u00fcrzig.<\/p>\n","protected":false},"featured_media":7515,"comment_status":"closed","ping_status":"closed","template":"","meta":[],"product_brand":[],"product_cat":[173],"product_tag":[],"class_list":{"0":"post-3477","1":"product","2":"type-product","3":"status-publish","4":"has-post-thumbnail","6":"product_cat-salami-da-asporto","8":"first","9":"instock","10":"taxable","11":"shipping-taxable","12":"product-type-simple","13":"prodpage-style3"},"yoast_head":"<!-- This site is optimized with the Yoast SEO plugin v27.4 - https:\/\/yoast.com\/product\/yoast-seo-wordpress\/ -->\n<title>Verkn\u00fcpft Wurst (s\u00fc\u00df und w\u00fcrzig) - SalumiSorrentino.com<\/title>\n<meta name=\"robots\" content=\"index, follow, max-snippet:-1, max-image-preview:large, max-video-preview:-1\" \/>\n<link rel=\"canonical\" href=\"https:\/\/www.salumisorrentino.com\/shop\/salami-da-asporto\/salsiccia-a-catena-dolce-e-piccante\" \/>\n<meta property=\"og:locale\" content=\"de_DE\" \/>\n<meta property=\"og:type\" content=\"article\" \/>\n<meta property=\"og:title\" content=\"Verkn\u00fcpft Wurst (s\u00fc\u00df und w\u00fcrzig) - SalumiSorrentino.com\" \/>\n<meta property=\"og:description\" content=\"Erfahrene gebunden wurst, in packungen zu 2,5 kg verkauft oder 2 Pack version (250 Gramm). Caliber 38, medium schleifen. Ideal f\u00fcr pizza-und kleinhandel. Erh\u00e4ltlich s\u00fc\u00df und auch w\u00fcrzig.\" \/>\n<meta property=\"og:url\" content=\"https:\/\/www.salumisorrentino.com\/shop\/salami-da-asporto\/salsiccia-a-catena-dolce-e-piccante\" \/>\n<meta property=\"og:site_name\" content=\"SalumiSorrentino.com\" \/>\n<meta property=\"article:publisher\" content=\"https:\/\/www.facebook.com\/SalumiSorrentino\" \/>\n<meta property=\"article:modified_time\" content=\"2023-01-30T14:35:55+00:00\" \/>\n<meta property=\"og:image\" content=\"https:\/\/www.salumisorrentino.com\/wp-content\/uploads\/2017\/02\/1271SV-SALSICCIA-DOLCE-A-CATENA-SV-A-DUE-DITA-FILEminimizer.jpg\" \/>\n\t<meta property=\"og:image:width\" content=\"719\" \/>\n\t<meta property=\"og:image:height\" content=\"480\" \/>\n\t<meta property=\"og:image:type\" content=\"image\/jpeg\" \/>\n<meta name=\"twitter:card\" content=\"summary_large_image\" \/>\n<meta name=\"twitter:label1\" content=\"Gesch\u00e4tzte Lesezeit\" \/>\n\t<meta name=\"twitter:data1\" content=\"1\u00a0Minute\" \/>\n<script type=\"application\/ld+json\" class=\"yoast-schema-graph\">{\"@context\":\"https:\\\/\\\/schema.org\",\"@graph\":[{\"@type\":\"WebPage\",\"@id\":\"https:\\\/\\\/www.salumisorrentino.com\\\/shop\\\/salami-da-asporto\\\/salsiccia-a-catena-dolce-e-piccante\",\"url\":\"https:\\\/\\\/www.salumisorrentino.com\\\/shop\\\/salami-da-asporto\\\/salsiccia-a-catena-dolce-e-piccante\",\"name\":\"Verkn\u00fcpft Wurst (s\u00fc\u00df und w\u00fcrzig) - SalumiSorrentino.com\",\"isPartOf\":{\"@id\":\"https:\\\/\\\/www.salumisorrentino.com\\\/de\\\/#website\"},\"primaryImageOfPage\":{\"@id\":\"https:\\\/\\\/www.salumisorrentino.com\\\/shop\\\/salami-da-asporto\\\/salsiccia-a-catena-dolce-e-piccante#primaryimage\"},\"image\":{\"@id\":\"https:\\\/\\\/www.salumisorrentino.com\\\/shop\\\/salami-da-asporto\\\/salsiccia-a-catena-dolce-e-piccante#primaryimage\"},\"thumbnailUrl\":\"https:\\\/\\\/www.salumisorrentino.com\\\/wp-content\\\/uploads\\\/2017\\\/02\\\/1271SV-SALSICCIA-DOLCE-A-CATENA-SV-A-DUE-DITA-FILEminimizer.jpg\",\"datePublished\":\"2017-02-13T14:22:40+00:00\",\"dateModified\":\"2023-01-30T14:35:55+00:00\",\"breadcrumb\":{\"@id\":\"https:\\\/\\\/www.salumisorrentino.com\\\/shop\\\/salami-da-asporto\\\/salsiccia-a-catena-dolce-e-piccante#breadcrumb\"},\"inLanguage\":\"de\",\"potentialAction\":[{\"@type\":\"ReadAction\",\"target\":[\"https:\\\/\\\/www.salumisorrentino.com\\\/shop\\\/salami-da-asporto\\\/salsiccia-a-catena-dolce-e-piccante\"]}]},{\"@type\":\"ImageObject\",\"inLanguage\":\"de\",\"@id\":\"https:\\\/\\\/www.salumisorrentino.com\\\/shop\\\/salami-da-asporto\\\/salsiccia-a-catena-dolce-e-piccante#primaryimage\",\"url\":\"https:\\\/\\\/www.salumisorrentino.com\\\/wp-content\\\/uploads\\\/2017\\\/02\\\/1271SV-SALSICCIA-DOLCE-A-CATENA-SV-A-DUE-DITA-FILEminimizer.jpg\",\"contentUrl\":\"https:\\\/\\\/www.salumisorrentino.com\\\/wp-content\\\/uploads\\\/2017\\\/02\\\/1271SV-SALSICCIA-DOLCE-A-CATENA-SV-A-DUE-DITA-FILEminimizer.jpg\",\"width\":719,\"height\":480},{\"@type\":\"BreadcrumbList\",\"@id\":\"https:\\\/\\\/www.salumisorrentino.com\\\/shop\\\/salami-da-asporto\\\/salsiccia-a-catena-dolce-e-piccante#breadcrumb\",\"itemListElement\":[{\"@type\":\"ListItem\",\"position\":1,\"name\":\"Home\",\"item\":\"https:\\\/\\\/www.salumisorrentino.com\\\/\"},{\"@type\":\"ListItem\",\"position\":2,\"name\":\"SHOP\",\"item\":\"https:\\\/\\\/www.salumisorrentino.com\\\/shop\"},{\"@type\":\"ListItem\",\"position\":3,\"name\":\"Salsiccia a Catena Dolce e Piccante\"}]},{\"@type\":\"WebSite\",\"@id\":\"https:\\\/\\\/www.salumisorrentino.com\\\/de\\\/#website\",\"url\":\"https:\\\/\\\/www.salumisorrentino.com\\\/de\\\/\",\"name\":\"SalumiSorrentino.com\",\"description\":\"Salumificio Sorrentino | Gut zu bei\u00dfen!\",\"publisher\":{\"@id\":\"https:\\\/\\\/www.salumisorrentino.com\\\/de\\\/#organization\"},\"potentialAction\":[{\"@type\":\"SearchAction\",\"target\":{\"@type\":\"EntryPoint\",\"urlTemplate\":\"https:\\\/\\\/www.salumisorrentino.com\\\/de\\\/?s={search_term_string}\"},\"query-input\":{\"@type\":\"PropertyValueSpecification\",\"valueRequired\":true,\"valueName\":\"search_term_string\"}}],\"inLanguage\":\"de\"},{\"@type\":\"Organization\",\"@id\":\"https:\\\/\\\/www.salumisorrentino.com\\\/de\\\/#organization\",\"name\":\"Salumificio Sorrentino SRL\",\"url\":\"https:\\\/\\\/www.salumisorrentino.com\\\/de\\\/\",\"logo\":{\"@type\":\"ImageObject\",\"inLanguage\":\"de\",\"@id\":\"https:\\\/\\\/www.salumisorrentino.com\\\/de\\\/#\\\/schema\\\/logo\\\/image\\\/\",\"url\":\"https:\\\/\\\/www.salumisorrentino.com\\\/wp-content\\\/uploads\\\/2017\\\/03\\\/salumisorrentino_logo4.png\",\"contentUrl\":\"https:\\\/\\\/www.salumisorrentino.com\\\/wp-content\\\/uploads\\\/2017\\\/03\\\/salumisorrentino_logo4.png\",\"width\":237,\"height\":150,\"caption\":\"Salumificio Sorrentino SRL\"},\"image\":{\"@id\":\"https:\\\/\\\/www.salumisorrentino.com\\\/de\\\/#\\\/schema\\\/logo\\\/image\\\/\"},\"sameAs\":[\"https:\\\/\\\/www.facebook.com\\\/SalumiSorrentino\",\"https:\\\/\\\/www.instagram.com\\\/salumificiosorrentino\\\/\",\"https:\\\/\\\/www.youtube.com\\\/channel\\\/UC_gMQgCayZuMysAxrDx4lNA\"]}]}<\/script>\n<!-- \/ Yoast SEO plugin. -->","yoast_head_json":{"title":"Verkn\u00fcpft Wurst (s\u00fc\u00df und w\u00fcrzig) - SalumiSorrentino.com","robots":{"index":"index","follow":"follow","max-snippet":"max-snippet:-1","max-image-preview":"max-image-preview:large","max-video-preview":"max-video-preview:-1"},"canonical":"https:\/\/www.salumisorrentino.com\/shop\/salami-da-asporto\/salsiccia-a-catena-dolce-e-piccante","og_locale":"de_DE","og_type":"article","og_title":"Verkn\u00fcpft Wurst (s\u00fc\u00df und w\u00fcrzig) - SalumiSorrentino.com","og_description":"Erfahrene gebunden wurst, in packungen zu 2,5 kg verkauft oder 2 Pack version (250 Gramm). Caliber 38, medium schleifen. Ideal f\u00fcr pizza-und kleinhandel. Erh\u00e4ltlich s\u00fc\u00df und auch w\u00fcrzig.","og_url":"https:\/\/www.salumisorrentino.com\/shop\/salami-da-asporto\/salsiccia-a-catena-dolce-e-piccante","og_site_name":"SalumiSorrentino.com","article_publisher":"https:\/\/www.facebook.com\/SalumiSorrentino","article_modified_time":"2023-01-30T14:35:55+00:00","og_image":[{"width":719,"height":480,"url":"https:\/\/www.salumisorrentino.com\/wp-content\/uploads\/2017\/02\/1271SV-SALSICCIA-DOLCE-A-CATENA-SV-A-DUE-DITA-FILEminimizer.jpg","type":"image\/jpeg"}],"twitter_card":"summary_large_image","twitter_misc":{"Gesch\u00e4tzte Lesezeit":"1\u00a0Minute"},"schema":{"@context":"https:\/\/schema.org","@graph":[{"@type":"WebPage","@id":"https:\/\/www.salumisorrentino.com\/shop\/salami-da-asporto\/salsiccia-a-catena-dolce-e-piccante","url":"https:\/\/www.salumisorrentino.com\/shop\/salami-da-asporto\/salsiccia-a-catena-dolce-e-piccante","name":"Verkn\u00fcpft Wurst (s\u00fc\u00df und w\u00fcrzig) - SalumiSorrentino.com","isPartOf":{"@id":"https:\/\/www.salumisorrentino.com\/de\/#website"},"primaryImageOfPage":{"@id":"https:\/\/www.salumisorrentino.com\/shop\/salami-da-asporto\/salsiccia-a-catena-dolce-e-piccante#primaryimage"},"image":{"@id":"https:\/\/www.salumisorrentino.com\/shop\/salami-da-asporto\/salsiccia-a-catena-dolce-e-piccante#primaryimage"},"thumbnailUrl":"https:\/\/www.salumisorrentino.com\/wp-content\/uploads\/2017\/02\/1271SV-SALSICCIA-DOLCE-A-CATENA-SV-A-DUE-DITA-FILEminimizer.jpg","datePublished":"2017-02-13T14:22:40+00:00","dateModified":"2023-01-30T14:35:55+00:00","breadcrumb":{"@id":"https:\/\/www.salumisorrentino.com\/shop\/salami-da-asporto\/salsiccia-a-catena-dolce-e-piccante#breadcrumb"},"inLanguage":"de","potentialAction":[{"@type":"ReadAction","target":["https:\/\/www.salumisorrentino.com\/shop\/salami-da-asporto\/salsiccia-a-catena-dolce-e-piccante"]}]},{"@type":"ImageObject","inLanguage":"de","@id":"https:\/\/www.salumisorrentino.com\/shop\/salami-da-asporto\/salsiccia-a-catena-dolce-e-piccante#primaryimage","url":"https:\/\/www.salumisorrentino.com\/wp-content\/uploads\/2017\/02\/1271SV-SALSICCIA-DOLCE-A-CATENA-SV-A-DUE-DITA-FILEminimizer.jpg","contentUrl":"https:\/\/www.salumisorrentino.com\/wp-content\/uploads\/2017\/02\/1271SV-SALSICCIA-DOLCE-A-CATENA-SV-A-DUE-DITA-FILEminimizer.jpg","width":719,"height":480},{"@type":"BreadcrumbList","@id":"https:\/\/www.salumisorrentino.com\/shop\/salami-da-asporto\/salsiccia-a-catena-dolce-e-piccante#breadcrumb","itemListElement":[{"@type":"ListItem","position":1,"name":"Home","item":"https:\/\/www.salumisorrentino.com\/"},{"@type":"ListItem","position":2,"name":"SHOP","item":"https:\/\/www.salumisorrentino.com\/shop"},{"@type":"ListItem","position":3,"name":"Salsiccia a Catena Dolce e Piccante"}]},{"@type":"WebSite","@id":"https:\/\/www.salumisorrentino.com\/de\/#website","url":"https:\/\/www.salumisorrentino.com\/de\/","name":"SalumiSorrentino.com","description":"Salumificio Sorrentino | Gut zu bei\u00dfen!","publisher":{"@id":"https:\/\/www.salumisorrentino.com\/de\/#organization"},"potentialAction":[{"@type":"SearchAction","target":{"@type":"EntryPoint","urlTemplate":"https:\/\/www.salumisorrentino.com\/de\/?s={search_term_string}"},"query-input":{"@type":"PropertyValueSpecification","valueRequired":true,"valueName":"search_term_string"}}],"inLanguage":"de"},{"@type":"Organization","@id":"https:\/\/www.salumisorrentino.com\/de\/#organization","name":"Salumificio Sorrentino SRL","url":"https:\/\/www.salumisorrentino.com\/de\/","logo":{"@type":"ImageObject","inLanguage":"de","@id":"https:\/\/www.salumisorrentino.com\/de\/#\/schema\/logo\/image\/","url":"https:\/\/www.salumisorrentino.com\/wp-content\/uploads\/2017\/03\/salumisorrentino_logo4.png","contentUrl":"https:\/\/www.salumisorrentino.com\/wp-content\/uploads\/2017\/03\/salumisorrentino_logo4.png","width":237,"height":150,"caption":"Salumificio Sorrentino SRL"},"image":{"@id":"https:\/\/www.salumisorrentino.com\/de\/#\/schema\/logo\/image\/"},"sameAs":["https:\/\/www.facebook.com\/SalumiSorrentino","https:\/\/www.instagram.com\/salumificiosorrentino\/","https:\/\/www.youtube.com\/channel\/UC_gMQgCayZuMysAxrDx4lNA"]}]}},"_links":{"self":[{"href":"https:\/\/www.salumisorrentino.com\/de\/wp-json\/wp\/v2\/product\/3477","targetHints":{"allow":["GET"]}}],"collection":[{"href":"https:\/\/www.salumisorrentino.com\/de\/wp-json\/wp\/v2\/product"}],"about":[{"href":"https:\/\/www.salumisorrentino.com\/de\/wp-json\/wp\/v2\/types\/product"}],"replies":[{"embeddable":true,"href":"https:\/\/www.salumisorrentino.com\/de\/wp-json\/wp\/v2\/comments?post=3477"}],"wp:featuredmedia":[{"embeddable":true,"href":"https:\/\/www.salumisorrentino.com\/de\/wp-json\/wp\/v2\/media\/7515"}],"wp:attachment":[{"href":"https:\/\/www.salumisorrentino.com\/de\/wp-json\/wp\/v2\/media?parent=3477"}],"wp:term":[{"taxonomy":"product_brand","embeddable":true,"href":"https:\/\/www.salumisorrentino.com\/de\/wp-json\/wp\/v2\/product_brand?post=3477"},{"taxonomy":"product_cat","embeddable":true,"href":"https:\/\/www.salumisorrentino.com\/de\/wp-json\/wp\/v2\/product_cat?post=3477"},{"taxonomy":"product_tag","embeddable":true,"href":"https:\/\/www.salumisorrentino.com\/de\/wp-json\/wp\/v2\/product_tag?post=3477"}],"curies":[{"name":"wp","href":"https:\/\/api.w.org\/{rel}","templated":true}]}}