{"id":3432,"date":"2017-02-10T19:02:39","date_gmt":"2017-02-10T18:02:39","guid":{"rendered":"http:\/\/www.salumisorrentino.com\/?post_type=product&#038;p=3432"},"modified":"2023-01-30T15:55:29","modified_gmt":"2023-01-30T14:55:29","slug":"prosciutto-gran-sasso-disossato","status":"publish","type":"product","link":"https:\/\/www.salumisorrentino.com\/de\/shop\/prosciutti-crudi\/prosciutto-gran-sasso-disossato","title":{"rendered":"Gran Sasso Schinken<br>ohne knochen"},"content":{"rendered":"Der <strong>Gran Sasso<\/strong> ist ein Berg in unserer Region der Abruzzen und wird <strong>&#8222;Dornr\u00f6schen&#8220;<\/strong> genannt, weil sein Profil an das stilisierte Bild des Protagonisten der M\u00e4rchen von Charles Perrault und den Br\u00fcdern Grimm erinnert: Zu Ehren dieses Wunders nat\u00fcrlich der Gran Sasso ist unser Nationalschinken, den wir Ihnen anbieten k\u00f6nnen. Er wird aus Hausschweinen hergestellt, die in unserer Fabrik in Mozzagrogna geschlachtet und von erfahrenen Metzgern im Alter von 14 bis 18 Monaten von Hand hergestellt werden.<\/p>\n<p>Es ist ein typischer abruzzesischer Schinken mit einem milden Geschmack. Es ist in Gr\u00f6\u00dfen von 5,5 kg erh\u00e4ltlich. (12 Monate), 6+ kg. (14 Monate), 7+ kg. (16\/18 Monate).<\/p>\n<p>Wir exportieren es in die ganze Welt, nach Europa, Kanada und Uruguay: Orte, an denen der Gran Sasso-Schinken unsere Auswanderer an den traditionellen Geschmack hausgemachter Schinken erinnert.","protected":false},"excerpt":{"rendered":"<p>Der Gran Sasso ist ein Berg in unserer Region der Abruzzen und wird &#8222;Dornr\u00f6schen&#8220; genannt, weil sein Profil an das stilisierte Bild des Protagonisten der M\u00e4rchen von Charles Perrault und den Br\u00fcdern Grimm erinnert: Zu Ehren dieses Wunders nat\u00fcrlich der Gran Sasso ist unser Nationalschinken, den wir Ihnen anbieten k\u00f6nnen. Er wird aus Hausschweinen hergestellt,<\/p>\n","protected":false},"featured_media":7535,"comment_status":"open","ping_status":"closed","template":"","meta":[],"product_brand":[],"product_cat":[145],"product_tag":[245,246,247,248,249,250,251,252,244],"class_list":{"0":"post-3432","1":"product","2":"type-product","3":"status-publish","4":"has-post-thumbnail","6":"product_cat-prosciutti-crudi","7":"product_tag-prosciutto-gran-sasso","8":"product_tag-prosciutto-artigianale","9":"product_tag-prosciutto-di-parma","10":"product_tag-abruzzo","11":"product_tag-majella","12":"product_tag-bella-addormentata","13":"product_tag-sleeping-beaty","14":"product_tag-sunset","15":"product_tag-gran-sasso","17":"first","18":"instock","19":"taxable","20":"shipping-taxable","21":"product-type-simple","22":"prodpage-style3"},"yoast_head":"<!-- This site is optimized with the Yoast SEO plugin v27.3 - https:\/\/yoast.com\/product\/yoast-seo-wordpress\/ -->\n<title>Gran Sasso Schinkenohne knochen - SalumiSorrentino.com<\/title>\n<meta name=\"description\" content=\"(Italiano) Versione del nostro prosciutto Gran Sasso Disossato. Clicca e acquistalo online per avere anche tu a casa tua tutta la nostra qualit\u00e0!\" \/>\n<meta name=\"robots\" content=\"index, follow, max-snippet:-1, max-image-preview:large, max-video-preview:-1\" \/>\n<link rel=\"canonical\" href=\"https:\/\/www.salumisorrentino.com\/shop\/prosciutti-crudi\/prosciutto-gran-sasso-disossato\" \/>\n<meta property=\"og:locale\" content=\"de_DE\" \/>\n<meta property=\"og:type\" content=\"article\" \/>\n<meta property=\"og:title\" content=\"Prosciutto Gran Sasso Disossato\" \/>\n<meta property=\"og:description\" content=\"Versione del nostro prosciutto Gran Sasso Disossato. Clicca e acquistalo online per avere anche tu a casa tua tutta la nostra qualit\u00e0!\" \/>\n<meta property=\"og:url\" content=\"https:\/\/www.salumisorrentino.com\/shop\/prosciutti-crudi\/prosciutto-gran-sasso-disossato\" \/>\n<meta property=\"og:site_name\" content=\"SalumiSorrentino.com\" \/>\n<meta property=\"article:publisher\" content=\"https:\/\/www.facebook.com\/SalumiSorrentino\" \/>\n<meta property=\"article:modified_time\" content=\"2023-01-30T14:55:29+00:00\" \/>\n<meta property=\"og:image\" content=\"https:\/\/www.salumisorrentino.com\/wp-content\/uploads\/2017\/02\/1202-Prosciutto-Gran-Sasso-disossato.jpg\" \/>\n\t<meta property=\"og:image:width\" content=\"1600\" \/>\n\t<meta property=\"og:image:height\" content=\"1100\" \/>\n\t<meta property=\"og:image:type\" content=\"image\/jpeg\" \/>\n<meta name=\"twitter:card\" content=\"summary_large_image\" \/>\n<meta name=\"twitter:title\" content=\"Prosciutto Gran Sasso Disossato\" \/>\n<meta name=\"twitter:description\" content=\"Versione del nostro prosciutto Gran Sasso Disossato. Clicca e acquistalo online per avere anche tu a casa tua tutta la nostra qualit\u00e0!\" \/>\n<meta name=\"twitter:image\" content=\"https:\/\/www.salumisorrentino.com\/wp-content\/uploads\/2017\/02\/1202-Prosciutto-Gran-Sasso-disossato.jpg\" \/>\n<meta name=\"twitter:label1\" content=\"Gesch\u00e4tzte Lesezeit\" \/>\n\t<meta name=\"twitter:data1\" content=\"1\u00a0Minute\" \/>\n<script type=\"application\/ld+json\" class=\"yoast-schema-graph\">{\"@context\":\"https:\\\/\\\/schema.org\",\"@graph\":[{\"@type\":\"WebPage\",\"@id\":\"https:\\\/\\\/www.salumisorrentino.com\\\/shop\\\/prosciutti-crudi\\\/prosciutto-gran-sasso-disossato\",\"url\":\"https:\\\/\\\/www.salumisorrentino.com\\\/shop\\\/prosciutti-crudi\\\/prosciutto-gran-sasso-disossato\",\"name\":\"Gran Sasso Schinken ohne knochen - SalumiSorrentino.com\",\"isPartOf\":{\"@id\":\"https:\\\/\\\/www.salumisorrentino.com\\\/de\\\/#website\"},\"primaryImageOfPage\":{\"@id\":\"https:\\\/\\\/www.salumisorrentino.com\\\/shop\\\/prosciutti-crudi\\\/prosciutto-gran-sasso-disossato#primaryimage\"},\"image\":{\"@id\":\"https:\\\/\\\/www.salumisorrentino.com\\\/shop\\\/prosciutti-crudi\\\/prosciutto-gran-sasso-disossato#primaryimage\"},\"thumbnailUrl\":\"https:\\\/\\\/www.salumisorrentino.com\\\/wp-content\\\/uploads\\\/2017\\\/02\\\/1202-PROSCIUTTO-STAG.-DISOSS.-GRAN-SASSO-NAZ.-PELATO-FILEminimizer.jpg\",\"datePublished\":\"2017-02-10T18:02:39+00:00\",\"dateModified\":\"2023-01-30T14:55:29+00:00\",\"description\":\"{:it}Versione del nostro prosciutto Gran Sasso Disossato. Clicca e acquistalo online per avere anche tu a casa tua tutta la nostra qualit\u00e0!{:}\",\"breadcrumb\":{\"@id\":\"https:\\\/\\\/www.salumisorrentino.com\\\/shop\\\/prosciutti-crudi\\\/prosciutto-gran-sasso-disossato#breadcrumb\"},\"inLanguage\":\"de\",\"potentialAction\":[{\"@type\":\"ReadAction\",\"target\":[\"https:\\\/\\\/www.salumisorrentino.com\\\/shop\\\/prosciutti-crudi\\\/prosciutto-gran-sasso-disossato\"]}]},{\"@type\":\"ImageObject\",\"inLanguage\":\"de\",\"@id\":\"https:\\\/\\\/www.salumisorrentino.com\\\/shop\\\/prosciutti-crudi\\\/prosciutto-gran-sasso-disossato#primaryimage\",\"url\":\"https:\\\/\\\/www.salumisorrentino.com\\\/wp-content\\\/uploads\\\/2017\\\/02\\\/1202-PROSCIUTTO-STAG.-DISOSS.-GRAN-SASSO-NAZ.-PELATO-FILEminimizer.jpg\",\"contentUrl\":\"https:\\\/\\\/www.salumisorrentino.com\\\/wp-content\\\/uploads\\\/2017\\\/02\\\/1202-PROSCIUTTO-STAG.-DISOSS.-GRAN-SASSO-NAZ.-PELATO-FILEminimizer.jpg\",\"width\":720,\"height\":480},{\"@type\":\"BreadcrumbList\",\"@id\":\"https:\\\/\\\/www.salumisorrentino.com\\\/shop\\\/prosciutti-crudi\\\/prosciutto-gran-sasso-disossato#breadcrumb\",\"itemListElement\":[{\"@type\":\"ListItem\",\"position\":1,\"name\":\"Home\",\"item\":\"https:\\\/\\\/www.salumisorrentino.com\\\/\"},{\"@type\":\"ListItem\",\"position\":2,\"name\":\"SHOP\",\"item\":\"https:\\\/\\\/www.salumisorrentino.com\\\/shop\"},{\"@type\":\"ListItem\",\"position\":3,\"name\":\"Prosciutto Gran Sasso Disossato\"}]},{\"@type\":\"WebSite\",\"@id\":\"https:\\\/\\\/www.salumisorrentino.com\\\/de\\\/#website\",\"url\":\"https:\\\/\\\/www.salumisorrentino.com\\\/de\\\/\",\"name\":\"SalumiSorrentino.com\",\"description\":\"Salumificio Sorrentino | Gut zu bei\u00dfen!\",\"publisher\":{\"@id\":\"https:\\\/\\\/www.salumisorrentino.com\\\/de\\\/#organization\"},\"potentialAction\":[{\"@type\":\"SearchAction\",\"target\":{\"@type\":\"EntryPoint\",\"urlTemplate\":\"https:\\\/\\\/www.salumisorrentino.com\\\/de\\\/?s={search_term_string}\"},\"query-input\":{\"@type\":\"PropertyValueSpecification\",\"valueRequired\":true,\"valueName\":\"search_term_string\"}}],\"inLanguage\":\"de\"},{\"@type\":\"Organization\",\"@id\":\"https:\\\/\\\/www.salumisorrentino.com\\\/de\\\/#organization\",\"name\":\"Salumificio Sorrentino SRL\",\"url\":\"https:\\\/\\\/www.salumisorrentino.com\\\/de\\\/\",\"logo\":{\"@type\":\"ImageObject\",\"inLanguage\":\"de\",\"@id\":\"https:\\\/\\\/www.salumisorrentino.com\\\/de\\\/#\\\/schema\\\/logo\\\/image\\\/\",\"url\":\"https:\\\/\\\/www.salumisorrentino.com\\\/wp-content\\\/uploads\\\/2017\\\/03\\\/salumisorrentino_logo4.png\",\"contentUrl\":\"https:\\\/\\\/www.salumisorrentino.com\\\/wp-content\\\/uploads\\\/2017\\\/03\\\/salumisorrentino_logo4.png\",\"width\":237,\"height\":150,\"caption\":\"Salumificio Sorrentino SRL\"},\"image\":{\"@id\":\"https:\\\/\\\/www.salumisorrentino.com\\\/de\\\/#\\\/schema\\\/logo\\\/image\\\/\"},\"sameAs\":[\"https:\\\/\\\/www.facebook.com\\\/SalumiSorrentino\",\"https:\\\/\\\/www.instagram.com\\\/salumificiosorrentino\\\/\",\"https:\\\/\\\/www.youtube.com\\\/channel\\\/UC_gMQgCayZuMysAxrDx4lNA\"]}]}<\/script>\n<!-- \/ Yoast SEO plugin. -->","yoast_head_json":{"title":"Gran Sasso Schinkenohne knochen - SalumiSorrentino.com","description":"(Italiano) Versione del nostro prosciutto Gran Sasso Disossato. Clicca e acquistalo online per avere anche tu a casa tua tutta la nostra qualit\u00e0!","robots":{"index":"index","follow":"follow","max-snippet":"max-snippet:-1","max-image-preview":"max-image-preview:large","max-video-preview":"max-video-preview:-1"},"canonical":"https:\/\/www.salumisorrentino.com\/shop\/prosciutti-crudi\/prosciutto-gran-sasso-disossato","og_locale":"de_DE","og_type":"article","og_title":"Prosciutto Gran Sasso Disossato","og_description":"Versione del nostro prosciutto Gran Sasso Disossato. Clicca e acquistalo online per avere anche tu a casa tua tutta la nostra qualit\u00e0!","og_url":"https:\/\/www.salumisorrentino.com\/shop\/prosciutti-crudi\/prosciutto-gran-sasso-disossato","og_site_name":"SalumiSorrentino.com","article_publisher":"https:\/\/www.facebook.com\/SalumiSorrentino","article_modified_time":"2023-01-30T14:55:29+00:00","og_image":[{"width":1600,"height":1100,"url":"https:\/\/www.salumisorrentino.com\/wp-content\/uploads\/2017\/02\/1202-Prosciutto-Gran-Sasso-disossato.jpg","type":"image\/jpeg"}],"twitter_card":"summary_large_image","twitter_title":"Prosciutto Gran Sasso Disossato","twitter_description":"Versione del nostro prosciutto Gran Sasso Disossato. Clicca e acquistalo online per avere anche tu a casa tua tutta la nostra qualit\u00e0!","twitter_image":"https:\/\/www.salumisorrentino.com\/wp-content\/uploads\/2017\/02\/1202-Prosciutto-Gran-Sasso-disossato.jpg","twitter_misc":{"Gesch\u00e4tzte Lesezeit":"1\u00a0Minute"},"schema":{"@context":"https:\/\/schema.org","@graph":[{"@type":"WebPage","@id":"https:\/\/www.salumisorrentino.com\/shop\/prosciutti-crudi\/prosciutto-gran-sasso-disossato","url":"https:\/\/www.salumisorrentino.com\/shop\/prosciutti-crudi\/prosciutto-gran-sasso-disossato","name":"Gran Sasso Schinken ohne knochen - SalumiSorrentino.com","isPartOf":{"@id":"https:\/\/www.salumisorrentino.com\/de\/#website"},"primaryImageOfPage":{"@id":"https:\/\/www.salumisorrentino.com\/shop\/prosciutti-crudi\/prosciutto-gran-sasso-disossato#primaryimage"},"image":{"@id":"https:\/\/www.salumisorrentino.com\/shop\/prosciutti-crudi\/prosciutto-gran-sasso-disossato#primaryimage"},"thumbnailUrl":"https:\/\/www.salumisorrentino.com\/wp-content\/uploads\/2017\/02\/1202-PROSCIUTTO-STAG.-DISOSS.-GRAN-SASSO-NAZ.-PELATO-FILEminimizer.jpg","datePublished":"2017-02-10T18:02:39+00:00","dateModified":"2023-01-30T14:55:29+00:00","description":"{:it}Versione del nostro prosciutto Gran Sasso Disossato. Clicca e acquistalo online per avere anche tu a casa tua tutta la nostra qualit\u00e0!{:}","breadcrumb":{"@id":"https:\/\/www.salumisorrentino.com\/shop\/prosciutti-crudi\/prosciutto-gran-sasso-disossato#breadcrumb"},"inLanguage":"de","potentialAction":[{"@type":"ReadAction","target":["https:\/\/www.salumisorrentino.com\/shop\/prosciutti-crudi\/prosciutto-gran-sasso-disossato"]}]},{"@type":"ImageObject","inLanguage":"de","@id":"https:\/\/www.salumisorrentino.com\/shop\/prosciutti-crudi\/prosciutto-gran-sasso-disossato#primaryimage","url":"https:\/\/www.salumisorrentino.com\/wp-content\/uploads\/2017\/02\/1202-PROSCIUTTO-STAG.-DISOSS.-GRAN-SASSO-NAZ.-PELATO-FILEminimizer.jpg","contentUrl":"https:\/\/www.salumisorrentino.com\/wp-content\/uploads\/2017\/02\/1202-PROSCIUTTO-STAG.-DISOSS.-GRAN-SASSO-NAZ.-PELATO-FILEminimizer.jpg","width":720,"height":480},{"@type":"BreadcrumbList","@id":"https:\/\/www.salumisorrentino.com\/shop\/prosciutti-crudi\/prosciutto-gran-sasso-disossato#breadcrumb","itemListElement":[{"@type":"ListItem","position":1,"name":"Home","item":"https:\/\/www.salumisorrentino.com\/"},{"@type":"ListItem","position":2,"name":"SHOP","item":"https:\/\/www.salumisorrentino.com\/shop"},{"@type":"ListItem","position":3,"name":"Prosciutto Gran Sasso Disossato"}]},{"@type":"WebSite","@id":"https:\/\/www.salumisorrentino.com\/de\/#website","url":"https:\/\/www.salumisorrentino.com\/de\/","name":"SalumiSorrentino.com","description":"Salumificio Sorrentino | Gut zu bei\u00dfen!","publisher":{"@id":"https:\/\/www.salumisorrentino.com\/de\/#organization"},"potentialAction":[{"@type":"SearchAction","target":{"@type":"EntryPoint","urlTemplate":"https:\/\/www.salumisorrentino.com\/de\/?s={search_term_string}"},"query-input":{"@type":"PropertyValueSpecification","valueRequired":true,"valueName":"search_term_string"}}],"inLanguage":"de"},{"@type":"Organization","@id":"https:\/\/www.salumisorrentino.com\/de\/#organization","name":"Salumificio Sorrentino SRL","url":"https:\/\/www.salumisorrentino.com\/de\/","logo":{"@type":"ImageObject","inLanguage":"de","@id":"https:\/\/www.salumisorrentino.com\/de\/#\/schema\/logo\/image\/","url":"https:\/\/www.salumisorrentino.com\/wp-content\/uploads\/2017\/03\/salumisorrentino_logo4.png","contentUrl":"https:\/\/www.salumisorrentino.com\/wp-content\/uploads\/2017\/03\/salumisorrentino_logo4.png","width":237,"height":150,"caption":"Salumificio Sorrentino SRL"},"image":{"@id":"https:\/\/www.salumisorrentino.com\/de\/#\/schema\/logo\/image\/"},"sameAs":["https:\/\/www.facebook.com\/SalumiSorrentino","https:\/\/www.instagram.com\/salumificiosorrentino\/","https:\/\/www.youtube.com\/channel\/UC_gMQgCayZuMysAxrDx4lNA"]}]}},"_links":{"self":[{"href":"https:\/\/www.salumisorrentino.com\/de\/wp-json\/wp\/v2\/product\/3432","targetHints":{"allow":["GET"]}}],"collection":[{"href":"https:\/\/www.salumisorrentino.com\/de\/wp-json\/wp\/v2\/product"}],"about":[{"href":"https:\/\/www.salumisorrentino.com\/de\/wp-json\/wp\/v2\/types\/product"}],"replies":[{"embeddable":true,"href":"https:\/\/www.salumisorrentino.com\/de\/wp-json\/wp\/v2\/comments?post=3432"}],"wp:featuredmedia":[{"embeddable":true,"href":"https:\/\/www.salumisorrentino.com\/de\/wp-json\/wp\/v2\/media\/7535"}],"wp:attachment":[{"href":"https:\/\/www.salumisorrentino.com\/de\/wp-json\/wp\/v2\/media?parent=3432"}],"wp:term":[{"taxonomy":"product_brand","embeddable":true,"href":"https:\/\/www.salumisorrentino.com\/de\/wp-json\/wp\/v2\/product_brand?post=3432"},{"taxonomy":"product_cat","embeddable":true,"href":"https:\/\/www.salumisorrentino.com\/de\/wp-json\/wp\/v2\/product_cat?post=3432"},{"taxonomy":"product_tag","embeddable":true,"href":"https:\/\/www.salumisorrentino.com\/de\/wp-json\/wp\/v2\/product_tag?post=3432"}],"curies":[{"name":"wp","href":"https:\/\/api.w.org\/{rel}","templated":true}]}}