{"id":3427,"date":"2017-02-10T18:56:49","date_gmt":"2017-02-10T17:56:49","guid":{"rendered":"http:\/\/www.salumisorrentino.com\/?post_type=product&#038;p=3427"},"modified":"2017-02-10T18:57:55","modified_gmt":"2017-02-10T17:57:55","slug":"prosciutto-cotto-arrosto-diamante-nero-alta-qualita","status":"publish","type":"product","link":"https:\/\/www.salumisorrentino.com\/de\/shop\/specialita-vidor-1967\/prosciutto-cotto-arrosto-diamante-nero-alta-qualita","title":{"rendered":"Gekochter Schinken \u201cDiamante Nero\u201d"},"content":{"rendered":"Ham aus ausgesuchtem, frischem Schweineschenkel, arbeitete mit Sorgfalt und Handwerkskunst. Die Zus\u00e4tze von Aromen und die Trockenkochprozesses bei erh\u00f6hten Temperaturen, machen das Produkt ein Meister der G\u00fcte. Der Geschmack ist mild, leicht rauchig. Die kleine Knochen im Inneren schl\u00e4gt vor, Schneiden von Hand. Gr\u00f6\u00dfe 8 Kg. (Ein St\u00fcck pro Karton).<\/p>","protected":false},"excerpt":{"rendered":"<p>Ham aus ausgesuchtem, frischem Schweineschenkel, arbeitete mit Sorgfalt und Handwerkskunst. Die Zus\u00e4tze von Aromen und die Trockenkochprozesses bei erh\u00f6hten Temperaturen, machen das Produkt ein Meister der G\u00fcte. Der Geschmack ist mild, leicht rauchig. Die kleine Knochen im Inneren schl\u00e4gt vor, Schneiden von Hand. Gr\u00f6\u00dfe 8 Kg. (Ein St\u00fcck pro Karton).<\/p>\n","protected":false},"featured_media":2015,"comment_status":"closed","ping_status":"closed","template":"","meta":[],"product_brand":[],"product_cat":[134],"product_tag":[],"class_list":{"0":"post-3427","1":"product","2":"type-product","3":"status-publish","4":"has-post-thumbnail","6":"product_cat-specialita-vidor-1967","8":"first","9":"instock","10":"taxable","11":"shipping-taxable","12":"product-type-simple","13":"prodpage-style3"},"yoast_head":"<!-- This site is optimized with the Yoast SEO plugin v27.3 - https:\/\/yoast.com\/product\/yoast-seo-wordpress\/ -->\n<title>Gekochter Schinken \u201cDiamante Nero\u201d - SalumiSorrentino.com<\/title>\n<meta name=\"robots\" content=\"index, follow, max-snippet:-1, max-image-preview:large, max-video-preview:-1\" \/>\n<link rel=\"canonical\" href=\"https:\/\/www.salumisorrentino.com\/shop\/specialita-vidor-1967\/prosciutto-cotto-arrosto-diamante-nero-alta-qualita\" \/>\n<meta property=\"og:locale\" content=\"de_DE\" \/>\n<meta property=\"og:type\" content=\"article\" \/>\n<meta property=\"og:title\" content=\"Gekochter Schinken \u201cDiamante Nero\u201d - SalumiSorrentino.com\" \/>\n<meta property=\"og:description\" content=\"Ham aus ausgesuchtem, frischem Schweineschenkel, arbeitete mit Sorgfalt und Handwerkskunst. Die Zus\u00e4tze von Aromen und die Trockenkochprozesses bei erh\u00f6hten Temperaturen, machen das Produkt ein Meister der G\u00fcte. Der Geschmack ist mild, leicht rauchig. Die kleine Knochen im Inneren schl\u00e4gt vor, Schneiden von Hand. Gr\u00f6\u00dfe 8 Kg. (Ein St\u00fcck pro Karton).\" \/>\n<meta property=\"og:url\" content=\"https:\/\/www.salumisorrentino.com\/shop\/specialita-vidor-1967\/prosciutto-cotto-arrosto-diamante-nero-alta-qualita\" \/>\n<meta property=\"og:site_name\" content=\"SalumiSorrentino.com\" \/>\n<meta property=\"article:publisher\" content=\"https:\/\/www.facebook.com\/SalumiSorrentino\" \/>\n<meta property=\"article:modified_time\" content=\"2017-02-10T17:57:55+00:00\" \/>\n<meta property=\"og:image\" content=\"https:\/\/www.salumisorrentino.com\/wp-content\/uploads\/5306-Prosciutto-Cotto-Arrosto-Diamante-Nero1.jpg\" \/>\n\t<meta property=\"og:image:width\" content=\"1280\" \/>\n\t<meta property=\"og:image:height\" content=\"853\" \/>\n\t<meta property=\"og:image:type\" content=\"image\/jpeg\" \/>\n<meta name=\"twitter:card\" content=\"summary_large_image\" \/>\n<meta name=\"twitter:label1\" content=\"Gesch\u00e4tzte Lesezeit\" \/>\n\t<meta name=\"twitter:data1\" content=\"1\u00a0Minute\" \/>\n<script type=\"application\/ld+json\" class=\"yoast-schema-graph\">{\"@context\":\"https:\\\/\\\/schema.org\",\"@graph\":[{\"@type\":\"WebPage\",\"@id\":\"https:\\\/\\\/www.salumisorrentino.com\\\/shop\\\/specialita-vidor-1967\\\/prosciutto-cotto-arrosto-diamante-nero-alta-qualita\",\"url\":\"https:\\\/\\\/www.salumisorrentino.com\\\/shop\\\/specialita-vidor-1967\\\/prosciutto-cotto-arrosto-diamante-nero-alta-qualita\",\"name\":\"Gekochter Schinken \u201cDiamante Nero\u201d - SalumiSorrentino.com\",\"isPartOf\":{\"@id\":\"https:\\\/\\\/www.salumisorrentino.com\\\/de\\\/#website\"},\"primaryImageOfPage\":{\"@id\":\"https:\\\/\\\/www.salumisorrentino.com\\\/shop\\\/specialita-vidor-1967\\\/prosciutto-cotto-arrosto-diamante-nero-alta-qualita#primaryimage\"},\"image\":{\"@id\":\"https:\\\/\\\/www.salumisorrentino.com\\\/shop\\\/specialita-vidor-1967\\\/prosciutto-cotto-arrosto-diamante-nero-alta-qualita#primaryimage\"},\"thumbnailUrl\":\"https:\\\/\\\/www.salumisorrentino.com\\\/wp-content\\\/uploads\\\/5306-Prosciutto-Cotto-Arrosto-Diamante-Nero1.jpg\",\"datePublished\":\"2017-02-10T17:56:49+00:00\",\"dateModified\":\"2017-02-10T17:57:55+00:00\",\"breadcrumb\":{\"@id\":\"https:\\\/\\\/www.salumisorrentino.com\\\/shop\\\/specialita-vidor-1967\\\/prosciutto-cotto-arrosto-diamante-nero-alta-qualita#breadcrumb\"},\"inLanguage\":\"de\",\"potentialAction\":[{\"@type\":\"ReadAction\",\"target\":[\"https:\\\/\\\/www.salumisorrentino.com\\\/shop\\\/specialita-vidor-1967\\\/prosciutto-cotto-arrosto-diamante-nero-alta-qualita\"]}]},{\"@type\":\"ImageObject\",\"inLanguage\":\"de\",\"@id\":\"https:\\\/\\\/www.salumisorrentino.com\\\/shop\\\/specialita-vidor-1967\\\/prosciutto-cotto-arrosto-diamante-nero-alta-qualita#primaryimage\",\"url\":\"https:\\\/\\\/www.salumisorrentino.com\\\/wp-content\\\/uploads\\\/5306-Prosciutto-Cotto-Arrosto-Diamante-Nero1.jpg\",\"contentUrl\":\"https:\\\/\\\/www.salumisorrentino.com\\\/wp-content\\\/uploads\\\/5306-Prosciutto-Cotto-Arrosto-Diamante-Nero1.jpg\",\"width\":1280,\"height\":853,\"caption\":\"Gekochter Schinken \u201cDiamante Nero\u201d\"},{\"@type\":\"BreadcrumbList\",\"@id\":\"https:\\\/\\\/www.salumisorrentino.com\\\/shop\\\/specialita-vidor-1967\\\/prosciutto-cotto-arrosto-diamante-nero-alta-qualita#breadcrumb\",\"itemListElement\":[{\"@type\":\"ListItem\",\"position\":1,\"name\":\"Home\",\"item\":\"https:\\\/\\\/www.salumisorrentino.com\\\/\"},{\"@type\":\"ListItem\",\"position\":2,\"name\":\"SHOP\",\"item\":\"https:\\\/\\\/www.salumisorrentino.com\\\/shop\"},{\"@type\":\"ListItem\",\"position\":3,\"name\":\"Prosciutto Cotto Arrosto \u201cDiamante Nero\u201d Alta Qualit\u00e0\"}]},{\"@type\":\"WebSite\",\"@id\":\"https:\\\/\\\/www.salumisorrentino.com\\\/de\\\/#website\",\"url\":\"https:\\\/\\\/www.salumisorrentino.com\\\/de\\\/\",\"name\":\"SalumiSorrentino.com\",\"description\":\"Salumificio Sorrentino | Gut zu bei\u00dfen!\",\"publisher\":{\"@id\":\"https:\\\/\\\/www.salumisorrentino.com\\\/de\\\/#organization\"},\"potentialAction\":[{\"@type\":\"SearchAction\",\"target\":{\"@type\":\"EntryPoint\",\"urlTemplate\":\"https:\\\/\\\/www.salumisorrentino.com\\\/de\\\/?s={search_term_string}\"},\"query-input\":{\"@type\":\"PropertyValueSpecification\",\"valueRequired\":true,\"valueName\":\"search_term_string\"}}],\"inLanguage\":\"de\"},{\"@type\":\"Organization\",\"@id\":\"https:\\\/\\\/www.salumisorrentino.com\\\/de\\\/#organization\",\"name\":\"Salumificio Sorrentino SRL\",\"url\":\"https:\\\/\\\/www.salumisorrentino.com\\\/de\\\/\",\"logo\":{\"@type\":\"ImageObject\",\"inLanguage\":\"de\",\"@id\":\"https:\\\/\\\/www.salumisorrentino.com\\\/de\\\/#\\\/schema\\\/logo\\\/image\\\/\",\"url\":\"https:\\\/\\\/www.salumisorrentino.com\\\/wp-content\\\/uploads\\\/2017\\\/03\\\/salumisorrentino_logo4.png\",\"contentUrl\":\"https:\\\/\\\/www.salumisorrentino.com\\\/wp-content\\\/uploads\\\/2017\\\/03\\\/salumisorrentino_logo4.png\",\"width\":237,\"height\":150,\"caption\":\"Salumificio Sorrentino SRL\"},\"image\":{\"@id\":\"https:\\\/\\\/www.salumisorrentino.com\\\/de\\\/#\\\/schema\\\/logo\\\/image\\\/\"},\"sameAs\":[\"https:\\\/\\\/www.facebook.com\\\/SalumiSorrentino\",\"https:\\\/\\\/www.instagram.com\\\/salumificiosorrentino\\\/\",\"https:\\\/\\\/www.youtube.com\\\/channel\\\/UC_gMQgCayZuMysAxrDx4lNA\"]}]}<\/script>\n<!-- \/ Yoast SEO plugin. -->","yoast_head_json":{"title":"Gekochter Schinken \u201cDiamante Nero\u201d - SalumiSorrentino.com","robots":{"index":"index","follow":"follow","max-snippet":"max-snippet:-1","max-image-preview":"max-image-preview:large","max-video-preview":"max-video-preview:-1"},"canonical":"https:\/\/www.salumisorrentino.com\/shop\/specialita-vidor-1967\/prosciutto-cotto-arrosto-diamante-nero-alta-qualita","og_locale":"de_DE","og_type":"article","og_title":"Gekochter Schinken \u201cDiamante Nero\u201d - SalumiSorrentino.com","og_description":"Ham aus ausgesuchtem, frischem Schweineschenkel, arbeitete mit Sorgfalt und Handwerkskunst. Die Zus\u00e4tze von Aromen und die Trockenkochprozesses bei erh\u00f6hten Temperaturen, machen das Produkt ein Meister der G\u00fcte. Der Geschmack ist mild, leicht rauchig. Die kleine Knochen im Inneren schl\u00e4gt vor, Schneiden von Hand. Gr\u00f6\u00dfe 8 Kg. (Ein St\u00fcck pro Karton).","og_url":"https:\/\/www.salumisorrentino.com\/shop\/specialita-vidor-1967\/prosciutto-cotto-arrosto-diamante-nero-alta-qualita","og_site_name":"SalumiSorrentino.com","article_publisher":"https:\/\/www.facebook.com\/SalumiSorrentino","article_modified_time":"2017-02-10T17:57:55+00:00","og_image":[{"width":1280,"height":853,"url":"https:\/\/www.salumisorrentino.com\/wp-content\/uploads\/5306-Prosciutto-Cotto-Arrosto-Diamante-Nero1.jpg","type":"image\/jpeg"}],"twitter_card":"summary_large_image","twitter_misc":{"Gesch\u00e4tzte Lesezeit":"1\u00a0Minute"},"schema":{"@context":"https:\/\/schema.org","@graph":[{"@type":"WebPage","@id":"https:\/\/www.salumisorrentino.com\/shop\/specialita-vidor-1967\/prosciutto-cotto-arrosto-diamante-nero-alta-qualita","url":"https:\/\/www.salumisorrentino.com\/shop\/specialita-vidor-1967\/prosciutto-cotto-arrosto-diamante-nero-alta-qualita","name":"Gekochter Schinken \u201cDiamante Nero\u201d - SalumiSorrentino.com","isPartOf":{"@id":"https:\/\/www.salumisorrentino.com\/de\/#website"},"primaryImageOfPage":{"@id":"https:\/\/www.salumisorrentino.com\/shop\/specialita-vidor-1967\/prosciutto-cotto-arrosto-diamante-nero-alta-qualita#primaryimage"},"image":{"@id":"https:\/\/www.salumisorrentino.com\/shop\/specialita-vidor-1967\/prosciutto-cotto-arrosto-diamante-nero-alta-qualita#primaryimage"},"thumbnailUrl":"https:\/\/www.salumisorrentino.com\/wp-content\/uploads\/5306-Prosciutto-Cotto-Arrosto-Diamante-Nero1.jpg","datePublished":"2017-02-10T17:56:49+00:00","dateModified":"2017-02-10T17:57:55+00:00","breadcrumb":{"@id":"https:\/\/www.salumisorrentino.com\/shop\/specialita-vidor-1967\/prosciutto-cotto-arrosto-diamante-nero-alta-qualita#breadcrumb"},"inLanguage":"de","potentialAction":[{"@type":"ReadAction","target":["https:\/\/www.salumisorrentino.com\/shop\/specialita-vidor-1967\/prosciutto-cotto-arrosto-diamante-nero-alta-qualita"]}]},{"@type":"ImageObject","inLanguage":"de","@id":"https:\/\/www.salumisorrentino.com\/shop\/specialita-vidor-1967\/prosciutto-cotto-arrosto-diamante-nero-alta-qualita#primaryimage","url":"https:\/\/www.salumisorrentino.com\/wp-content\/uploads\/5306-Prosciutto-Cotto-Arrosto-Diamante-Nero1.jpg","contentUrl":"https:\/\/www.salumisorrentino.com\/wp-content\/uploads\/5306-Prosciutto-Cotto-Arrosto-Diamante-Nero1.jpg","width":1280,"height":853,"caption":"Gekochter Schinken \u201cDiamante Nero\u201d"},{"@type":"BreadcrumbList","@id":"https:\/\/www.salumisorrentino.com\/shop\/specialita-vidor-1967\/prosciutto-cotto-arrosto-diamante-nero-alta-qualita#breadcrumb","itemListElement":[{"@type":"ListItem","position":1,"name":"Home","item":"https:\/\/www.salumisorrentino.com\/"},{"@type":"ListItem","position":2,"name":"SHOP","item":"https:\/\/www.salumisorrentino.com\/shop"},{"@type":"ListItem","position":3,"name":"Prosciutto Cotto Arrosto \u201cDiamante Nero\u201d Alta Qualit\u00e0"}]},{"@type":"WebSite","@id":"https:\/\/www.salumisorrentino.com\/de\/#website","url":"https:\/\/www.salumisorrentino.com\/de\/","name":"SalumiSorrentino.com","description":"Salumificio Sorrentino | Gut zu bei\u00dfen!","publisher":{"@id":"https:\/\/www.salumisorrentino.com\/de\/#organization"},"potentialAction":[{"@type":"SearchAction","target":{"@type":"EntryPoint","urlTemplate":"https:\/\/www.salumisorrentino.com\/de\/?s={search_term_string}"},"query-input":{"@type":"PropertyValueSpecification","valueRequired":true,"valueName":"search_term_string"}}],"inLanguage":"de"},{"@type":"Organization","@id":"https:\/\/www.salumisorrentino.com\/de\/#organization","name":"Salumificio Sorrentino SRL","url":"https:\/\/www.salumisorrentino.com\/de\/","logo":{"@type":"ImageObject","inLanguage":"de","@id":"https:\/\/www.salumisorrentino.com\/de\/#\/schema\/logo\/image\/","url":"https:\/\/www.salumisorrentino.com\/wp-content\/uploads\/2017\/03\/salumisorrentino_logo4.png","contentUrl":"https:\/\/www.salumisorrentino.com\/wp-content\/uploads\/2017\/03\/salumisorrentino_logo4.png","width":237,"height":150,"caption":"Salumificio Sorrentino SRL"},"image":{"@id":"https:\/\/www.salumisorrentino.com\/de\/#\/schema\/logo\/image\/"},"sameAs":["https:\/\/www.facebook.com\/SalumiSorrentino","https:\/\/www.instagram.com\/salumificiosorrentino\/","https:\/\/www.youtube.com\/channel\/UC_gMQgCayZuMysAxrDx4lNA"]}]}},"_links":{"self":[{"href":"https:\/\/www.salumisorrentino.com\/de\/wp-json\/wp\/v2\/product\/3427","targetHints":{"allow":["GET"]}}],"collection":[{"href":"https:\/\/www.salumisorrentino.com\/de\/wp-json\/wp\/v2\/product"}],"about":[{"href":"https:\/\/www.salumisorrentino.com\/de\/wp-json\/wp\/v2\/types\/product"}],"replies":[{"embeddable":true,"href":"https:\/\/www.salumisorrentino.com\/de\/wp-json\/wp\/v2\/comments?post=3427"}],"wp:featuredmedia":[{"embeddable":true,"href":"https:\/\/www.salumisorrentino.com\/de\/wp-json\/wp\/v2\/media\/2015"}],"wp:attachment":[{"href":"https:\/\/www.salumisorrentino.com\/de\/wp-json\/wp\/v2\/media?parent=3427"}],"wp:term":[{"taxonomy":"product_brand","embeddable":true,"href":"https:\/\/www.salumisorrentino.com\/de\/wp-json\/wp\/v2\/product_brand?post=3427"},{"taxonomy":"product_cat","embeddable":true,"href":"https:\/\/www.salumisorrentino.com\/de\/wp-json\/wp\/v2\/product_cat?post=3427"},{"taxonomy":"product_tag","embeddable":true,"href":"https:\/\/www.salumisorrentino.com\/de\/wp-json\/wp\/v2\/product_tag?post=3427"}],"curies":[{"name":"wp","href":"https:\/\/api.w.org\/{rel}","templated":true}]}}