{"id":3425,"date":"2017-02-10T18:55:09","date_gmt":"2017-02-10T17:55:09","guid":{"rendered":"http:\/\/www.salumisorrentino.com\/?post_type=product&#038;p=3425"},"modified":"2019-02-27T14:53:39","modified_gmt":"2019-02-27T13:53:39","slug":"prosciutto-cotto-alle-erbe","status":"publish","type":"product","link":"https:\/\/www.salumisorrentino.com\/de\/shop\/prodotti-cotti\/prosciutto-cotto-alle-erbe","title":{"rendered":"Kochschinken mit Kr\u00e4utern"},"content":{"rendered":"Eine spezielle Kochschinken durch Auswahl der besten frische Beine, die Zerlegung sind und sorgf\u00e4ltig erhaltene aromatisierte (innen und au\u00dfen) mit einer Mischung aus aromatischen Kr\u00e4utern, die Geschmack und Aroma zu charakterisieren. Ein langsames Kochen und eine Br\u00e4unung in einem Dampfofen gibt dem Produkt einen feinen Hauch und eine unverwechselbare Farbe Rosa Farbe. Gr\u00f6\u00dfe 6 kg.","protected":false},"excerpt":{"rendered":"<p>Eine spezielle Kochschinken durch Auswahl der besten frische Beine, die Zerlegung sind und sorgf\u00e4ltig erhaltene aromatisierte (innen und au\u00dfen) mit einer Mischung aus aromatischen Kr\u00e4utern, die Geschmack und Aroma zu charakterisieren. Ein langsames Kochen und eine Br\u00e4unung in einem Dampfofen gibt dem Produkt einen feinen Hauch und eine unverwechselbare Farbe Rosa Farbe. Gr\u00f6\u00dfe 6 kg.<\/p>\n","protected":false},"featured_media":4977,"comment_status":"closed","ping_status":"closed","template":"","meta":[],"product_brand":[],"product_cat":[353],"product_tag":[358,359,360,361],"class_list":{"0":"post-3425","1":"product","2":"type-product","3":"status-publish","4":"has-post-thumbnail","6":"product_cat-prodotti-cotti","7":"product_tag-cotto-alle-erbe","8":"product_tag-arrosto-alle-erbe","9":"product_tag-jambon-aux-herbes","10":"product_tag-cotto-herbs","12":"first","13":"instock","14":"taxable","15":"shipping-taxable","16":"product-type-simple","17":"prodpage-style3"},"yoast_head":"<!-- This site is optimized with the Yoast SEO plugin v27.5 - https:\/\/yoast.com\/product\/yoast-seo-wordpress\/ -->\n<title>Kochschinken mit Kr\u00e4utern - SalumiSorrentino.com<\/title>\n<meta name=\"robots\" content=\"index, follow, max-snippet:-1, max-image-preview:large, max-video-preview:-1\" \/>\n<link rel=\"canonical\" href=\"https:\/\/www.salumisorrentino.com\/en\/shop\/prodotti-cotti\/prosciutto-cotto-alle-erbe\" \/>\n<meta property=\"og:locale\" content=\"de_DE\" \/>\n<meta property=\"og:type\" content=\"article\" \/>\n<meta property=\"og:title\" content=\"Kochschinken mit Kr\u00e4utern - SalumiSorrentino.com\" \/>\n<meta property=\"og:description\" content=\"Eine spezielle Kochschinken durch Auswahl der besten frische Beine, die Zerlegung sind und sorgf\u00e4ltig erhaltene aromatisierte (innen und au\u00dfen) mit einer Mischung aus aromatischen Kr\u00e4utern, die Geschmack und Aroma zu charakterisieren. Ein langsames Kochen und eine Br\u00e4unung in einem Dampfofen gibt dem Produkt einen feinen Hauch und eine unverwechselbare Farbe Rosa Farbe. Gr\u00f6\u00dfe 6 kg.\" \/>\n<meta property=\"og:url\" content=\"https:\/\/www.salumisorrentino.com\/en\/shop\/prodotti-cotti\/prosciutto-cotto-alle-erbe\" \/>\n<meta property=\"og:site_name\" content=\"SalumiSorrentino.com\" \/>\n<meta property=\"article:publisher\" content=\"https:\/\/www.facebook.com\/SalumiSorrentino\" \/>\n<meta property=\"article:modified_time\" content=\"2019-02-27T13:53:39+00:00\" \/>\n<meta property=\"og:image\" content=\"https:\/\/www.salumisorrentino.com\/wp-content\/uploads\/2017\/02\/1239EV-Prosciutto-Cotto-alle-Erbe.jpg\" \/>\n\t<meta property=\"og:image:width\" content=\"1485\" \/>\n\t<meta property=\"og:image:height\" content=\"1352\" \/>\n\t<meta property=\"og:image:type\" content=\"image\/jpeg\" \/>\n<meta name=\"twitter:card\" content=\"summary_large_image\" \/>\n<meta name=\"twitter:label1\" content=\"Gesch\u00e4tzte Lesezeit\" \/>\n\t<meta name=\"twitter:data1\" content=\"1\u00a0Minute\" \/>\n<script type=\"application\/ld+json\" class=\"yoast-schema-graph\">{\"@context\":\"https:\\\/\\\/schema.org\",\"@graph\":[{\"@type\":\"WebPage\",\"@id\":\"https:\\\/\\\/www.salumisorrentino.com\\\/en\\\/shop\\\/prodotti-cotti\\\/prosciutto-cotto-alle-erbe\",\"url\":\"https:\\\/\\\/www.salumisorrentino.com\\\/en\\\/shop\\\/prodotti-cotti\\\/prosciutto-cotto-alle-erbe\",\"name\":\"Kochschinken mit Kr\u00e4utern - SalumiSorrentino.com\",\"isPartOf\":{\"@id\":\"https:\\\/\\\/www.salumisorrentino.com\\\/de\\\/#website\"},\"primaryImageOfPage\":{\"@id\":\"https:\\\/\\\/www.salumisorrentino.com\\\/en\\\/shop\\\/prodotti-cotti\\\/prosciutto-cotto-alle-erbe#primaryimage\"},\"image\":{\"@id\":\"https:\\\/\\\/www.salumisorrentino.com\\\/en\\\/shop\\\/prodotti-cotti\\\/prosciutto-cotto-alle-erbe#primaryimage\"},\"thumbnailUrl\":\"https:\\\/\\\/www.salumisorrentino.com\\\/wp-content\\\/uploads\\\/2017\\\/02\\\/1239EV-Prosciutto-Cotto-alle-Erbe.jpg\",\"datePublished\":\"2017-02-10T17:55:09+00:00\",\"dateModified\":\"2019-02-27T13:53:39+00:00\",\"breadcrumb\":{\"@id\":\"https:\\\/\\\/www.salumisorrentino.com\\\/en\\\/shop\\\/prodotti-cotti\\\/prosciutto-cotto-alle-erbe#breadcrumb\"},\"inLanguage\":\"de\",\"potentialAction\":[{\"@type\":\"ReadAction\",\"target\":[\"https:\\\/\\\/www.salumisorrentino.com\\\/en\\\/shop\\\/prodotti-cotti\\\/prosciutto-cotto-alle-erbe\"]}]},{\"@type\":\"ImageObject\",\"inLanguage\":\"de\",\"@id\":\"https:\\\/\\\/www.salumisorrentino.com\\\/en\\\/shop\\\/prodotti-cotti\\\/prosciutto-cotto-alle-erbe#primaryimage\",\"url\":\"https:\\\/\\\/www.salumisorrentino.com\\\/wp-content\\\/uploads\\\/2017\\\/02\\\/1239EV-Prosciutto-Cotto-alle-Erbe.jpg\",\"contentUrl\":\"https:\\\/\\\/www.salumisorrentino.com\\\/wp-content\\\/uploads\\\/2017\\\/02\\\/1239EV-Prosciutto-Cotto-alle-Erbe.jpg\",\"width\":1485,\"height\":1352},{\"@type\":\"BreadcrumbList\",\"@id\":\"https:\\\/\\\/www.salumisorrentino.com\\\/en\\\/shop\\\/prodotti-cotti\\\/prosciutto-cotto-alle-erbe#breadcrumb\",\"itemListElement\":[{\"@type\":\"ListItem\",\"position\":1,\"name\":\"Home\",\"item\":\"https:\\\/\\\/www.salumisorrentino.com\\\/\"},{\"@type\":\"ListItem\",\"position\":2,\"name\":\"SHOP\",\"item\":\"https:\\\/\\\/www.salumisorrentino.com\\\/shop\"},{\"@type\":\"ListItem\",\"position\":3,\"name\":\"Prosciutto Cotto alle erbe\"}]},{\"@type\":\"WebSite\",\"@id\":\"https:\\\/\\\/www.salumisorrentino.com\\\/de\\\/#website\",\"url\":\"https:\\\/\\\/www.salumisorrentino.com\\\/de\\\/\",\"name\":\"SalumiSorrentino.com\",\"description\":\"Salumificio Sorrentino | Gut zu bei\u00dfen!\",\"publisher\":{\"@id\":\"https:\\\/\\\/www.salumisorrentino.com\\\/de\\\/#organization\"},\"potentialAction\":[{\"@type\":\"SearchAction\",\"target\":{\"@type\":\"EntryPoint\",\"urlTemplate\":\"https:\\\/\\\/www.salumisorrentino.com\\\/de\\\/?s={search_term_string}\"},\"query-input\":{\"@type\":\"PropertyValueSpecification\",\"valueRequired\":true,\"valueName\":\"search_term_string\"}}],\"inLanguage\":\"de\"},{\"@type\":\"Organization\",\"@id\":\"https:\\\/\\\/www.salumisorrentino.com\\\/de\\\/#organization\",\"name\":\"Salumificio Sorrentino SRL\",\"url\":\"https:\\\/\\\/www.salumisorrentino.com\\\/de\\\/\",\"logo\":{\"@type\":\"ImageObject\",\"inLanguage\":\"de\",\"@id\":\"https:\\\/\\\/www.salumisorrentino.com\\\/de\\\/#\\\/schema\\\/logo\\\/image\\\/\",\"url\":\"https:\\\/\\\/www.salumisorrentino.com\\\/wp-content\\\/uploads\\\/2017\\\/03\\\/salumisorrentino_logo4.png\",\"contentUrl\":\"https:\\\/\\\/www.salumisorrentino.com\\\/wp-content\\\/uploads\\\/2017\\\/03\\\/salumisorrentino_logo4.png\",\"width\":237,\"height\":150,\"caption\":\"Salumificio Sorrentino SRL\"},\"image\":{\"@id\":\"https:\\\/\\\/www.salumisorrentino.com\\\/de\\\/#\\\/schema\\\/logo\\\/image\\\/\"},\"sameAs\":[\"https:\\\/\\\/www.facebook.com\\\/SalumiSorrentino\",\"https:\\\/\\\/www.instagram.com\\\/salumificiosorrentino\\\/\",\"https:\\\/\\\/www.youtube.com\\\/channel\\\/UC_gMQgCayZuMysAxrDx4lNA\"]}]}<\/script>\n<!-- \/ Yoast SEO plugin. -->","yoast_head_json":{"title":"Kochschinken mit Kr\u00e4utern - SalumiSorrentino.com","robots":{"index":"index","follow":"follow","max-snippet":"max-snippet:-1","max-image-preview":"max-image-preview:large","max-video-preview":"max-video-preview:-1"},"canonical":"https:\/\/www.salumisorrentino.com\/en\/shop\/prodotti-cotti\/prosciutto-cotto-alle-erbe","og_locale":"de_DE","og_type":"article","og_title":"Kochschinken mit Kr\u00e4utern - SalumiSorrentino.com","og_description":"Eine spezielle Kochschinken durch Auswahl der besten frische Beine, die Zerlegung sind und sorgf\u00e4ltig erhaltene aromatisierte (innen und au\u00dfen) mit einer Mischung aus aromatischen Kr\u00e4utern, die Geschmack und Aroma zu charakterisieren. Ein langsames Kochen und eine Br\u00e4unung in einem Dampfofen gibt dem Produkt einen feinen Hauch und eine unverwechselbare Farbe Rosa Farbe. Gr\u00f6\u00dfe 6 kg.","og_url":"https:\/\/www.salumisorrentino.com\/en\/shop\/prodotti-cotti\/prosciutto-cotto-alle-erbe","og_site_name":"SalumiSorrentino.com","article_publisher":"https:\/\/www.facebook.com\/SalumiSorrentino","article_modified_time":"2019-02-27T13:53:39+00:00","og_image":[{"width":1485,"height":1352,"url":"https:\/\/www.salumisorrentino.com\/wp-content\/uploads\/2017\/02\/1239EV-Prosciutto-Cotto-alle-Erbe.jpg","type":"image\/jpeg"}],"twitter_card":"summary_large_image","twitter_misc":{"Gesch\u00e4tzte Lesezeit":"1\u00a0Minute"},"schema":{"@context":"https:\/\/schema.org","@graph":[{"@type":"WebPage","@id":"https:\/\/www.salumisorrentino.com\/en\/shop\/prodotti-cotti\/prosciutto-cotto-alle-erbe","url":"https:\/\/www.salumisorrentino.com\/en\/shop\/prodotti-cotti\/prosciutto-cotto-alle-erbe","name":"Kochschinken mit Kr\u00e4utern - SalumiSorrentino.com","isPartOf":{"@id":"https:\/\/www.salumisorrentino.com\/de\/#website"},"primaryImageOfPage":{"@id":"https:\/\/www.salumisorrentino.com\/en\/shop\/prodotti-cotti\/prosciutto-cotto-alle-erbe#primaryimage"},"image":{"@id":"https:\/\/www.salumisorrentino.com\/en\/shop\/prodotti-cotti\/prosciutto-cotto-alle-erbe#primaryimage"},"thumbnailUrl":"https:\/\/www.salumisorrentino.com\/wp-content\/uploads\/2017\/02\/1239EV-Prosciutto-Cotto-alle-Erbe.jpg","datePublished":"2017-02-10T17:55:09+00:00","dateModified":"2019-02-27T13:53:39+00:00","breadcrumb":{"@id":"https:\/\/www.salumisorrentino.com\/en\/shop\/prodotti-cotti\/prosciutto-cotto-alle-erbe#breadcrumb"},"inLanguage":"de","potentialAction":[{"@type":"ReadAction","target":["https:\/\/www.salumisorrentino.com\/en\/shop\/prodotti-cotti\/prosciutto-cotto-alle-erbe"]}]},{"@type":"ImageObject","inLanguage":"de","@id":"https:\/\/www.salumisorrentino.com\/en\/shop\/prodotti-cotti\/prosciutto-cotto-alle-erbe#primaryimage","url":"https:\/\/www.salumisorrentino.com\/wp-content\/uploads\/2017\/02\/1239EV-Prosciutto-Cotto-alle-Erbe.jpg","contentUrl":"https:\/\/www.salumisorrentino.com\/wp-content\/uploads\/2017\/02\/1239EV-Prosciutto-Cotto-alle-Erbe.jpg","width":1485,"height":1352},{"@type":"BreadcrumbList","@id":"https:\/\/www.salumisorrentino.com\/en\/shop\/prodotti-cotti\/prosciutto-cotto-alle-erbe#breadcrumb","itemListElement":[{"@type":"ListItem","position":1,"name":"Home","item":"https:\/\/www.salumisorrentino.com\/"},{"@type":"ListItem","position":2,"name":"SHOP","item":"https:\/\/www.salumisorrentino.com\/shop"},{"@type":"ListItem","position":3,"name":"Prosciutto Cotto alle erbe"}]},{"@type":"WebSite","@id":"https:\/\/www.salumisorrentino.com\/de\/#website","url":"https:\/\/www.salumisorrentino.com\/de\/","name":"SalumiSorrentino.com","description":"Salumificio Sorrentino | Gut zu bei\u00dfen!","publisher":{"@id":"https:\/\/www.salumisorrentino.com\/de\/#organization"},"potentialAction":[{"@type":"SearchAction","target":{"@type":"EntryPoint","urlTemplate":"https:\/\/www.salumisorrentino.com\/de\/?s={search_term_string}"},"query-input":{"@type":"PropertyValueSpecification","valueRequired":true,"valueName":"search_term_string"}}],"inLanguage":"de"},{"@type":"Organization","@id":"https:\/\/www.salumisorrentino.com\/de\/#organization","name":"Salumificio Sorrentino SRL","url":"https:\/\/www.salumisorrentino.com\/de\/","logo":{"@type":"ImageObject","inLanguage":"de","@id":"https:\/\/www.salumisorrentino.com\/de\/#\/schema\/logo\/image\/","url":"https:\/\/www.salumisorrentino.com\/wp-content\/uploads\/2017\/03\/salumisorrentino_logo4.png","contentUrl":"https:\/\/www.salumisorrentino.com\/wp-content\/uploads\/2017\/03\/salumisorrentino_logo4.png","width":237,"height":150,"caption":"Salumificio Sorrentino SRL"},"image":{"@id":"https:\/\/www.salumisorrentino.com\/de\/#\/schema\/logo\/image\/"},"sameAs":["https:\/\/www.facebook.com\/SalumiSorrentino","https:\/\/www.instagram.com\/salumificiosorrentino\/","https:\/\/www.youtube.com\/channel\/UC_gMQgCayZuMysAxrDx4lNA"]}]}},"_links":{"self":[{"href":"https:\/\/www.salumisorrentino.com\/de\/wp-json\/wp\/v2\/product\/3425","targetHints":{"allow":["GET"]}}],"collection":[{"href":"https:\/\/www.salumisorrentino.com\/de\/wp-json\/wp\/v2\/product"}],"about":[{"href":"https:\/\/www.salumisorrentino.com\/de\/wp-json\/wp\/v2\/types\/product"}],"replies":[{"embeddable":true,"href":"https:\/\/www.salumisorrentino.com\/de\/wp-json\/wp\/v2\/comments?post=3425"}],"wp:featuredmedia":[{"embeddable":true,"href":"https:\/\/www.salumisorrentino.com\/de\/wp-json\/wp\/v2\/media\/4977"}],"wp:attachment":[{"href":"https:\/\/www.salumisorrentino.com\/de\/wp-json\/wp\/v2\/media?parent=3425"}],"wp:term":[{"taxonomy":"product_brand","embeddable":true,"href":"https:\/\/www.salumisorrentino.com\/de\/wp-json\/wp\/v2\/product_brand?post=3425"},{"taxonomy":"product_cat","embeddable":true,"href":"https:\/\/www.salumisorrentino.com\/de\/wp-json\/wp\/v2\/product_cat?post=3425"},{"taxonomy":"product_tag","embeddable":true,"href":"https:\/\/www.salumisorrentino.com\/de\/wp-json\/wp\/v2\/product_tag?post=3425"}],"curies":[{"name":"wp","href":"https:\/\/api.w.org\/{rel}","templated":true}]}}