{"id":3424,"date":"2017-02-10T18:53:56","date_gmt":"2017-02-10T17:53:56","guid":{"rendered":"http:\/\/www.salumisorrentino.com\/?post_type=product&#038;p=3424"},"modified":"2019-02-26T14:19:57","modified_gmt":"2019-02-26T13:19:57","slug":"prosciutto-cotto-al-tartufo","status":"publish","type":"product","link":"https:\/\/www.salumisorrentino.com\/de\/shop\/prodotti-cotti\/prosciutto-cotto-al-tartufo","title":{"rendered":"Kochschinken mit Tr\u00fcffel"},"content":{"rendered":"Eine zarte Geschmack Schinken mit einem einzigartigen Aroma dank der Zugabe von ganzen St\u00fccken von schwarzen Tr\u00fcffel. Gr\u00f6\u00dfe 4,5 kg. (2 Stunden pro Karton).","protected":false},"excerpt":{"rendered":"<p>Eine zarte Geschmack Schinken mit einem einzigartigen Aroma dank der Zugabe von ganzen St\u00fccken von schwarzen Tr\u00fcffel. Gr\u00f6\u00dfe 4,5 kg. (2 Stunden pro Karton).<\/p>\n","protected":false},"featured_media":4972,"comment_status":"closed","ping_status":"closed","template":"","meta":[],"product_brand":[],"product_cat":[353],"product_tag":[354,356,357],"class_list":{"0":"post-3424","1":"product","2":"type-product","3":"status-publish","4":"has-post-thumbnail","6":"product_cat-prodotti-cotti","7":"product_tag-cotto-al-tartufo","8":"product_tag-cotto-truffle","9":"product_tag-jambon-blanc-truffe","11":"first","12":"instock","13":"taxable","14":"shipping-taxable","15":"product-type-simple","16":"prodpage-style3"},"yoast_head":"<!-- This site is optimized with the Yoast SEO plugin v27.3 - https:\/\/yoast.com\/product\/yoast-seo-wordpress\/ -->\n<title>Kochschinken mit Tr\u00fcffel - SalumiSorrentino.com<\/title>\n<meta name=\"robots\" content=\"index, follow, max-snippet:-1, max-image-preview:large, max-video-preview:-1\" \/>\n<link rel=\"canonical\" href=\"https:\/\/www.salumisorrentino.com\/fr\/shop\/prodotti-cotti\/prosciutto-cotto-al-tartufo\" \/>\n<meta property=\"og:locale\" content=\"de_DE\" \/>\n<meta property=\"og:type\" content=\"article\" \/>\n<meta property=\"og:title\" content=\"Kochschinken mit Tr\u00fcffel - SalumiSorrentino.com\" \/>\n<meta property=\"og:description\" content=\"Eine zarte Geschmack Schinken mit einem einzigartigen Aroma dank der Zugabe von ganzen St\u00fccken von schwarzen Tr\u00fcffel. Gr\u00f6\u00dfe 4,5 kg. (2 Stunden pro Karton).\" \/>\n<meta property=\"og:url\" content=\"https:\/\/www.salumisorrentino.com\/fr\/shop\/prodotti-cotti\/prosciutto-cotto-al-tartufo\" \/>\n<meta property=\"og:site_name\" content=\"SalumiSorrentino.com\" \/>\n<meta property=\"article:publisher\" content=\"https:\/\/www.facebook.com\/SalumiSorrentino\" \/>\n<meta property=\"article:modified_time\" content=\"2019-02-26T13:19:57+00:00\" \/>\n<meta property=\"og:image\" content=\"https:\/\/www.salumisorrentino.com\/wp-content\/uploads\/2017\/02\/1239tv-cotto-tartufo-scaled.jpg\" \/>\n\t<meta property=\"og:image:width\" content=\"2289\" \/>\n\t<meta property=\"og:image:height\" content=\"2560\" \/>\n\t<meta property=\"og:image:type\" content=\"image\/jpeg\" \/>\n<meta name=\"twitter:card\" content=\"summary_large_image\" \/>\n<meta name=\"twitter:label1\" content=\"Gesch\u00e4tzte Lesezeit\" \/>\n\t<meta name=\"twitter:data1\" content=\"1\u00a0Minute\" \/>\n<script type=\"application\/ld+json\" class=\"yoast-schema-graph\">{\"@context\":\"https:\\\/\\\/schema.org\",\"@graph\":[{\"@type\":\"WebPage\",\"@id\":\"https:\\\/\\\/www.salumisorrentino.com\\\/fr\\\/shop\\\/prodotti-cotti\\\/prosciutto-cotto-al-tartufo\",\"url\":\"https:\\\/\\\/www.salumisorrentino.com\\\/fr\\\/shop\\\/prodotti-cotti\\\/prosciutto-cotto-al-tartufo\",\"name\":\"Kochschinken mit Tr\u00fcffel - SalumiSorrentino.com\",\"isPartOf\":{\"@id\":\"https:\\\/\\\/www.salumisorrentino.com\\\/de\\\/#website\"},\"primaryImageOfPage\":{\"@id\":\"https:\\\/\\\/www.salumisorrentino.com\\\/fr\\\/shop\\\/prodotti-cotti\\\/prosciutto-cotto-al-tartufo#primaryimage\"},\"image\":{\"@id\":\"https:\\\/\\\/www.salumisorrentino.com\\\/fr\\\/shop\\\/prodotti-cotti\\\/prosciutto-cotto-al-tartufo#primaryimage\"},\"thumbnailUrl\":\"https:\\\/\\\/www.salumisorrentino.com\\\/wp-content\\\/uploads\\\/2017\\\/02\\\/1239tv-cotto-tartufo-scaled.jpg\",\"datePublished\":\"2017-02-10T17:53:56+00:00\",\"dateModified\":\"2019-02-26T13:19:57+00:00\",\"breadcrumb\":{\"@id\":\"https:\\\/\\\/www.salumisorrentino.com\\\/fr\\\/shop\\\/prodotti-cotti\\\/prosciutto-cotto-al-tartufo#breadcrumb\"},\"inLanguage\":\"de\",\"potentialAction\":[{\"@type\":\"ReadAction\",\"target\":[\"https:\\\/\\\/www.salumisorrentino.com\\\/fr\\\/shop\\\/prodotti-cotti\\\/prosciutto-cotto-al-tartufo\"]}]},{\"@type\":\"ImageObject\",\"inLanguage\":\"de\",\"@id\":\"https:\\\/\\\/www.salumisorrentino.com\\\/fr\\\/shop\\\/prodotti-cotti\\\/prosciutto-cotto-al-tartufo#primaryimage\",\"url\":\"https:\\\/\\\/www.salumisorrentino.com\\\/wp-content\\\/uploads\\\/2017\\\/02\\\/1239tv-cotto-tartufo-scaled.jpg\",\"contentUrl\":\"https:\\\/\\\/www.salumisorrentino.com\\\/wp-content\\\/uploads\\\/2017\\\/02\\\/1239tv-cotto-tartufo-scaled.jpg\",\"width\":2289,\"height\":2560},{\"@type\":\"BreadcrumbList\",\"@id\":\"https:\\\/\\\/www.salumisorrentino.com\\\/fr\\\/shop\\\/prodotti-cotti\\\/prosciutto-cotto-al-tartufo#breadcrumb\",\"itemListElement\":[{\"@type\":\"ListItem\",\"position\":1,\"name\":\"Home\",\"item\":\"https:\\\/\\\/www.salumisorrentino.com\\\/\"},{\"@type\":\"ListItem\",\"position\":2,\"name\":\"SHOP\",\"item\":\"https:\\\/\\\/www.salumisorrentino.com\\\/shop\"},{\"@type\":\"ListItem\",\"position\":3,\"name\":\"Prosciutto Cotto al Tartufo\"}]},{\"@type\":\"WebSite\",\"@id\":\"https:\\\/\\\/www.salumisorrentino.com\\\/de\\\/#website\",\"url\":\"https:\\\/\\\/www.salumisorrentino.com\\\/de\\\/\",\"name\":\"SalumiSorrentino.com\",\"description\":\"Salumificio Sorrentino | Gut zu bei\u00dfen!\",\"publisher\":{\"@id\":\"https:\\\/\\\/www.salumisorrentino.com\\\/de\\\/#organization\"},\"potentialAction\":[{\"@type\":\"SearchAction\",\"target\":{\"@type\":\"EntryPoint\",\"urlTemplate\":\"https:\\\/\\\/www.salumisorrentino.com\\\/de\\\/?s={search_term_string}\"},\"query-input\":{\"@type\":\"PropertyValueSpecification\",\"valueRequired\":true,\"valueName\":\"search_term_string\"}}],\"inLanguage\":\"de\"},{\"@type\":\"Organization\",\"@id\":\"https:\\\/\\\/www.salumisorrentino.com\\\/de\\\/#organization\",\"name\":\"Salumificio Sorrentino SRL\",\"url\":\"https:\\\/\\\/www.salumisorrentino.com\\\/de\\\/\",\"logo\":{\"@type\":\"ImageObject\",\"inLanguage\":\"de\",\"@id\":\"https:\\\/\\\/www.salumisorrentino.com\\\/de\\\/#\\\/schema\\\/logo\\\/image\\\/\",\"url\":\"https:\\\/\\\/www.salumisorrentino.com\\\/wp-content\\\/uploads\\\/2017\\\/03\\\/salumisorrentino_logo4.png\",\"contentUrl\":\"https:\\\/\\\/www.salumisorrentino.com\\\/wp-content\\\/uploads\\\/2017\\\/03\\\/salumisorrentino_logo4.png\",\"width\":237,\"height\":150,\"caption\":\"Salumificio Sorrentino SRL\"},\"image\":{\"@id\":\"https:\\\/\\\/www.salumisorrentino.com\\\/de\\\/#\\\/schema\\\/logo\\\/image\\\/\"},\"sameAs\":[\"https:\\\/\\\/www.facebook.com\\\/SalumiSorrentino\",\"https:\\\/\\\/www.instagram.com\\\/salumificiosorrentino\\\/\",\"https:\\\/\\\/www.youtube.com\\\/channel\\\/UC_gMQgCayZuMysAxrDx4lNA\"]}]}<\/script>\n<!-- \/ Yoast SEO plugin. -->","yoast_head_json":{"title":"Kochschinken mit Tr\u00fcffel - SalumiSorrentino.com","robots":{"index":"index","follow":"follow","max-snippet":"max-snippet:-1","max-image-preview":"max-image-preview:large","max-video-preview":"max-video-preview:-1"},"canonical":"https:\/\/www.salumisorrentino.com\/fr\/shop\/prodotti-cotti\/prosciutto-cotto-al-tartufo","og_locale":"de_DE","og_type":"article","og_title":"Kochschinken mit Tr\u00fcffel - SalumiSorrentino.com","og_description":"Eine zarte Geschmack Schinken mit einem einzigartigen Aroma dank der Zugabe von ganzen St\u00fccken von schwarzen Tr\u00fcffel. Gr\u00f6\u00dfe 4,5 kg. (2 Stunden pro Karton).","og_url":"https:\/\/www.salumisorrentino.com\/fr\/shop\/prodotti-cotti\/prosciutto-cotto-al-tartufo","og_site_name":"SalumiSorrentino.com","article_publisher":"https:\/\/www.facebook.com\/SalumiSorrentino","article_modified_time":"2019-02-26T13:19:57+00:00","og_image":[{"width":2289,"height":2560,"url":"https:\/\/www.salumisorrentino.com\/wp-content\/uploads\/2017\/02\/1239tv-cotto-tartufo-scaled.jpg","type":"image\/jpeg"}],"twitter_card":"summary_large_image","twitter_misc":{"Gesch\u00e4tzte Lesezeit":"1\u00a0Minute"},"schema":{"@context":"https:\/\/schema.org","@graph":[{"@type":"WebPage","@id":"https:\/\/www.salumisorrentino.com\/fr\/shop\/prodotti-cotti\/prosciutto-cotto-al-tartufo","url":"https:\/\/www.salumisorrentino.com\/fr\/shop\/prodotti-cotti\/prosciutto-cotto-al-tartufo","name":"Kochschinken mit Tr\u00fcffel - SalumiSorrentino.com","isPartOf":{"@id":"https:\/\/www.salumisorrentino.com\/de\/#website"},"primaryImageOfPage":{"@id":"https:\/\/www.salumisorrentino.com\/fr\/shop\/prodotti-cotti\/prosciutto-cotto-al-tartufo#primaryimage"},"image":{"@id":"https:\/\/www.salumisorrentino.com\/fr\/shop\/prodotti-cotti\/prosciutto-cotto-al-tartufo#primaryimage"},"thumbnailUrl":"https:\/\/www.salumisorrentino.com\/wp-content\/uploads\/2017\/02\/1239tv-cotto-tartufo-scaled.jpg","datePublished":"2017-02-10T17:53:56+00:00","dateModified":"2019-02-26T13:19:57+00:00","breadcrumb":{"@id":"https:\/\/www.salumisorrentino.com\/fr\/shop\/prodotti-cotti\/prosciutto-cotto-al-tartufo#breadcrumb"},"inLanguage":"de","potentialAction":[{"@type":"ReadAction","target":["https:\/\/www.salumisorrentino.com\/fr\/shop\/prodotti-cotti\/prosciutto-cotto-al-tartufo"]}]},{"@type":"ImageObject","inLanguage":"de","@id":"https:\/\/www.salumisorrentino.com\/fr\/shop\/prodotti-cotti\/prosciutto-cotto-al-tartufo#primaryimage","url":"https:\/\/www.salumisorrentino.com\/wp-content\/uploads\/2017\/02\/1239tv-cotto-tartufo-scaled.jpg","contentUrl":"https:\/\/www.salumisorrentino.com\/wp-content\/uploads\/2017\/02\/1239tv-cotto-tartufo-scaled.jpg","width":2289,"height":2560},{"@type":"BreadcrumbList","@id":"https:\/\/www.salumisorrentino.com\/fr\/shop\/prodotti-cotti\/prosciutto-cotto-al-tartufo#breadcrumb","itemListElement":[{"@type":"ListItem","position":1,"name":"Home","item":"https:\/\/www.salumisorrentino.com\/"},{"@type":"ListItem","position":2,"name":"SHOP","item":"https:\/\/www.salumisorrentino.com\/shop"},{"@type":"ListItem","position":3,"name":"Prosciutto Cotto al Tartufo"}]},{"@type":"WebSite","@id":"https:\/\/www.salumisorrentino.com\/de\/#website","url":"https:\/\/www.salumisorrentino.com\/de\/","name":"SalumiSorrentino.com","description":"Salumificio Sorrentino | Gut zu bei\u00dfen!","publisher":{"@id":"https:\/\/www.salumisorrentino.com\/de\/#organization"},"potentialAction":[{"@type":"SearchAction","target":{"@type":"EntryPoint","urlTemplate":"https:\/\/www.salumisorrentino.com\/de\/?s={search_term_string}"},"query-input":{"@type":"PropertyValueSpecification","valueRequired":true,"valueName":"search_term_string"}}],"inLanguage":"de"},{"@type":"Organization","@id":"https:\/\/www.salumisorrentino.com\/de\/#organization","name":"Salumificio Sorrentino SRL","url":"https:\/\/www.salumisorrentino.com\/de\/","logo":{"@type":"ImageObject","inLanguage":"de","@id":"https:\/\/www.salumisorrentino.com\/de\/#\/schema\/logo\/image\/","url":"https:\/\/www.salumisorrentino.com\/wp-content\/uploads\/2017\/03\/salumisorrentino_logo4.png","contentUrl":"https:\/\/www.salumisorrentino.com\/wp-content\/uploads\/2017\/03\/salumisorrentino_logo4.png","width":237,"height":150,"caption":"Salumificio Sorrentino SRL"},"image":{"@id":"https:\/\/www.salumisorrentino.com\/de\/#\/schema\/logo\/image\/"},"sameAs":["https:\/\/www.facebook.com\/SalumiSorrentino","https:\/\/www.instagram.com\/salumificiosorrentino\/","https:\/\/www.youtube.com\/channel\/UC_gMQgCayZuMysAxrDx4lNA"]}]}},"_links":{"self":[{"href":"https:\/\/www.salumisorrentino.com\/de\/wp-json\/wp\/v2\/product\/3424","targetHints":{"allow":["GET"]}}],"collection":[{"href":"https:\/\/www.salumisorrentino.com\/de\/wp-json\/wp\/v2\/product"}],"about":[{"href":"https:\/\/www.salumisorrentino.com\/de\/wp-json\/wp\/v2\/types\/product"}],"replies":[{"embeddable":true,"href":"https:\/\/www.salumisorrentino.com\/de\/wp-json\/wp\/v2\/comments?post=3424"}],"wp:featuredmedia":[{"embeddable":true,"href":"https:\/\/www.salumisorrentino.com\/de\/wp-json\/wp\/v2\/media\/4972"}],"wp:attachment":[{"href":"https:\/\/www.salumisorrentino.com\/de\/wp-json\/wp\/v2\/media?parent=3424"}],"wp:term":[{"taxonomy":"product_brand","embeddable":true,"href":"https:\/\/www.salumisorrentino.com\/de\/wp-json\/wp\/v2\/product_brand?post=3424"},{"taxonomy":"product_cat","embeddable":true,"href":"https:\/\/www.salumisorrentino.com\/de\/wp-json\/wp\/v2\/product_cat?post=3424"},{"taxonomy":"product_tag","embeddable":true,"href":"https:\/\/www.salumisorrentino.com\/de\/wp-json\/wp\/v2\/product_tag?post=3424"}],"curies":[{"name":"wp","href":"https:\/\/api.w.org\/{rel}","templated":true}]}}