{"id":3399,"date":"2017-02-10T18:06:08","date_gmt":"2017-02-10T17:06:08","guid":{"rendered":"http:\/\/www.salumisorrentino.com\/?post_type=product&#038;p=3399"},"modified":"2019-08-05T09:22:47","modified_gmt":"2019-08-05T07:22:47","slug":"bresaola-vaschetta-100-grammi","status":"publish","type":"product","link":"https:\/\/www.salumisorrentino.com\/de\/shop\/affettati\/bresaola-vaschetta-100-grammi","title":{"rendered":"Bresaola Vorverpackte 100 gr."},"content":{"rendered":"Die Bresaola Punta d\u2018anca ist die Extremit\u00e4t der H\u00fcfte so gut, dass man nichts Besseres aus Bresaola w\u00fcnschen kann.","protected":false},"excerpt":{"rendered":"<p>Die Bresaola Punta d\u2018anca ist die Extremit\u00e4t der H\u00fcfte so gut, dass man nichts Besseres aus Bresaola w\u00fcnschen kann.Die Bresaola Punta d\u2018anca ist die Extremit\u00e4t der H\u00fcfte so gut, dass man nichts Besseres aus Bresaola w\u00fcnschen kann.<\/p>\n","protected":false},"featured_media":2419,"comment_status":"closed","ping_status":"closed","template":"","meta":[],"product_brand":[],"product_cat":[138],"product_tag":[],"class_list":{"0":"post-3399","1":"product","2":"type-product","3":"status-publish","4":"has-post-thumbnail","6":"product_cat-affettati","8":"first","9":"instock","10":"taxable","11":"shipping-taxable","12":"product-type-simple","13":"prodpage-style3"},"yoast_head":"<!-- This site is optimized with the Yoast SEO plugin v27.3 - https:\/\/yoast.com\/product\/yoast-seo-wordpress\/ -->\n<title>Bresaola Vorverpackte 100 gr. - SalumiSorrentino.com<\/title>\n<meta name=\"robots\" content=\"index, follow, max-snippet:-1, max-image-preview:large, max-video-preview:-1\" \/>\n<link rel=\"canonical\" href=\"https:\/\/www.salumisorrentino.com\/de\/shop\/affettati\/bresaola-vaschetta-100-grammi\" \/>\n<meta property=\"og:locale\" content=\"de_DE\" \/>\n<meta property=\"og:type\" content=\"article\" \/>\n<meta property=\"og:title\" content=\"Bresaola Vorverpackte 100 gr. - SalumiSorrentino.com\" \/>\n<meta property=\"og:description\" content=\"[:fr] La Bresaola Punta d\u2019Anca repr\u00e9sente le meilleur que l\u2019on puisse d\u00e9sirer dans la Bresaola. De grande qualit\u00e9, confectionn\u00e9 en entier ou en moiti\u00e9. La Bresaola Punta d\u2019Anca repr\u00e9sente le meilleur que l\u2019on puisse d\u00e9sirer dans la Bresaola. De grande qualit\u00e9, confectionn\u00e9 en entier ou en moiti\u00e9. [:en] Bresaola Punta d\u2019Anca represents the best you can expect from bresaola. Bresaola Punta d\u2019Anca represents the best you can expect from bresaola. [:de]Die Bresaola Punta d\u2018anca ist die Extremit\u00e4t der H\u00fcfte so gut, dass man nichts Besseres aus Bresaola w\u00fcnschen kann.Die Bresaola Punta d\u2018anca ist die Extremit\u00e4t der H\u00fcfte so gut, dass man nichts Besseres aus Bresaola w\u00fcnschen kann.[:]\" \/>\n<meta property=\"og:url\" content=\"https:\/\/www.salumisorrentino.com\/de\/shop\/affettati\/bresaola-vaschetta-100-grammi\" \/>\n<meta property=\"og:site_name\" content=\"SalumiSorrentino.com\" \/>\n<meta property=\"article:publisher\" content=\"https:\/\/www.facebook.com\/SalumiSorrentino\" \/>\n<meta property=\"article:modified_time\" content=\"2019-08-05T07:22:47+00:00\" \/>\n<meta property=\"og:image\" content=\"https:\/\/www.salumisorrentino.com\/wp-content\/uploads\/PF1245.-BRESAOLA-DI-BOVINO-AFFETTATO-100-GR..jpg\" \/>\n\t<meta property=\"og:image:width\" content=\"980\" \/>\n\t<meta property=\"og:image:height\" content=\"820\" \/>\n\t<meta property=\"og:image:type\" content=\"image\/jpeg\" \/>\n<meta name=\"twitter:card\" content=\"summary_large_image\" \/>\n<script type=\"application\/ld+json\" class=\"yoast-schema-graph\">{\"@context\":\"https:\\\/\\\/schema.org\",\"@graph\":[{\"@type\":\"WebPage\",\"@id\":\"https:\\\/\\\/www.salumisorrentino.com\\\/de\\\/shop\\\/affettati\\\/bresaola-vaschetta-100-grammi\",\"url\":\"https:\\\/\\\/www.salumisorrentino.com\\\/de\\\/shop\\\/affettati\\\/bresaola-vaschetta-100-grammi\",\"name\":\"Bresaola Vorverpackte 100 gr. - SalumiSorrentino.com\",\"isPartOf\":{\"@id\":\"https:\\\/\\\/www.salumisorrentino.com\\\/de\\\/#website\"},\"primaryImageOfPage\":{\"@id\":\"https:\\\/\\\/www.salumisorrentino.com\\\/de\\\/shop\\\/affettati\\\/bresaola-vaschetta-100-grammi#primaryimage\"},\"image\":{\"@id\":\"https:\\\/\\\/www.salumisorrentino.com\\\/de\\\/shop\\\/affettati\\\/bresaola-vaschetta-100-grammi#primaryimage\"},\"thumbnailUrl\":\"https:\\\/\\\/www.salumisorrentino.com\\\/wp-content\\\/uploads\\\/PF1245.-BRESAOLA-DI-BOVINO-AFFETTATO-100-GR..jpg\",\"datePublished\":\"2017-02-10T17:06:08+00:00\",\"dateModified\":\"2019-08-05T07:22:47+00:00\",\"breadcrumb\":{\"@id\":\"https:\\\/\\\/www.salumisorrentino.com\\\/de\\\/shop\\\/affettati\\\/bresaola-vaschetta-100-grammi#breadcrumb\"},\"inLanguage\":\"de\",\"potentialAction\":[{\"@type\":\"ReadAction\",\"target\":[\"https:\\\/\\\/www.salumisorrentino.com\\\/de\\\/shop\\\/affettati\\\/bresaola-vaschetta-100-grammi\"]}]},{\"@type\":\"ImageObject\",\"inLanguage\":\"de\",\"@id\":\"https:\\\/\\\/www.salumisorrentino.com\\\/de\\\/shop\\\/affettati\\\/bresaola-vaschetta-100-grammi#primaryimage\",\"url\":\"https:\\\/\\\/www.salumisorrentino.com\\\/wp-content\\\/uploads\\\/PF1245.-BRESAOLA-DI-BOVINO-AFFETTATO-100-GR..jpg\",\"contentUrl\":\"https:\\\/\\\/www.salumisorrentino.com\\\/wp-content\\\/uploads\\\/PF1245.-BRESAOLA-DI-BOVINO-AFFETTATO-100-GR..jpg\",\"width\":980,\"height\":820},{\"@type\":\"BreadcrumbList\",\"@id\":\"https:\\\/\\\/www.salumisorrentino.com\\\/de\\\/shop\\\/affettati\\\/bresaola-vaschetta-100-grammi#breadcrumb\",\"itemListElement\":[{\"@type\":\"ListItem\",\"position\":1,\"name\":\"Home\",\"item\":\"https:\\\/\\\/www.salumisorrentino.com\\\/\"},{\"@type\":\"ListItem\",\"position\":2,\"name\":\"SHOP\",\"item\":\"https:\\\/\\\/www.salumisorrentino.com\\\/shop\"},{\"@type\":\"ListItem\",\"position\":3,\"name\":\"Bresaola Vorverpackte 100 gr.\"}]},{\"@type\":\"WebSite\",\"@id\":\"https:\\\/\\\/www.salumisorrentino.com\\\/de\\\/#website\",\"url\":\"https:\\\/\\\/www.salumisorrentino.com\\\/de\\\/\",\"name\":\"SalumiSorrentino.com\",\"description\":\"Salumificio Sorrentino | Gut zu bei\u00dfen!\",\"publisher\":{\"@id\":\"https:\\\/\\\/www.salumisorrentino.com\\\/de\\\/#organization\"},\"potentialAction\":[{\"@type\":\"SearchAction\",\"target\":{\"@type\":\"EntryPoint\",\"urlTemplate\":\"https:\\\/\\\/www.salumisorrentino.com\\\/de\\\/?s={search_term_string}\"},\"query-input\":{\"@type\":\"PropertyValueSpecification\",\"valueRequired\":true,\"valueName\":\"search_term_string\"}}],\"inLanguage\":\"de\"},{\"@type\":\"Organization\",\"@id\":\"https:\\\/\\\/www.salumisorrentino.com\\\/de\\\/#organization\",\"name\":\"Salumificio Sorrentino SRL\",\"url\":\"https:\\\/\\\/www.salumisorrentino.com\\\/de\\\/\",\"logo\":{\"@type\":\"ImageObject\",\"inLanguage\":\"de\",\"@id\":\"https:\\\/\\\/www.salumisorrentino.com\\\/de\\\/#\\\/schema\\\/logo\\\/image\\\/\",\"url\":\"https:\\\/\\\/www.salumisorrentino.com\\\/wp-content\\\/uploads\\\/2017\\\/03\\\/salumisorrentino_logo4.png\",\"contentUrl\":\"https:\\\/\\\/www.salumisorrentino.com\\\/wp-content\\\/uploads\\\/2017\\\/03\\\/salumisorrentino_logo4.png\",\"width\":237,\"height\":150,\"caption\":\"Salumificio Sorrentino SRL\"},\"image\":{\"@id\":\"https:\\\/\\\/www.salumisorrentino.com\\\/de\\\/#\\\/schema\\\/logo\\\/image\\\/\"},\"sameAs\":[\"https:\\\/\\\/www.facebook.com\\\/SalumiSorrentino\",\"https:\\\/\\\/www.instagram.com\\\/salumificiosorrentino\\\/\",\"https:\\\/\\\/www.youtube.com\\\/channel\\\/UC_gMQgCayZuMysAxrDx4lNA\"]}]}<\/script>\n<!-- \/ Yoast SEO plugin. -->","yoast_head_json":{"title":"Bresaola Vorverpackte 100 gr. - SalumiSorrentino.com","robots":{"index":"index","follow":"follow","max-snippet":"max-snippet:-1","max-image-preview":"max-image-preview:large","max-video-preview":"max-video-preview:-1"},"canonical":"https:\/\/www.salumisorrentino.com\/de\/shop\/affettati\/bresaola-vaschetta-100-grammi","og_locale":"de_DE","og_type":"article","og_title":"Bresaola Vorverpackte 100 gr. - SalumiSorrentino.com","og_description":"[:fr] La Bresaola Punta d\u2019Anca repr\u00e9sente le meilleur que l\u2019on puisse d\u00e9sirer dans la Bresaola. De grande qualit\u00e9, confectionn\u00e9 en entier ou en moiti\u00e9. La Bresaola Punta d\u2019Anca repr\u00e9sente le meilleur que l\u2019on puisse d\u00e9sirer dans la Bresaola. De grande qualit\u00e9, confectionn\u00e9 en entier ou en moiti\u00e9. [:en] Bresaola Punta d\u2019Anca represents the best you can expect from bresaola. Bresaola Punta d\u2019Anca represents the best you can expect from bresaola. [:de]Die Bresaola Punta d\u2018anca ist die Extremit\u00e4t der H\u00fcfte so gut, dass man nichts Besseres aus Bresaola w\u00fcnschen kann.Die Bresaola Punta d\u2018anca ist die Extremit\u00e4t der H\u00fcfte so gut, dass man nichts Besseres aus Bresaola w\u00fcnschen kann.[:]","og_url":"https:\/\/www.salumisorrentino.com\/de\/shop\/affettati\/bresaola-vaschetta-100-grammi","og_site_name":"SalumiSorrentino.com","article_publisher":"https:\/\/www.facebook.com\/SalumiSorrentino","article_modified_time":"2019-08-05T07:22:47+00:00","og_image":[{"width":980,"height":820,"url":"https:\/\/www.salumisorrentino.com\/wp-content\/uploads\/PF1245.-BRESAOLA-DI-BOVINO-AFFETTATO-100-GR..jpg","type":"image\/jpeg"}],"twitter_card":"summary_large_image","schema":{"@context":"https:\/\/schema.org","@graph":[{"@type":"WebPage","@id":"https:\/\/www.salumisorrentino.com\/de\/shop\/affettati\/bresaola-vaschetta-100-grammi","url":"https:\/\/www.salumisorrentino.com\/de\/shop\/affettati\/bresaola-vaschetta-100-grammi","name":"Bresaola Vorverpackte 100 gr. - SalumiSorrentino.com","isPartOf":{"@id":"https:\/\/www.salumisorrentino.com\/de\/#website"},"primaryImageOfPage":{"@id":"https:\/\/www.salumisorrentino.com\/de\/shop\/affettati\/bresaola-vaschetta-100-grammi#primaryimage"},"image":{"@id":"https:\/\/www.salumisorrentino.com\/de\/shop\/affettati\/bresaola-vaschetta-100-grammi#primaryimage"},"thumbnailUrl":"https:\/\/www.salumisorrentino.com\/wp-content\/uploads\/PF1245.-BRESAOLA-DI-BOVINO-AFFETTATO-100-GR..jpg","datePublished":"2017-02-10T17:06:08+00:00","dateModified":"2019-08-05T07:22:47+00:00","breadcrumb":{"@id":"https:\/\/www.salumisorrentino.com\/de\/shop\/affettati\/bresaola-vaschetta-100-grammi#breadcrumb"},"inLanguage":"de","potentialAction":[{"@type":"ReadAction","target":["https:\/\/www.salumisorrentino.com\/de\/shop\/affettati\/bresaola-vaschetta-100-grammi"]}]},{"@type":"ImageObject","inLanguage":"de","@id":"https:\/\/www.salumisorrentino.com\/de\/shop\/affettati\/bresaola-vaschetta-100-grammi#primaryimage","url":"https:\/\/www.salumisorrentino.com\/wp-content\/uploads\/PF1245.-BRESAOLA-DI-BOVINO-AFFETTATO-100-GR..jpg","contentUrl":"https:\/\/www.salumisorrentino.com\/wp-content\/uploads\/PF1245.-BRESAOLA-DI-BOVINO-AFFETTATO-100-GR..jpg","width":980,"height":820},{"@type":"BreadcrumbList","@id":"https:\/\/www.salumisorrentino.com\/de\/shop\/affettati\/bresaola-vaschetta-100-grammi#breadcrumb","itemListElement":[{"@type":"ListItem","position":1,"name":"Home","item":"https:\/\/www.salumisorrentino.com\/"},{"@type":"ListItem","position":2,"name":"SHOP","item":"https:\/\/www.salumisorrentino.com\/shop"},{"@type":"ListItem","position":3,"name":"Bresaola Vorverpackte 100 gr."}]},{"@type":"WebSite","@id":"https:\/\/www.salumisorrentino.com\/de\/#website","url":"https:\/\/www.salumisorrentino.com\/de\/","name":"SalumiSorrentino.com","description":"Salumificio Sorrentino | Gut zu bei\u00dfen!","publisher":{"@id":"https:\/\/www.salumisorrentino.com\/de\/#organization"},"potentialAction":[{"@type":"SearchAction","target":{"@type":"EntryPoint","urlTemplate":"https:\/\/www.salumisorrentino.com\/de\/?s={search_term_string}"},"query-input":{"@type":"PropertyValueSpecification","valueRequired":true,"valueName":"search_term_string"}}],"inLanguage":"de"},{"@type":"Organization","@id":"https:\/\/www.salumisorrentino.com\/de\/#organization","name":"Salumificio Sorrentino SRL","url":"https:\/\/www.salumisorrentino.com\/de\/","logo":{"@type":"ImageObject","inLanguage":"de","@id":"https:\/\/www.salumisorrentino.com\/de\/#\/schema\/logo\/image\/","url":"https:\/\/www.salumisorrentino.com\/wp-content\/uploads\/2017\/03\/salumisorrentino_logo4.png","contentUrl":"https:\/\/www.salumisorrentino.com\/wp-content\/uploads\/2017\/03\/salumisorrentino_logo4.png","width":237,"height":150,"caption":"Salumificio Sorrentino SRL"},"image":{"@id":"https:\/\/www.salumisorrentino.com\/de\/#\/schema\/logo\/image\/"},"sameAs":["https:\/\/www.facebook.com\/SalumiSorrentino","https:\/\/www.instagram.com\/salumificiosorrentino\/","https:\/\/www.youtube.com\/channel\/UC_gMQgCayZuMysAxrDx4lNA"]}]}},"_links":{"self":[{"href":"https:\/\/www.salumisorrentino.com\/de\/wp-json\/wp\/v2\/product\/3399","targetHints":{"allow":["GET"]}}],"collection":[{"href":"https:\/\/www.salumisorrentino.com\/de\/wp-json\/wp\/v2\/product"}],"about":[{"href":"https:\/\/www.salumisorrentino.com\/de\/wp-json\/wp\/v2\/types\/product"}],"replies":[{"embeddable":true,"href":"https:\/\/www.salumisorrentino.com\/de\/wp-json\/wp\/v2\/comments?post=3399"}],"wp:featuredmedia":[{"embeddable":true,"href":"https:\/\/www.salumisorrentino.com\/de\/wp-json\/wp\/v2\/media\/2419"}],"wp:attachment":[{"href":"https:\/\/www.salumisorrentino.com\/de\/wp-json\/wp\/v2\/media?parent=3399"}],"wp:term":[{"taxonomy":"product_brand","embeddable":true,"href":"https:\/\/www.salumisorrentino.com\/de\/wp-json\/wp\/v2\/product_brand?post=3399"},{"taxonomy":"product_cat","embeddable":true,"href":"https:\/\/www.salumisorrentino.com\/de\/wp-json\/wp\/v2\/product_cat?post=3399"},{"taxonomy":"product_tag","embeddable":true,"href":"https:\/\/www.salumisorrentino.com\/de\/wp-json\/wp\/v2\/product_tag?post=3399"}],"curies":[{"name":"wp","href":"https:\/\/api.w.org\/{rel}","templated":true}]}}