{"id":2566,"date":"2016-12-07T14:03:55","date_gmt":"2016-12-07T13:03:55","guid":{"rendered":"http:\/\/www.salumisorrentino.com\/?page_id=2566"},"modified":"2017-10-25T12:19:12","modified_gmt":"2017-10-25T10:19:12","slug":"benessere-animale-animal-welfare","status":"publish","type":"page","link":"https:\/\/www.salumisorrentino.com\/de\/benessere-animale-animal-welfare","title":{"rendered":"ANIMAL WELFARE"},"content":{"rendered":"<p align=\"justify\"><img loading=\"lazy\" decoding=\"async\" class=\"alignnone size-full wp-image-2630\" src=\"https:\/\/www.salumisorrentino.com\/wp-content\/uploads\/2016\/12\/pig-smile-2-1.jpg\" alt=\"pig-smile-2\" width=\"1612\" height=\"945\" srcset=\"https:\/\/www.salumisorrentino.com\/wp-content\/uploads\/2016\/12\/pig-smile-2-1.jpg 1612w, https:\/\/www.salumisorrentino.com\/wp-content\/uploads\/2016\/12\/pig-smile-2-1-980x575.jpg 980w, https:\/\/www.salumisorrentino.com\/wp-content\/uploads\/2016\/12\/pig-smile-2-1-768x450.jpg 768w, https:\/\/www.salumisorrentino.com\/wp-content\/uploads\/2016\/12\/pig-smile-2-1-988x579.jpg 988w\" sizes=\"auto, (max-width: 1612px) 100vw, 1612px\" \/><\/p>\n<p align=\"justify\"><span id=\"result_box\" class=\"\" lang=\"en\"><span title=\"Che cos'\u00e8 il benessere animale? \"><strong>\u25a0 What is the Animal Welfare?<\/strong><\/span><\/span><\/p>\n<p><span title=\"Il benessere animale \u00e8 uno stato di completa salute sia fisico che mentale, in cui l'animale \u00e8 in armonia con il suo ambiente: \u00e8 indispensabile per il soddisfacimento delle esigenze comportamentali proprie della specie e si deduce che il benessere animale \u00e8 fortemente influenzato dai parametri\">The Animal welfare is a state of complete physical and mental health, in which the animal is in harmony with its environment: it is essential for the fulfillment of their behavioral needs of the species and it is clear that animal welfare is strongly influenced by the parameters <\/span><span title=\"ambientali che sono in stretta dipendenza dall'uomo. \">environmental that are in close dependence with human.<\/span><\/p>\n<p><span title=\"Poich\u00e9 l'uomo nell'allevamento controlla sia lo spazio sia le risorse a disposizione degli animali, si deve essere in grado di identificare le esigenze di questi ultimi in modo da tenere sotto controllo e poter modificare le situazioni che possano influire sullo stato di salute degli\">Since man controls both the holding space is necessary to keep under control and to change the situations which may influence the state of health of <\/span><span title=\"animali e quindi sul rendimento e sulla qualit\u00e0 dei prodotti alimentari di origine animale. \">animals and thus on the performance and quality of food of animal origin.<\/span><\/p>\n<p><span title=\"Come garantisce il Salumificio Sorrentino il rispetto del benessere animale? \"><strong>\u25a0 How Salumificio Sorrentino guarantees the respect of animal welfare?<\/strong><\/span><\/p>\n<p><span title=\"Il Salumificio Sorrentino, seguendo la filiera dall'origine, garantisce ed assicura il benessere animale in primis selezionando rigidamente gli allevamenti e certificandoli come fornitori qualificati solo ove vi siano i requisiti. \">Salumificio Sorrentino, following the supply chain from the origin, guarantees and ensures animal welfare in the first place by selecting rigidly farms and certificandoli as qualified suppliers only where there are requirements.<\/span><\/p>\n<p><span title=\"Al momento della ricezione dei capi di suino, il veterinario interno ed il personale preposto (gi\u00e0 formato in materia) verifica ed assicura che siano rispettati rigorosamente i principi della Welfare Quality: \">Upon upcoming of the pig, the veterinary and the Stable Manager (already formed in the field) occurs and ensure that there is strict compliance with the principles of the Welfare Quality:<\/span><\/p>\n<p><span title=\"\u2022 Buona alimentazione: con soddisfacimento quotidiano delle esigenze nutrizionali ed idriche degli animali; \"><strong>\u2022 Good nutrition:<\/strong> with the daily satisfaction of the nutrition and water needs of the animals;<\/span><\/p>\n<p><span title=\"\u2022 Buona stabulazione: libert\u00e0 e facilit\u00e0 di movimento, comfort durante il riposo, comfort termico, adeguata illuminazione; \"><strong>\u2022 Good housing:<\/strong> freedom and ease of movement, comfort during rest, thermal comfort, adequate lighting;<\/span><\/p>\n<p><span title=\"\u2022 Buona salute: assenza di ferite, malattie o dolore; \"><strong>\u2022 Good health:<\/strong> the absence of injury, disease or pain;<\/span><\/p>\n<p><span title=\"\u2022Comportamento appropriato dell'animale: possibilit\u00e0 di espressione di comportamenti sociali, buone interazioni uomo animale, stato emotivo positivo; \"><strong>\u2022 Appropriate animal&#8217;s behavior:<\/strong> possibilities of expression of social behaviors, good human animal interactions, positive emotional state;<\/span><\/p>\n<p><span title=\"\u2022Trasporti e spostamenti adeguati: nei tempi e per rispetto di spazi. \"><strong>\u2022 Transport and adequate movements<\/strong>: on time and respect the spaces.<\/span><\/p>\n<p><span title=\"Il tutto in ossequio alla normativa sul benessere animale (Decreto legislativo 26 marzo 2001, n. 146 | Attuazione della direttiva 98\/58\/CE relativa alla protezione degli animali negli allevamenti ed il Decreto legislativo 7 luglio 2011, n. 122 | Attuazione della direttiva\">All in accordance with the European Law of Animal Welfare (<strong>Decreto legislativo 26 marzo 2001, n. 146<\/strong> | Attuazione della direttiva 98\/58\/CE relativa alla <strong>protezione degli animali negli allevamenti<\/strong> and the <strong>Decreto legislativo 7 luglio 2011, n. 122<\/strong> | Attuazione della direttiva 2008\/120\/CE che stabilisce le<strong> norme minime per la protezione dei suini<\/strong>).<br \/>\n<\/span><\/p>\n<p><strong>\u25a0 Are there used ANTIBIOTICS on pigs?<\/strong><\/p>\n<p>Pigs, like human beings, can be affected by illnesses or influences: in this cases antibiotics becomes necessary to restore normal animal health and to prevent that other animals are infected.<\/p>\n<p>Salumificio Sorrentino obtains for each slaughter session, a farmer\/breeder <strong>DECLARATION<\/strong> in which:<br \/>\n\u2022 it&#8217;s declares that <strong>NO<\/strong> antibiotics have been used;<br \/>\nor<br \/>\n\u2022 <strong>YES<\/strong>, antibiotics have been used, but with respect to the <strong>suspension times provided by the medications used<\/strong> (ie the amount of time needed for the animal&#8217;s body to remove the medicine residue before being slaughtered, thus <strong>excluding any human health effects<\/strong>).<\/p>\n<p>&nbsp;<\/p>\n<p><strong>Still doubts? For more info or questions, please write to: qualita@salumisorrentino.com<\/strong>","protected":false},"excerpt":{"rendered":"<p>\u25a0 What is the Animal Welfare? The Animal welfare is a state of complete physical and mental health, in which the animal is in harmony with its environment: it is essential for the fulfillment of their behavioral needs of the species and it is clear that animal welfare is strongly influenced by the parameters environmental<\/p>\n","protected":false},"author":9192193,"featured_media":0,"parent":0,"menu_order":0,"comment_status":"closed","ping_status":"closed","template":"","meta":{"footnotes":""},"class_list":["post-2566","page","type-page","status-publish","hentry","prodpage-style3"],"yoast_head":"<!-- This site is optimized with the Yoast SEO plugin v27.5 - https:\/\/yoast.com\/product\/yoast-seo-wordpress\/ -->\n<title>ANIMAL WELFARE - SalumiSorrentino.com<\/title>\n<meta name=\"robots\" content=\"index, follow, max-snippet:-1, max-image-preview:large, max-video-preview:-1\" \/>\n<link rel=\"canonical\" href=\"https:\/\/www.salumisorrentino.com\/en\/benessere-animale-animal-welfare\" \/>\n<meta property=\"og:locale\" content=\"de_DE\" \/>\n<meta property=\"og:type\" content=\"article\" \/>\n<meta property=\"og:title\" content=\"ANIMAL WELFARE - SalumiSorrentino.com\" \/>\n<meta property=\"og:description\" content=\"\u25a0 What is the Animal Welfare? The Animal welfare is a state of complete physical and mental health, in which the animal is in harmony with its environment: it is essential for the fulfillment of their behavioral needs of the species and it is clear that animal welfare is strongly influenced by the parameters environmental\" \/>\n<meta property=\"og:url\" content=\"https:\/\/www.salumisorrentino.com\/en\/benessere-animale-animal-welfare\" \/>\n<meta property=\"og:site_name\" content=\"SalumiSorrentino.com\" \/>\n<meta property=\"article:publisher\" content=\"https:\/\/www.facebook.com\/SalumiSorrentino\" \/>\n<meta property=\"article:modified_time\" content=\"2017-10-25T10:19:12+00:00\" \/>\n<meta property=\"og:image\" content=\"https:\/\/www.salumisorrentino.com\/wp-content\/uploads\/2016\/12\/pig-smile-2-1.jpg\" \/>\n<meta name=\"twitter:card\" content=\"summary_large_image\" \/>\n<meta name=\"twitter:label1\" content=\"Gesch\u00e4tzte Lesezeit\" \/>\n\t<meta name=\"twitter:data1\" content=\"8\u00a0Minuten\" \/>\n<script type=\"application\/ld+json\" class=\"yoast-schema-graph\">{\"@context\":\"https:\\\/\\\/schema.org\",\"@graph\":[{\"@type\":\"WebPage\",\"@id\":\"https:\\\/\\\/www.salumisorrentino.com\\\/en\\\/benessere-animale-animal-welfare\",\"url\":\"https:\\\/\\\/www.salumisorrentino.com\\\/en\\\/benessere-animale-animal-welfare\",\"name\":\"ANIMAL WELFARE - SalumiSorrentino.com\",\"isPartOf\":{\"@id\":\"https:\\\/\\\/www.salumisorrentino.com\\\/de\\\/#website\"},\"primaryImageOfPage\":{\"@id\":\"https:\\\/\\\/www.salumisorrentino.com\\\/en\\\/benessere-animale-animal-welfare#primaryimage\"},\"image\":{\"@id\":\"https:\\\/\\\/www.salumisorrentino.com\\\/en\\\/benessere-animale-animal-welfare#primaryimage\"},\"thumbnailUrl\":\"https:\\\/\\\/www.salumisorrentino.com\\\/wp-content\\\/uploads\\\/2016\\\/12\\\/pig-smile-2-1.jpg\",\"datePublished\":\"2016-12-07T13:03:55+00:00\",\"dateModified\":\"2017-10-25T10:19:12+00:00\",\"breadcrumb\":{\"@id\":\"https:\\\/\\\/www.salumisorrentino.com\\\/en\\\/benessere-animale-animal-welfare#breadcrumb\"},\"inLanguage\":\"de\",\"potentialAction\":[{\"@type\":\"ReadAction\",\"target\":[\"https:\\\/\\\/www.salumisorrentino.com\\\/en\\\/benessere-animale-animal-welfare\"]}]},{\"@type\":\"ImageObject\",\"inLanguage\":\"de\",\"@id\":\"https:\\\/\\\/www.salumisorrentino.com\\\/en\\\/benessere-animale-animal-welfare#primaryimage\",\"url\":\"https:\\\/\\\/www.salumisorrentino.com\\\/wp-content\\\/uploads\\\/2016\\\/12\\\/pig-smile-2-1.jpg\",\"contentUrl\":\"https:\\\/\\\/www.salumisorrentino.com\\\/wp-content\\\/uploads\\\/2016\\\/12\\\/pig-smile-2-1.jpg\"},{\"@type\":\"BreadcrumbList\",\"@id\":\"https:\\\/\\\/www.salumisorrentino.com\\\/en\\\/benessere-animale-animal-welfare#breadcrumb\",\"itemListElement\":[{\"@type\":\"ListItem\",\"position\":1,\"name\":\"Home\",\"item\":\"https:\\\/\\\/www.salumisorrentino.com\\\/\"},{\"@type\":\"ListItem\",\"position\":2,\"name\":\"ANIMAL WELFARE\"}]},{\"@type\":\"WebSite\",\"@id\":\"https:\\\/\\\/www.salumisorrentino.com\\\/de\\\/#website\",\"url\":\"https:\\\/\\\/www.salumisorrentino.com\\\/de\\\/\",\"name\":\"SalumiSorrentino.com\",\"description\":\"Salumificio Sorrentino | Gut zu bei\u00dfen!\",\"publisher\":{\"@id\":\"https:\\\/\\\/www.salumisorrentino.com\\\/de\\\/#organization\"},\"potentialAction\":[{\"@type\":\"SearchAction\",\"target\":{\"@type\":\"EntryPoint\",\"urlTemplate\":\"https:\\\/\\\/www.salumisorrentino.com\\\/de\\\/?s={search_term_string}\"},\"query-input\":{\"@type\":\"PropertyValueSpecification\",\"valueRequired\":true,\"valueName\":\"search_term_string\"}}],\"inLanguage\":\"de\"},{\"@type\":\"Organization\",\"@id\":\"https:\\\/\\\/www.salumisorrentino.com\\\/de\\\/#organization\",\"name\":\"Salumificio Sorrentino SRL\",\"url\":\"https:\\\/\\\/www.salumisorrentino.com\\\/de\\\/\",\"logo\":{\"@type\":\"ImageObject\",\"inLanguage\":\"de\",\"@id\":\"https:\\\/\\\/www.salumisorrentino.com\\\/de\\\/#\\\/schema\\\/logo\\\/image\\\/\",\"url\":\"https:\\\/\\\/www.salumisorrentino.com\\\/wp-content\\\/uploads\\\/2017\\\/03\\\/salumisorrentino_logo4.png\",\"contentUrl\":\"https:\\\/\\\/www.salumisorrentino.com\\\/wp-content\\\/uploads\\\/2017\\\/03\\\/salumisorrentino_logo4.png\",\"width\":237,\"height\":150,\"caption\":\"Salumificio Sorrentino SRL\"},\"image\":{\"@id\":\"https:\\\/\\\/www.salumisorrentino.com\\\/de\\\/#\\\/schema\\\/logo\\\/image\\\/\"},\"sameAs\":[\"https:\\\/\\\/www.facebook.com\\\/SalumiSorrentino\",\"https:\\\/\\\/www.instagram.com\\\/salumificiosorrentino\\\/\",\"https:\\\/\\\/www.youtube.com\\\/channel\\\/UC_gMQgCayZuMysAxrDx4lNA\"]}]}<\/script>\n<!-- \/ Yoast SEO plugin. -->","yoast_head_json":{"title":"ANIMAL WELFARE - SalumiSorrentino.com","robots":{"index":"index","follow":"follow","max-snippet":"max-snippet:-1","max-image-preview":"max-image-preview:large","max-video-preview":"max-video-preview:-1"},"canonical":"https:\/\/www.salumisorrentino.com\/en\/benessere-animale-animal-welfare","og_locale":"de_DE","og_type":"article","og_title":"ANIMAL WELFARE - SalumiSorrentino.com","og_description":"\u25a0 What is the Animal Welfare? The Animal welfare is a state of complete physical and mental health, in which the animal is in harmony with its environment: it is essential for the fulfillment of their behavioral needs of the species and it is clear that animal welfare is strongly influenced by the parameters environmental","og_url":"https:\/\/www.salumisorrentino.com\/en\/benessere-animale-animal-welfare","og_site_name":"SalumiSorrentino.com","article_publisher":"https:\/\/www.facebook.com\/SalumiSorrentino","article_modified_time":"2017-10-25T10:19:12+00:00","og_image":[{"url":"https:\/\/www.salumisorrentino.com\/wp-content\/uploads\/2016\/12\/pig-smile-2-1.jpg","type":"","width":"","height":""}],"twitter_card":"summary_large_image","twitter_misc":{"Gesch\u00e4tzte Lesezeit":"8\u00a0Minuten"},"schema":{"@context":"https:\/\/schema.org","@graph":[{"@type":"WebPage","@id":"https:\/\/www.salumisorrentino.com\/en\/benessere-animale-animal-welfare","url":"https:\/\/www.salumisorrentino.com\/en\/benessere-animale-animal-welfare","name":"ANIMAL WELFARE - SalumiSorrentino.com","isPartOf":{"@id":"https:\/\/www.salumisorrentino.com\/de\/#website"},"primaryImageOfPage":{"@id":"https:\/\/www.salumisorrentino.com\/en\/benessere-animale-animal-welfare#primaryimage"},"image":{"@id":"https:\/\/www.salumisorrentino.com\/en\/benessere-animale-animal-welfare#primaryimage"},"thumbnailUrl":"https:\/\/www.salumisorrentino.com\/wp-content\/uploads\/2016\/12\/pig-smile-2-1.jpg","datePublished":"2016-12-07T13:03:55+00:00","dateModified":"2017-10-25T10:19:12+00:00","breadcrumb":{"@id":"https:\/\/www.salumisorrentino.com\/en\/benessere-animale-animal-welfare#breadcrumb"},"inLanguage":"de","potentialAction":[{"@type":"ReadAction","target":["https:\/\/www.salumisorrentino.com\/en\/benessere-animale-animal-welfare"]}]},{"@type":"ImageObject","inLanguage":"de","@id":"https:\/\/www.salumisorrentino.com\/en\/benessere-animale-animal-welfare#primaryimage","url":"https:\/\/www.salumisorrentino.com\/wp-content\/uploads\/2016\/12\/pig-smile-2-1.jpg","contentUrl":"https:\/\/www.salumisorrentino.com\/wp-content\/uploads\/2016\/12\/pig-smile-2-1.jpg"},{"@type":"BreadcrumbList","@id":"https:\/\/www.salumisorrentino.com\/en\/benessere-animale-animal-welfare#breadcrumb","itemListElement":[{"@type":"ListItem","position":1,"name":"Home","item":"https:\/\/www.salumisorrentino.com\/"},{"@type":"ListItem","position":2,"name":"ANIMAL WELFARE"}]},{"@type":"WebSite","@id":"https:\/\/www.salumisorrentino.com\/de\/#website","url":"https:\/\/www.salumisorrentino.com\/de\/","name":"SalumiSorrentino.com","description":"Salumificio Sorrentino | Gut zu bei\u00dfen!","publisher":{"@id":"https:\/\/www.salumisorrentino.com\/de\/#organization"},"potentialAction":[{"@type":"SearchAction","target":{"@type":"EntryPoint","urlTemplate":"https:\/\/www.salumisorrentino.com\/de\/?s={search_term_string}"},"query-input":{"@type":"PropertyValueSpecification","valueRequired":true,"valueName":"search_term_string"}}],"inLanguage":"de"},{"@type":"Organization","@id":"https:\/\/www.salumisorrentino.com\/de\/#organization","name":"Salumificio Sorrentino SRL","url":"https:\/\/www.salumisorrentino.com\/de\/","logo":{"@type":"ImageObject","inLanguage":"de","@id":"https:\/\/www.salumisorrentino.com\/de\/#\/schema\/logo\/image\/","url":"https:\/\/www.salumisorrentino.com\/wp-content\/uploads\/2017\/03\/salumisorrentino_logo4.png","contentUrl":"https:\/\/www.salumisorrentino.com\/wp-content\/uploads\/2017\/03\/salumisorrentino_logo4.png","width":237,"height":150,"caption":"Salumificio Sorrentino SRL"},"image":{"@id":"https:\/\/www.salumisorrentino.com\/de\/#\/schema\/logo\/image\/"},"sameAs":["https:\/\/www.facebook.com\/SalumiSorrentino","https:\/\/www.instagram.com\/salumificiosorrentino\/","https:\/\/www.youtube.com\/channel\/UC_gMQgCayZuMysAxrDx4lNA"]}]}},"_links":{"self":[{"href":"https:\/\/www.salumisorrentino.com\/de\/wp-json\/wp\/v2\/pages\/2566","targetHints":{"allow":["GET"]}}],"collection":[{"href":"https:\/\/www.salumisorrentino.com\/de\/wp-json\/wp\/v2\/pages"}],"about":[{"href":"https:\/\/www.salumisorrentino.com\/de\/wp-json\/wp\/v2\/types\/page"}],"author":[{"embeddable":true,"href":"https:\/\/www.salumisorrentino.com\/de\/wp-json\/wp\/v2\/users\/9192193"}],"replies":[{"embeddable":true,"href":"https:\/\/www.salumisorrentino.com\/de\/wp-json\/wp\/v2\/comments?post=2566"}],"version-history":[{"count":5,"href":"https:\/\/www.salumisorrentino.com\/de\/wp-json\/wp\/v2\/pages\/2566\/revisions"}],"predecessor-version":[{"id":4601,"href":"https:\/\/www.salumisorrentino.com\/de\/wp-json\/wp\/v2\/pages\/2566\/revisions\/4601"}],"wp:attachment":[{"href":"https:\/\/www.salumisorrentino.com\/de\/wp-json\/wp\/v2\/media?parent=2566"}],"curies":[{"name":"wp","href":"https:\/\/api.w.org\/{rel}","templated":true}]}}