{"id":195,"date":"2012-08-10T17:03:09","date_gmt":"2012-08-10T15:03:09","guid":{"rendered":"http:\/\/www.salumisorrentino.com\/?page_id=195"},"modified":"2025-12-10T07:39:01","modified_gmt":"2025-12-10T06:39:01","slug":"stabilimento","status":"publish","type":"page","link":"https:\/\/www.salumisorrentino.com\/de\/stabilimento","title":{"rendered":"WERKSGELANDE"},"content":{"rendered":"Der produktive Komplex liegt in Mozzagrogna (Chieti) auf einem Land von mq 56.290 und von den Erscheinen dieser Frentano Hochebene die Senke des Sangro im sch\u00f6nen Panorama der Maiella Einfassung und des adriatischen Meeres (ungef\u00e4hr 7 Kilometer vom Ausgang der Autobahn A14).<\/p>\n<p>Die Au\u00dfenseite des Komplexes wird mit gro\u00dfe Quadrate des Services in einem beatiful gr\u00fcnen Bereich gekennzeichnet; Die Struktur wurde im Respekt der meisten neuen Norm die EWG, mit Heilung die neuesten Technologien mit ausgedehnte researchs von \u00fcber 3 Jahren errichtet. F\u00fcr ein exaktes gew\u00e4hltes zwecks achive geht eine brillant Qualit\u00e4t des Endeproduktes, der Zyklus der Funktion vom Schlachten zum Seasoning und garantiert der punctual Steuerung jeder Phase des produktiven Zyklus. Die St\u00e4lle werden mit allen modernsten L\u00f6sungen f\u00fcr die Annahme und die Heilung des lebendigen Schweins ausger\u00fcstet.<\/p>\n<p>Das schlachtende System, hat ein Gro\u00dfr\u00e4umiges Sammeln und es garantiert, da\u00df die besten technologischen Innovationen Geschenke innen weltweit, alle auffangen, um die Produktion eines in hohem Grade qualitativen Produktes zu bevorzugen. Alle Abst\u00e4nde des Arbeitens (zum Urlaub vom Schlachten) werden definiert, um der Best\u00e4tigung und der Spurhaltung der Produkte in den verschiedenen Schritten der Produktion zu garantieren.<\/p>\n<p>Ein Plan des Betriebes (mq ungef\u00e4hr 4.000.) es wird dem Proze\u00df des Trockners, des Seasoning und des Verpackens der Fertigwaren eingeweiht. Die Versandma\u00dfeinheiten sind f\u00fcr das Frischfleisch und f\u00fcr die getrockneten Produkte unterschiedlich.<\/p>\n<p><img loading=\"lazy\" decoding=\"async\" class=\"alignnone size-full wp-image-2623\" src=\"https:\/\/www.salumisorrentino.com\/wp-content\/uploads\/2012\/08\/our-place.jpg\" alt=\"our-place\" width=\"702\" height=\"704\" srcset=\"https:\/\/www.salumisorrentino.com\/wp-content\/uploads\/2012\/08\/our-place.jpg 702w, https:\/\/www.salumisorrentino.com\/wp-content\/uploads\/2012\/08\/our-place-300x300.jpg 300w, https:\/\/www.salumisorrentino.com\/wp-content\/uploads\/2012\/08\/our-place-100x100.jpg 100w, https:\/\/www.salumisorrentino.com\/wp-content\/uploads\/2012\/08\/our-place-180x180.jpg 180w\" sizes=\"auto, (max-width: 702px) 100vw, 702px\" \/>","protected":false},"excerpt":{"rendered":"<p>Der produktive Komplex liegt in Mozzagrogna (Chieti) auf einem Land von mq 56.290 und von den Erscheinen dieser Frentano Hochebene die Senke des Sangro im sch\u00f6nen Panorama der Maiella Einfassung und des adriatischen Meeres (ungef\u00e4hr 7 Kilometer vom Ausgang der Autobahn A14). Die Au\u00dfenseite des Komplexes wird mit gro\u00dfe Quadrate des Services in einem beatiful<\/p>\n","protected":false},"author":9192193,"featured_media":7967,"parent":0,"menu_order":0,"comment_status":"closed","ping_status":"open","template":"","meta":{"footnotes":""},"class_list":["post-195","page","type-page","status-publish","has-post-thumbnail","hentry","prodpage-style3"],"yoast_head":"<!-- This site is optimized with the Yoast SEO plugin v27.3 - https:\/\/yoast.com\/product\/yoast-seo-wordpress\/ -->\n<title>WERKSGELANDE - SalumiSorrentino.com<\/title>\n<meta name=\"robots\" content=\"index, follow, max-snippet:-1, max-image-preview:large, max-video-preview:-1\" \/>\n<link rel=\"canonical\" href=\"https:\/\/www.salumisorrentino.com\/stabilimento\" \/>\n<meta property=\"og:locale\" content=\"de_DE\" \/>\n<meta property=\"og:type\" content=\"article\" \/>\n<meta property=\"og:title\" content=\"WERKSGELANDE - SalumiSorrentino.com\" \/>\n<meta property=\"og:description\" content=\"Der produktive Komplex liegt in Mozzagrogna (Chieti) auf einem Land von mq 56.290 und von den Erscheinen dieser Frentano Hochebene die Senke des Sangro im sch\u00f6nen Panorama der Maiella Einfassung und des adriatischen Meeres (ungef\u00e4hr 7 Kilometer vom Ausgang der Autobahn A14). Die Au\u00dfenseite des Komplexes wird mit gro\u00dfe Quadrate des Services in einem beatiful\" \/>\n<meta property=\"og:url\" content=\"https:\/\/www.salumisorrentino.com\/stabilimento\" \/>\n<meta property=\"og:site_name\" content=\"SalumiSorrentino.com\" \/>\n<meta property=\"article:publisher\" content=\"https:\/\/www.facebook.com\/SalumiSorrentino\" \/>\n<meta property=\"article:modified_time\" content=\"2025-12-10T06:39:01+00:00\" \/>\n<meta property=\"og:image\" content=\"https:\/\/www.salumisorrentino.com\/wp-content\/uploads\/2012\/08\/stabilimento.jpg\" \/>\n\t<meta property=\"og:image:width\" content=\"800\" \/>\n\t<meta property=\"og:image:height\" content=\"587\" \/>\n\t<meta property=\"og:image:type\" content=\"image\/jpeg\" \/>\n<meta name=\"twitter:card\" content=\"summary_large_image\" \/>\n<meta name=\"twitter:label1\" content=\"Gesch\u00e4tzte Lesezeit\" \/>\n\t<meta name=\"twitter:data1\" content=\"6\u00a0Minuten\" \/>\n<script type=\"application\/ld+json\" class=\"yoast-schema-graph\">{\"@context\":\"https:\\\/\\\/schema.org\",\"@graph\":[{\"@type\":\"WebPage\",\"@id\":\"https:\\\/\\\/www.salumisorrentino.com\\\/stabilimento\",\"url\":\"https:\\\/\\\/www.salumisorrentino.com\\\/stabilimento\",\"name\":\"WERKSGELANDE - SalumiSorrentino.com\",\"isPartOf\":{\"@id\":\"https:\\\/\\\/www.salumisorrentino.com\\\/de\\\/#website\"},\"primaryImageOfPage\":{\"@id\":\"https:\\\/\\\/www.salumisorrentino.com\\\/stabilimento#primaryimage\"},\"image\":{\"@id\":\"https:\\\/\\\/www.salumisorrentino.com\\\/stabilimento#primaryimage\"},\"thumbnailUrl\":\"https:\\\/\\\/www.salumisorrentino.com\\\/wp-content\\\/uploads\\\/2025\\\/12\\\/stabilimento-new.jpg\",\"datePublished\":\"2012-08-10T15:03:09+00:00\",\"dateModified\":\"2025-12-10T06:39:01+00:00\",\"breadcrumb\":{\"@id\":\"https:\\\/\\\/www.salumisorrentino.com\\\/stabilimento#breadcrumb\"},\"inLanguage\":\"de\",\"potentialAction\":[{\"@type\":\"ReadAction\",\"target\":[\"https:\\\/\\\/www.salumisorrentino.com\\\/stabilimento\"]}]},{\"@type\":\"ImageObject\",\"inLanguage\":\"de\",\"@id\":\"https:\\\/\\\/www.salumisorrentino.com\\\/stabilimento#primaryimage\",\"url\":\"https:\\\/\\\/www.salumisorrentino.com\\\/wp-content\\\/uploads\\\/2025\\\/12\\\/stabilimento-new.jpg\",\"contentUrl\":\"https:\\\/\\\/www.salumisorrentino.com\\\/wp-content\\\/uploads\\\/2025\\\/12\\\/stabilimento-new.jpg\",\"width\":1920,\"height\":1080},{\"@type\":\"BreadcrumbList\",\"@id\":\"https:\\\/\\\/www.salumisorrentino.com\\\/stabilimento#breadcrumb\",\"itemListElement\":[{\"@type\":\"ListItem\",\"position\":1,\"name\":\"Home\",\"item\":\"https:\\\/\\\/www.salumisorrentino.com\\\/\"},{\"@type\":\"ListItem\",\"position\":2,\"name\":\"PLANT\"}]},{\"@type\":\"WebSite\",\"@id\":\"https:\\\/\\\/www.salumisorrentino.com\\\/de\\\/#website\",\"url\":\"https:\\\/\\\/www.salumisorrentino.com\\\/de\\\/\",\"name\":\"SalumiSorrentino.com\",\"description\":\"Salumificio Sorrentino | Gut zu bei\u00dfen!\",\"publisher\":{\"@id\":\"https:\\\/\\\/www.salumisorrentino.com\\\/de\\\/#organization\"},\"potentialAction\":[{\"@type\":\"SearchAction\",\"target\":{\"@type\":\"EntryPoint\",\"urlTemplate\":\"https:\\\/\\\/www.salumisorrentino.com\\\/de\\\/?s={search_term_string}\"},\"query-input\":{\"@type\":\"PropertyValueSpecification\",\"valueRequired\":true,\"valueName\":\"search_term_string\"}}],\"inLanguage\":\"de\"},{\"@type\":\"Organization\",\"@id\":\"https:\\\/\\\/www.salumisorrentino.com\\\/de\\\/#organization\",\"name\":\"Salumificio Sorrentino SRL\",\"url\":\"https:\\\/\\\/www.salumisorrentino.com\\\/de\\\/\",\"logo\":{\"@type\":\"ImageObject\",\"inLanguage\":\"de\",\"@id\":\"https:\\\/\\\/www.salumisorrentino.com\\\/de\\\/#\\\/schema\\\/logo\\\/image\\\/\",\"url\":\"https:\\\/\\\/www.salumisorrentino.com\\\/wp-content\\\/uploads\\\/2017\\\/03\\\/salumisorrentino_logo4.png\",\"contentUrl\":\"https:\\\/\\\/www.salumisorrentino.com\\\/wp-content\\\/uploads\\\/2017\\\/03\\\/salumisorrentino_logo4.png\",\"width\":237,\"height\":150,\"caption\":\"Salumificio Sorrentino SRL\"},\"image\":{\"@id\":\"https:\\\/\\\/www.salumisorrentino.com\\\/de\\\/#\\\/schema\\\/logo\\\/image\\\/\"},\"sameAs\":[\"https:\\\/\\\/www.facebook.com\\\/SalumiSorrentino\",\"https:\\\/\\\/www.instagram.com\\\/salumificiosorrentino\\\/\",\"https:\\\/\\\/www.youtube.com\\\/channel\\\/UC_gMQgCayZuMysAxrDx4lNA\"]}]}<\/script>\n<!-- \/ Yoast SEO plugin. -->","yoast_head_json":{"title":"WERKSGELANDE - SalumiSorrentino.com","robots":{"index":"index","follow":"follow","max-snippet":"max-snippet:-1","max-image-preview":"max-image-preview:large","max-video-preview":"max-video-preview:-1"},"canonical":"https:\/\/www.salumisorrentino.com\/stabilimento","og_locale":"de_DE","og_type":"article","og_title":"WERKSGELANDE - SalumiSorrentino.com","og_description":"Der produktive Komplex liegt in Mozzagrogna (Chieti) auf einem Land von mq 56.290 und von den Erscheinen dieser Frentano Hochebene die Senke des Sangro im sch\u00f6nen Panorama der Maiella Einfassung und des adriatischen Meeres (ungef\u00e4hr 7 Kilometer vom Ausgang der Autobahn A14). Die Au\u00dfenseite des Komplexes wird mit gro\u00dfe Quadrate des Services in einem beatiful","og_url":"https:\/\/www.salumisorrentino.com\/stabilimento","og_site_name":"SalumiSorrentino.com","article_publisher":"https:\/\/www.facebook.com\/SalumiSorrentino","article_modified_time":"2025-12-10T06:39:01+00:00","og_image":[{"width":800,"height":587,"url":"https:\/\/www.salumisorrentino.com\/wp-content\/uploads\/2012\/08\/stabilimento.jpg","type":"image\/jpeg"}],"twitter_card":"summary_large_image","twitter_misc":{"Gesch\u00e4tzte Lesezeit":"6\u00a0Minuten"},"schema":{"@context":"https:\/\/schema.org","@graph":[{"@type":"WebPage","@id":"https:\/\/www.salumisorrentino.com\/stabilimento","url":"https:\/\/www.salumisorrentino.com\/stabilimento","name":"WERKSGELANDE - SalumiSorrentino.com","isPartOf":{"@id":"https:\/\/www.salumisorrentino.com\/de\/#website"},"primaryImageOfPage":{"@id":"https:\/\/www.salumisorrentino.com\/stabilimento#primaryimage"},"image":{"@id":"https:\/\/www.salumisorrentino.com\/stabilimento#primaryimage"},"thumbnailUrl":"https:\/\/www.salumisorrentino.com\/wp-content\/uploads\/2025\/12\/stabilimento-new.jpg","datePublished":"2012-08-10T15:03:09+00:00","dateModified":"2025-12-10T06:39:01+00:00","breadcrumb":{"@id":"https:\/\/www.salumisorrentino.com\/stabilimento#breadcrumb"},"inLanguage":"de","potentialAction":[{"@type":"ReadAction","target":["https:\/\/www.salumisorrentino.com\/stabilimento"]}]},{"@type":"ImageObject","inLanguage":"de","@id":"https:\/\/www.salumisorrentino.com\/stabilimento#primaryimage","url":"https:\/\/www.salumisorrentino.com\/wp-content\/uploads\/2025\/12\/stabilimento-new.jpg","contentUrl":"https:\/\/www.salumisorrentino.com\/wp-content\/uploads\/2025\/12\/stabilimento-new.jpg","width":1920,"height":1080},{"@type":"BreadcrumbList","@id":"https:\/\/www.salumisorrentino.com\/stabilimento#breadcrumb","itemListElement":[{"@type":"ListItem","position":1,"name":"Home","item":"https:\/\/www.salumisorrentino.com\/"},{"@type":"ListItem","position":2,"name":"PLANT"}]},{"@type":"WebSite","@id":"https:\/\/www.salumisorrentino.com\/de\/#website","url":"https:\/\/www.salumisorrentino.com\/de\/","name":"SalumiSorrentino.com","description":"Salumificio Sorrentino | Gut zu bei\u00dfen!","publisher":{"@id":"https:\/\/www.salumisorrentino.com\/de\/#organization"},"potentialAction":[{"@type":"SearchAction","target":{"@type":"EntryPoint","urlTemplate":"https:\/\/www.salumisorrentino.com\/de\/?s={search_term_string}"},"query-input":{"@type":"PropertyValueSpecification","valueRequired":true,"valueName":"search_term_string"}}],"inLanguage":"de"},{"@type":"Organization","@id":"https:\/\/www.salumisorrentino.com\/de\/#organization","name":"Salumificio Sorrentino SRL","url":"https:\/\/www.salumisorrentino.com\/de\/","logo":{"@type":"ImageObject","inLanguage":"de","@id":"https:\/\/www.salumisorrentino.com\/de\/#\/schema\/logo\/image\/","url":"https:\/\/www.salumisorrentino.com\/wp-content\/uploads\/2017\/03\/salumisorrentino_logo4.png","contentUrl":"https:\/\/www.salumisorrentino.com\/wp-content\/uploads\/2017\/03\/salumisorrentino_logo4.png","width":237,"height":150,"caption":"Salumificio Sorrentino SRL"},"image":{"@id":"https:\/\/www.salumisorrentino.com\/de\/#\/schema\/logo\/image\/"},"sameAs":["https:\/\/www.facebook.com\/SalumiSorrentino","https:\/\/www.instagram.com\/salumificiosorrentino\/","https:\/\/www.youtube.com\/channel\/UC_gMQgCayZuMysAxrDx4lNA"]}]}},"_links":{"self":[{"href":"https:\/\/www.salumisorrentino.com\/de\/wp-json\/wp\/v2\/pages\/195","targetHints":{"allow":["GET"]}}],"collection":[{"href":"https:\/\/www.salumisorrentino.com\/de\/wp-json\/wp\/v2\/pages"}],"about":[{"href":"https:\/\/www.salumisorrentino.com\/de\/wp-json\/wp\/v2\/types\/page"}],"author":[{"embeddable":true,"href":"https:\/\/www.salumisorrentino.com\/de\/wp-json\/wp\/v2\/users\/9192193"}],"replies":[{"embeddable":true,"href":"https:\/\/www.salumisorrentino.com\/de\/wp-json\/wp\/v2\/comments?post=195"}],"version-history":[{"count":8,"href":"https:\/\/www.salumisorrentino.com\/de\/wp-json\/wp\/v2\/pages\/195\/revisions"}],"predecessor-version":[{"id":7969,"href":"https:\/\/www.salumisorrentino.com\/de\/wp-json\/wp\/v2\/pages\/195\/revisions\/7969"}],"wp:featuredmedia":[{"embeddable":true,"href":"https:\/\/www.salumisorrentino.com\/de\/wp-json\/wp\/v2\/media\/7967"}],"wp:attachment":[{"href":"https:\/\/www.salumisorrentino.com\/de\/wp-json\/wp\/v2\/media?parent=195"}],"curies":[{"name":"wp","href":"https:\/\/api.w.org\/{rel}","templated":true}]}}