{"id":1044,"date":"2013-06-18T16:51:19","date_gmt":"2013-06-18T14:51:19","guid":{"rendered":"http:\/\/www.salumisorrentino.com\/?page_id=1044"},"modified":"2021-01-18T09:12:15","modified_gmt":"2021-01-18T08:12:15","slug":"certificazioni","status":"publish","type":"page","link":"https:\/\/www.salumisorrentino.com\/de\/certificazioni","title":{"rendered":"ZERTIFIZIERUNGEN"},"content":{"rendered":"Salumificio Sorrentino ist zertifiziert nach BRC- und IFS-Standard. Diese Zertifizierungen belegen das Engagement f\u00fcr Sicherheit, Qualit\u00e4t und die Einhaltung der Vorschriften f\u00fcr den Lebensmittelsektor. F\u00fcr weitere Informationen qualita@salumisorrentino.com<\/p>\n<p align=\"justify\">\u00a0\u00a0 <a href=\"https:\/\/www.salumisorrentino.com\/wp-content\/uploads\/2020\/08\/logo-brc.jpg\"><img loading=\"lazy\" decoding=\"async\" class=\"aligncenter size-medium wp-image-5640\" src=\"https:\/\/www.salumisorrentino.com\/wp-content\/uploads\/2020\/08\/logo-brc-300x226.jpg\" alt=\"\" width=\"300\" height=\"226\" srcset=\"https:\/\/www.salumisorrentino.com\/wp-content\/uploads\/2020\/08\/logo-brc-300x226.jpg 300w, https:\/\/www.salumisorrentino.com\/wp-content\/uploads\/2020\/08\/logo-brc-249x187.jpg 249w, https:\/\/www.salumisorrentino.com\/wp-content\/uploads\/2020\/08\/logo-brc.jpg 598w\" sizes=\"auto, (max-width: 300px) 100vw, 300px\" \/><\/a>\u00a0\u00a0\u00a0<span id=\"result_box\" class=\"\" lang=\"de\"><\/span><\/p>\n<p align=\"justify\"><a href=\"https:\/\/www.salumisorrentino.com\/wp-content\/uploads\/2020\/08\/certificazione-alimentare-ifs-food.jpg\"><img loading=\"lazy\" decoding=\"async\" class=\"aligncenter size-medium wp-image-5642\" src=\"https:\/\/www.salumisorrentino.com\/wp-content\/uploads\/2020\/08\/certificazione-alimentare-ifs-food-300x200.jpg\" alt=\"\" width=\"300\" height=\"200\" srcset=\"https:\/\/www.salumisorrentino.com\/wp-content\/uploads\/2020\/08\/certificazione-alimentare-ifs-food-300x200.jpg 300w, https:\/\/www.salumisorrentino.com\/wp-content\/uploads\/2020\/08\/certificazione-alimentare-ifs-food-768x512.jpg 768w, https:\/\/www.salumisorrentino.com\/wp-content\/uploads\/2020\/08\/certificazione-alimentare-ifs-food-280x187.jpg 280w, https:\/\/www.salumisorrentino.com\/wp-content\/uploads\/2020\/08\/certificazione-alimentare-ifs-food.jpg 800w\" sizes=\"auto, (max-width: 300px) 100vw, 300px\" \/><\/a><\/p>","protected":false},"excerpt":{"rendered":"<p>Salumificio Sorrentino ist zertifiziert nach BRC- und IFS-Standard. Diese Zertifizierungen belegen das Engagement f\u00fcr Sicherheit, Qualit\u00e4t und die Einhaltung der Vorschriften f\u00fcr den Lebensmittelsektor. F\u00fcr weitere Informationen qualita@salumisorrentino.com \u00a0\u00a0 \u00a0\u00a0\u00a0<\/p>\n","protected":false},"author":9192193,"featured_media":0,"parent":0,"menu_order":0,"comment_status":"closed","ping_status":"open","template":"","meta":{"footnotes":""},"class_list":["post-1044","page","type-page","status-publish","hentry","prodpage-style3"],"yoast_head":"<!-- This site is optimized with the Yoast SEO plugin v27.3 - https:\/\/yoast.com\/product\/yoast-seo-wordpress\/ -->\n<title>ZERTIFIZIERUNGEN - SalumiSorrentino.com<\/title>\n<meta name=\"robots\" content=\"index, follow, max-snippet:-1, max-image-preview:large, max-video-preview:-1\" \/>\n<link rel=\"canonical\" href=\"https:\/\/www.salumisorrentino.com\/certificazioni\" \/>\n<meta property=\"og:locale\" content=\"de_DE\" \/>\n<meta property=\"og:type\" content=\"article\" \/>\n<meta property=\"og:title\" content=\"ZERTIFIZIERUNGEN - SalumiSorrentino.com\" \/>\n<meta property=\"og:description\" content=\"Salumificio Sorrentino ist zertifiziert nach BRC- und IFS-Standard. Diese Zertifizierungen belegen das Engagement f\u00fcr Sicherheit, Qualit\u00e4t und die Einhaltung der Vorschriften f\u00fcr den Lebensmittelsektor. F\u00fcr weitere Informationen qualita@salumisorrentino.com \u00a0\u00a0 \u00a0\u00a0\u00a0\" \/>\n<meta property=\"og:url\" content=\"https:\/\/www.salumisorrentino.com\/certificazioni\" \/>\n<meta property=\"og:site_name\" content=\"SalumiSorrentino.com\" \/>\n<meta property=\"article:publisher\" content=\"https:\/\/www.facebook.com\/SalumiSorrentino\" \/>\n<meta property=\"article:modified_time\" content=\"2021-01-18T08:12:15+00:00\" \/>\n<meta property=\"og:image\" content=\"https:\/\/www.salumisorrentino.com\/wp-content\/uploads\/2020\/08\/logo-brc-300x226.jpg\" \/>\n<meta name=\"twitter:card\" content=\"summary_large_image\" \/>\n<meta name=\"twitter:label1\" content=\"Gesch\u00e4tzte Lesezeit\" \/>\n\t<meta name=\"twitter:data1\" content=\"1\u00a0Minute\" \/>\n<script type=\"application\/ld+json\" class=\"yoast-schema-graph\">{\"@context\":\"https:\\\/\\\/schema.org\",\"@graph\":[{\"@type\":\"WebPage\",\"@id\":\"https:\\\/\\\/www.salumisorrentino.com\\\/certificazioni\",\"url\":\"https:\\\/\\\/www.salumisorrentino.com\\\/certificazioni\",\"name\":\"ZERTIFIZIERUNGEN - SalumiSorrentino.com\",\"isPartOf\":{\"@id\":\"https:\\\/\\\/www.salumisorrentino.com\\\/de\\\/#website\"},\"primaryImageOfPage\":{\"@id\":\"https:\\\/\\\/www.salumisorrentino.com\\\/certificazioni#primaryimage\"},\"image\":{\"@id\":\"https:\\\/\\\/www.salumisorrentino.com\\\/certificazioni#primaryimage\"},\"thumbnailUrl\":\"https:\\\/\\\/www.salumisorrentino.com\\\/wp-content\\\/uploads\\\/2020\\\/08\\\/logo-brc-300x226.jpg\",\"datePublished\":\"2013-06-18T14:51:19+00:00\",\"dateModified\":\"2021-01-18T08:12:15+00:00\",\"breadcrumb\":{\"@id\":\"https:\\\/\\\/www.salumisorrentino.com\\\/certificazioni#breadcrumb\"},\"inLanguage\":\"de\",\"potentialAction\":[{\"@type\":\"ReadAction\",\"target\":[\"https:\\\/\\\/www.salumisorrentino.com\\\/certificazioni\"]}]},{\"@type\":\"ImageObject\",\"inLanguage\":\"de\",\"@id\":\"https:\\\/\\\/www.salumisorrentino.com\\\/certificazioni#primaryimage\",\"url\":\"https:\\\/\\\/www.salumisorrentino.com\\\/wp-content\\\/uploads\\\/2020\\\/08\\\/logo-brc-300x226.jpg\",\"contentUrl\":\"https:\\\/\\\/www.salumisorrentino.com\\\/wp-content\\\/uploads\\\/2020\\\/08\\\/logo-brc-300x226.jpg\"},{\"@type\":\"BreadcrumbList\",\"@id\":\"https:\\\/\\\/www.salumisorrentino.com\\\/certificazioni#breadcrumb\",\"itemListElement\":[{\"@type\":\"ListItem\",\"position\":1,\"name\":\"Home\",\"item\":\"https:\\\/\\\/www.salumisorrentino.com\\\/\"},{\"@type\":\"ListItem\",\"position\":2,\"name\":\"CERTIFICAZIONI\"}]},{\"@type\":\"WebSite\",\"@id\":\"https:\\\/\\\/www.salumisorrentino.com\\\/de\\\/#website\",\"url\":\"https:\\\/\\\/www.salumisorrentino.com\\\/de\\\/\",\"name\":\"SalumiSorrentino.com\",\"description\":\"Salumificio Sorrentino | Gut zu bei\u00dfen!\",\"publisher\":{\"@id\":\"https:\\\/\\\/www.salumisorrentino.com\\\/de\\\/#organization\"},\"potentialAction\":[{\"@type\":\"SearchAction\",\"target\":{\"@type\":\"EntryPoint\",\"urlTemplate\":\"https:\\\/\\\/www.salumisorrentino.com\\\/de\\\/?s={search_term_string}\"},\"query-input\":{\"@type\":\"PropertyValueSpecification\",\"valueRequired\":true,\"valueName\":\"search_term_string\"}}],\"inLanguage\":\"de\"},{\"@type\":\"Organization\",\"@id\":\"https:\\\/\\\/www.salumisorrentino.com\\\/de\\\/#organization\",\"name\":\"Salumificio Sorrentino SRL\",\"url\":\"https:\\\/\\\/www.salumisorrentino.com\\\/de\\\/\",\"logo\":{\"@type\":\"ImageObject\",\"inLanguage\":\"de\",\"@id\":\"https:\\\/\\\/www.salumisorrentino.com\\\/de\\\/#\\\/schema\\\/logo\\\/image\\\/\",\"url\":\"https:\\\/\\\/www.salumisorrentino.com\\\/wp-content\\\/uploads\\\/2017\\\/03\\\/salumisorrentino_logo4.png\",\"contentUrl\":\"https:\\\/\\\/www.salumisorrentino.com\\\/wp-content\\\/uploads\\\/2017\\\/03\\\/salumisorrentino_logo4.png\",\"width\":237,\"height\":150,\"caption\":\"Salumificio Sorrentino SRL\"},\"image\":{\"@id\":\"https:\\\/\\\/www.salumisorrentino.com\\\/de\\\/#\\\/schema\\\/logo\\\/image\\\/\"},\"sameAs\":[\"https:\\\/\\\/www.facebook.com\\\/SalumiSorrentino\",\"https:\\\/\\\/www.instagram.com\\\/salumificiosorrentino\\\/\",\"https:\\\/\\\/www.youtube.com\\\/channel\\\/UC_gMQgCayZuMysAxrDx4lNA\"]}]}<\/script>\n<!-- \/ Yoast SEO plugin. -->","yoast_head_json":{"title":"ZERTIFIZIERUNGEN - SalumiSorrentino.com","robots":{"index":"index","follow":"follow","max-snippet":"max-snippet:-1","max-image-preview":"max-image-preview:large","max-video-preview":"max-video-preview:-1"},"canonical":"https:\/\/www.salumisorrentino.com\/certificazioni","og_locale":"de_DE","og_type":"article","og_title":"ZERTIFIZIERUNGEN - SalumiSorrentino.com","og_description":"Salumificio Sorrentino ist zertifiziert nach BRC- und IFS-Standard. Diese Zertifizierungen belegen das Engagement f\u00fcr Sicherheit, Qualit\u00e4t und die Einhaltung der Vorschriften f\u00fcr den Lebensmittelsektor. F\u00fcr weitere Informationen qualita@salumisorrentino.com \u00a0\u00a0 \u00a0\u00a0\u00a0","og_url":"https:\/\/www.salumisorrentino.com\/certificazioni","og_site_name":"SalumiSorrentino.com","article_publisher":"https:\/\/www.facebook.com\/SalumiSorrentino","article_modified_time":"2021-01-18T08:12:15+00:00","og_image":[{"url":"https:\/\/www.salumisorrentino.com\/wp-content\/uploads\/2020\/08\/logo-brc-300x226.jpg","type":"","width":"","height":""}],"twitter_card":"summary_large_image","twitter_misc":{"Gesch\u00e4tzte Lesezeit":"1\u00a0Minute"},"schema":{"@context":"https:\/\/schema.org","@graph":[{"@type":"WebPage","@id":"https:\/\/www.salumisorrentino.com\/certificazioni","url":"https:\/\/www.salumisorrentino.com\/certificazioni","name":"ZERTIFIZIERUNGEN - SalumiSorrentino.com","isPartOf":{"@id":"https:\/\/www.salumisorrentino.com\/de\/#website"},"primaryImageOfPage":{"@id":"https:\/\/www.salumisorrentino.com\/certificazioni#primaryimage"},"image":{"@id":"https:\/\/www.salumisorrentino.com\/certificazioni#primaryimage"},"thumbnailUrl":"https:\/\/www.salumisorrentino.com\/wp-content\/uploads\/2020\/08\/logo-brc-300x226.jpg","datePublished":"2013-06-18T14:51:19+00:00","dateModified":"2021-01-18T08:12:15+00:00","breadcrumb":{"@id":"https:\/\/www.salumisorrentino.com\/certificazioni#breadcrumb"},"inLanguage":"de","potentialAction":[{"@type":"ReadAction","target":["https:\/\/www.salumisorrentino.com\/certificazioni"]}]},{"@type":"ImageObject","inLanguage":"de","@id":"https:\/\/www.salumisorrentino.com\/certificazioni#primaryimage","url":"https:\/\/www.salumisorrentino.com\/wp-content\/uploads\/2020\/08\/logo-brc-300x226.jpg","contentUrl":"https:\/\/www.salumisorrentino.com\/wp-content\/uploads\/2020\/08\/logo-brc-300x226.jpg"},{"@type":"BreadcrumbList","@id":"https:\/\/www.salumisorrentino.com\/certificazioni#breadcrumb","itemListElement":[{"@type":"ListItem","position":1,"name":"Home","item":"https:\/\/www.salumisorrentino.com\/"},{"@type":"ListItem","position":2,"name":"CERTIFICAZIONI"}]},{"@type":"WebSite","@id":"https:\/\/www.salumisorrentino.com\/de\/#website","url":"https:\/\/www.salumisorrentino.com\/de\/","name":"SalumiSorrentino.com","description":"Salumificio Sorrentino | Gut zu bei\u00dfen!","publisher":{"@id":"https:\/\/www.salumisorrentino.com\/de\/#organization"},"potentialAction":[{"@type":"SearchAction","target":{"@type":"EntryPoint","urlTemplate":"https:\/\/www.salumisorrentino.com\/de\/?s={search_term_string}"},"query-input":{"@type":"PropertyValueSpecification","valueRequired":true,"valueName":"search_term_string"}}],"inLanguage":"de"},{"@type":"Organization","@id":"https:\/\/www.salumisorrentino.com\/de\/#organization","name":"Salumificio Sorrentino SRL","url":"https:\/\/www.salumisorrentino.com\/de\/","logo":{"@type":"ImageObject","inLanguage":"de","@id":"https:\/\/www.salumisorrentino.com\/de\/#\/schema\/logo\/image\/","url":"https:\/\/www.salumisorrentino.com\/wp-content\/uploads\/2017\/03\/salumisorrentino_logo4.png","contentUrl":"https:\/\/www.salumisorrentino.com\/wp-content\/uploads\/2017\/03\/salumisorrentino_logo4.png","width":237,"height":150,"caption":"Salumificio Sorrentino SRL"},"image":{"@id":"https:\/\/www.salumisorrentino.com\/de\/#\/schema\/logo\/image\/"},"sameAs":["https:\/\/www.facebook.com\/SalumiSorrentino","https:\/\/www.instagram.com\/salumificiosorrentino\/","https:\/\/www.youtube.com\/channel\/UC_gMQgCayZuMysAxrDx4lNA"]}]}},"_links":{"self":[{"href":"https:\/\/www.salumisorrentino.com\/de\/wp-json\/wp\/v2\/pages\/1044","targetHints":{"allow":["GET"]}}],"collection":[{"href":"https:\/\/www.salumisorrentino.com\/de\/wp-json\/wp\/v2\/pages"}],"about":[{"href":"https:\/\/www.salumisorrentino.com\/de\/wp-json\/wp\/v2\/types\/page"}],"author":[{"embeddable":true,"href":"https:\/\/www.salumisorrentino.com\/de\/wp-json\/wp\/v2\/users\/9192193"}],"replies":[{"embeddable":true,"href":"https:\/\/www.salumisorrentino.com\/de\/wp-json\/wp\/v2\/comments?post=1044"}],"version-history":[{"count":12,"href":"https:\/\/www.salumisorrentino.com\/de\/wp-json\/wp\/v2\/pages\/1044\/revisions"}],"predecessor-version":[{"id":6270,"href":"https:\/\/www.salumisorrentino.com\/de\/wp-json\/wp\/v2\/pages\/1044\/revisions\/6270"}],"wp:attachment":[{"href":"https:\/\/www.salumisorrentino.com\/de\/wp-json\/wp\/v2\/media?parent=1044"}],"curies":[{"name":"wp","href":"https:\/\/api.w.org\/{rel}","templated":true}]}}